{"id":12571,"date":"2024-06-06T08:39:22","date_gmt":"2024-06-06T05:39:22","guid":{"rendered":"https:\/\/jonglezpublishing.com\/?post_type=product&#038;p=12571"},"modified":"2024-06-10T09:01:05","modified_gmt":"2024-06-10T06:01:05","slug":"destination-bien-etre-nos-35-meilleures-adresses-dans-le-monde-pour-faire-une-pause","status":"publish","type":"product","link":"https:\/\/jonglezpublishing.com\/fr\/produit\/destination-bien-etre-nos-35-meilleures-adresses-dans-le-monde-pour-faire-une-pause\/","title":{"rendered":"DESTINATION BIEN-\u00caTRE &#8211; NOS 35 MEILLEURES ADRESSES DANS LE MONDE POUR FAIRE UNE PAUSE"},"content":{"rendered":"<p>Vous avez besoin de faire une vraie pause, mais vous ne savez pas o\u00f9 partir ? Vous r\u00eavez de mixer d\u00e9paysement culturel et s\u00e9jour bien-\u00eatre ? Vous cherchez un centre holistique qui sort des sentiers battus (ou ne vous co\u00fbte pas une fortune)? Vous tenez entre les mains le guide qu\u2019il vous faut : d\u00e9couvrez notre s\u00e9lection des 35 meilleures destinations bien-\u00eatre dans le monde, pour tous les styles et tous les budgets. Une retraite de yoga sur une \u00eele priv\u00e9e en Gr\u00e8ce, une semaine ayurv\u00e9dique en Normandie, un stage de breathwork au Costa Rica, un s\u00e9jour d\u00e9tox sous le soleil d\u2019Italie ou d\u2019Arizona, une cure panchakarma au Sri Lanka ou l\u2019isolement d\u2019une \u00eele-spa aux Maldives&#8230; Des adresses dont on revient plus sain, plus fort, plus soi. Bon voyage (int\u00e9rieur).<\/p>\n<p>&nbsp;<\/p>\n<p><span class=\"s1\"><b>AUTEUR :<\/b>\u00c9milie \u00a0Veyretout<\/span><br \/>\n<span class=\"s1\"><b>PAGES <\/b>: 288<br \/>\n<b>ISBN <\/b>: 978-2-36195-769-8<\/span><br \/>\n<span class=\"s1\"><b>PRIX <\/b>: 2 4 , 9 5 \u20ac<br \/>\n<strong>FORMAT :<\/strong> \u00a0190 x 240mm<br \/>\n<\/span><span class=\"s1\"><b>CONTACT <\/b>: <a href=\"mailto:info@editionsjonglez.com?subject=\"><span class=\"s2\">info@editionsjonglez.com<\/span><\/a><\/span><\/p>\n<div class=\"buttons_cont\">\n<div align=\"center\"><\/div>\n<div class=\"button_cont\" align=\"center\"><a class=\"gv_product_btn\" href=\"https:\/\/jonglezpublishing.com\/wp-content\/uploads\/2024\/06\/Couv-Wellness-FR_RVB-scaled.jpg\" target=\"_blank\" rel=\"noopener\">T\u00e9l\u00e9charger la couverture<\/a><\/div>\n<div class=\"button_cont\" align=\"center\"><a class=\"gv_product_btn\" href=\"https:\/\/jonglezpublishing.com\/wp-content\/uploads\/2024\/06\/Extrait_WELLNESS_FR.pdf\" target=\"_blank\" rel=\"noopener\">Consulter le PDF<\/a><\/div>\n<div class=\"button_cont\" align=\"center\">\n<div class=\"button_cont\" align=\"center\"><a class=\"gv_product_btn\" href=\"https:\/\/www.fnac.com\/a19912809\/Emilie-Veyretout-Destination-bien-etre-Nos-35-meilleures-adresses-dans-le-monde-pour-faire-une-pause\" target=\"_blank\" rel=\"noopener\">Acheter en ligne<\/a><\/div>\n<\/div>\n<\/div>\n","protected":false},"excerpt":{"rendered":"<p>Vous avez besoin de faire une vraie pause, mais vous ne savez pas o\u00f9 partir ? Vous r\u00eavez de mixer<\/p>\n","protected":false},"featured_media":12774,"template":"","meta":[],"product_brand":[],"product_cat":[442,165,292],"product_tag":[],"class_list":{"0":"post-12571","1":"product","2":"type-product","3":"status-publish","4":"has-post-thumbnail","6":"product_cat-beaux-livres","7":"product_cat-english-fr","8":"product_cat-french-fr","10":"first","11":"instock","12":"shipping-taxable","13":"product-type-simple"},"aioseo_notices":[],"_links":{"self":[{"href":"https:\/\/jonglezpublishing.com\/fr\/wp-json\/wp\/v2\/product\/12571","targetHints":{"allow":["GET"]}}],"collection":[{"href":"https:\/\/jonglezpublishing.com\/fr\/wp-json\/wp\/v2\/product"}],"about":[{"href":"https:\/\/jonglezpublishing.com\/fr\/wp-json\/wp\/v2\/types\/product"}],"wp:featuredmedia":[{"embeddable":true,"href":"https:\/\/jonglezpublishing.com\/fr\/wp-json\/wp\/v2\/media\/12774"}],"wp:attachment":[{"href":"https:\/\/jonglezpublishing.com\/fr\/wp-json\/wp\/v2\/media?parent=12571"}],"wp:term":[{"taxonomy":"product_brand","embeddable":true,"href":"https:\/\/jonglezpublishing.com\/fr\/wp-json\/wp\/v2\/product_brand?post=12571"},{"taxonomy":"product_cat","embeddable":true,"href":"https:\/\/jonglezpublishing.com\/fr\/wp-json\/wp\/v2\/product_cat?post=12571"},{"taxonomy":"product_tag","embeddable":true,"href":"https:\/\/jonglezpublishing.com\/fr\/wp-json\/wp\/v2\/product_tag?post=12571"}],"curies":[{"name":"wp","href":"https:\/\/api.w.org\/{rel}","templated":true}]}}