{"id":12724,"date":"2024-06-10T07:20:21","date_gmt":"2024-06-10T04:20:21","guid":{"rendered":"https:\/\/jonglezpublishing.com\/?post_type=product&#038;p=12724"},"modified":"2024-06-10T08:45:08","modified_gmt":"2024-06-10T05:45:08","slug":"bretagne-nord-insolite-et-secrete","status":"publish","type":"product","link":"https:\/\/jonglezpublishing.com\/fr\/produit\/bretagne-nord-insolite-et-secrete\/","title":{"rendered":"BRETAGNE NORD INSOLITE ET SECR\u00c8TE"},"content":{"rendered":"<p>Participez au championnat du monde de lancer de menhir, apprenez pourquoi un saint breton est au c\u0153ur du myst\u00e8re de la dynastie m\u00e9rovingienne, admirez les motifs des jeux de cartes sur la cath\u00e9drale de Tr\u00e9guier, financ\u00e9e gr\u00e2ce \u00e0 un imp\u00f4t sur le jeu, passez les cha\u00eenes de saint L\u00e9onard \u00e0 votre enfant pour lui apprendre \u00e0 marcher, d\u00e9couvrez comment les Templiers ont h\u00e9rit\u00e9 des traditions celtes les plus secr\u00e8tes, marchez dans un village englouti sous un lac que l\u2019on vide tous les 10 ans, d\u00e9couvrez ce qu\u2019est un clocher tors, percez les secrets du grimoire magique de M\u00e9rode \u00e0 Rennes, assistez \u00e0 une course de chevaux dans un hippodrome \u00e9ph\u00e9m\u00e8re qui sert deux jours par an&#8230;<\/p>\n<p>Terre de l\u00e9gendes et de myst\u00e8res, la Bretagne regorge de lieux insolites et secrets o\u00f9 la magie et le fantastique ne semblent pas si loin de la r\u00e9alit\u00e9, et qui ne se r\u00e9v\u00e8lent qu\u2019aux habitants et voyageurs qui savent sortir des sentiers battus.<\/p>\n<p>Un guide indispensable pour ceux qui pensaient bien conna\u00eetre la Bretagne Nord ou pour ceux qui souhaitent d\u00e9couvrir l\u2019autre visage de la r\u00e9gion.<\/p>\n<p>&nbsp;<\/p>\n<p class=\"p1\"><span class=\"s1\"><b>AUTEUR <\/b>: Karine Baudot, Nausicaa Coatan\u00e9a, Nathalie le Bellec et Yannick Sohier<br \/>\n<\/span><span class=\"s1\"><strong>\u00c9DITION<\/strong>: 04<br \/>\n<\/span><span class=\"s1\"><b>PAGES : <\/b>240<br \/>\n<\/span><span class=\"s1\"><b>FORMAT <\/b>: 10.5 x 19 cm<br \/>\n<\/span><span class=\"s1\"><b>ISBN <\/b>: 978-2-36195-647-9<\/span><br \/>\n<span class=\"s1\"><b>PRIX <\/b>: 18,95 \u20ac <\/span>prix valable en France<br \/>\n<span class=\"s1\"><b>CONTACT <\/b>: <a href=\"mailto:info@editionsjonglez.com\">info@editionsjonglez.com<\/a><\/span><\/p>\n<div class=\"buttons_cont\">\n<div align=\"center\"><\/div>\n<div class=\"button_cont\" align=\"center\"><a class=\"gv_product_btn\" href=\"https:\/\/jonglezpublishing.com\/wp-content\/uploads\/2024\/06\/NEW_couv_Bretagne_RVB-scaled.jpg\" target=\"_blank\" rel=\"noopener\">T\u00e9l\u00e9charger la couverture<\/a><\/div>\n<div class=\"button_cont\" align=\"center\"><a class=\"gv_product_btn\" href=\"https:\/\/jonglezpublishing.com\/wp-content\/uploads\/2024\/06\/Extrait-PDF-Bretagne.pdf\" target=\"_blank\" rel=\"noopener\">Consulter le PDF<\/a><\/div>\n<div class=\"button_cont\" align=\"center\"><a class=\"gv_product_btn\" href=\"https:\/\/www.fnac.com\/a17951755\/Karine-Baudot-Bretagne-Nord-insolite-et-secrete\" target=\"_blank\" rel=\"noopener\">Acheter en ligne<\/a><\/div>\n<\/div>\n","protected":false},"excerpt":{"rendered":"<p>Participez au championnat du monde de lancer de menhir, apprenez pourquoi un saint breton est au c\u0153ur du myst\u00e8re de<\/p>\n","protected":false},"featured_media":12758,"template":"","meta":[],"product_brand":[],"product_cat":[292,420],"product_tag":[],"class_list":{"0":"post-12724","1":"product","2":"type-product","3":"status-publish","4":"has-post-thumbnail","6":"product_cat-french-fr","7":"product_cat-guides-insolites","9":"first","10":"instock","11":"shipping-taxable","12":"product-type-simple"},"aioseo_notices":[],"_links":{"self":[{"href":"https:\/\/jonglezpublishing.com\/fr\/wp-json\/wp\/v2\/product\/12724","targetHints":{"allow":["GET"]}}],"collection":[{"href":"https:\/\/jonglezpublishing.com\/fr\/wp-json\/wp\/v2\/product"}],"about":[{"href":"https:\/\/jonglezpublishing.com\/fr\/wp-json\/wp\/v2\/types\/product"}],"wp:featuredmedia":[{"embeddable":true,"href":"https:\/\/jonglezpublishing.com\/fr\/wp-json\/wp\/v2\/media\/12758"}],"wp:attachment":[{"href":"https:\/\/jonglezpublishing.com\/fr\/wp-json\/wp\/v2\/media?parent=12724"}],"wp:term":[{"taxonomy":"product_brand","embeddable":true,"href":"https:\/\/jonglezpublishing.com\/fr\/wp-json\/wp\/v2\/product_brand?post=12724"},{"taxonomy":"product_cat","embeddable":true,"href":"https:\/\/jonglezpublishing.com\/fr\/wp-json\/wp\/v2\/product_cat?post=12724"},{"taxonomy":"product_tag","embeddable":true,"href":"https:\/\/jonglezpublishing.com\/fr\/wp-json\/wp\/v2\/product_tag?post=12724"}],"curies":[{"name":"wp","href":"https:\/\/api.w.org\/{rel}","templated":true}]}}