{"id":12725,"date":"2024-06-10T07:20:21","date_gmt":"2024-06-10T04:20:21","guid":{"rendered":"https:\/\/jonglezpublishing.com\/?post_type=product&#038;p=12725"},"modified":"2024-06-10T07:24:53","modified_gmt":"2024-06-10T04:24:53","slug":"limousin-insolite-et-secret","status":"publish","type":"product","link":"https:\/\/jonglezpublishing.com\/fr\/produit\/limousin-insolite-et-secret\/","title":{"rendered":"LIMOUSIN INSOLITE ET SECRET"},"content":{"rendered":"<p>Une ancienne tour pour s\u00e9cher les tuyaux des pompiers, une pierre miraculeuse pour faire venir la pluie, le tombeau de la derni\u00e8re imp\u00e9ratrice du Vietnam, les vestiges d\u2019un ancien ch\u00e2teau dans une \u00e9glise, la fabuleuse histoire de l\u2019invention du n\u00e9goce du vin de Bordeaux par des Corr\u00e9ziens de Meymac, l\u2019univers insolite d\u2019un artiste corr\u00e9zien autodidacte, des rubans multicolores pour les enfants malades, les gardes suisses de Saint-Junien (comme au Vatican), une \u00e9pid\u00e9mie \u00ab psych\u00e9d\u00e9lique \u00bb due \u00e0 un ergot de seigle, une \u00e9glise avec un toit de chaume, une r\u00e9plique de la statue de la Libert\u00e9 de New York, un portail \u00e9maill\u00e9 unique en France&#8230;<\/p>\n<p>Loin des foules et des clich\u00e9s habituels, le Limousin garde encore des tr\u00e9sors bien cach\u00e9s qu\u2019il ne r\u00e9v\u00e8le qu\u2019\u00e0 ses habitants et aux voyageurs qui savent sortir des sentiers battus.<\/p>\n<p>Un guide indispensable pour ceux qui pensent bien conna\u00eetre le Limousin ou pour ceux qui souhaitent d\u00e9couvrir un autre visage de la r\u00e9gion.<\/p>\n<p>&nbsp;<\/p>\n<p class=\"p1\"><span class=\"s1\"><b>AUTEUR <\/b>: Jean-Marie Beuzelin<br \/>\n<\/span><span class=\"s1\"><strong>\u00c9DITION<\/strong>: 01<br \/>\n<\/span><span class=\"s1\"><b>PAGES : <\/b>272<br \/>\n<\/span><span class=\"s1\"><b>FORMAT <\/b>: 10.5 x 19 cm<br \/>\n<\/span><span class=\"s1\"><b>ISBN <\/b>: 978-2-36195-738-4<\/span><br \/>\n<span class=\"s1\"><b>PRIX <\/b>: 18,95 \u20ac <\/span>prix valable en France<br \/>\n<span class=\"s1\"><b>CONTACT <\/b>: <a href=\"mailto:info@editionsjonglez.com\">info@editionsjonglez.com<\/a><\/span><\/p>\n<div class=\"buttons_cont\">\n<div align=\"center\"><\/div>\n<div class=\"button_cont\" align=\"center\"><a class=\"gv_product_btn\" href=\"https:\/\/jonglezpublishing.com\/wp-content\/uploads\/2024\/06\/NEW_couv_Limousin_RVB-1-scaled.jpg\" target=\"_blank\" rel=\"noopener\">T\u00e9l\u00e9charger la couverture<\/a><\/div>\n<div class=\"button_cont\" align=\"center\"><a class=\"gv_product_btn\" href=\"https:\/\/jonglezpublishing.com\/wp-content\/uploads\/2024\/06\/Extrait-PDF-Limousin.pdf\" target=\"_blank\" rel=\"noopener\">Consulter le PDF<\/a><\/div>\n<div class=\"button_cont\" align=\"center\"><a class=\"gv_product_btn\" href=\"https:\/\/www.fnac.com\/a19351090\/Jean-Marie-Beuzelin-Limousin-insolite-et-secret\" target=\"_blank\" rel=\"noopener\">Acheter en ligne<\/a><\/div>\n<\/div>\n","protected":false},"excerpt":{"rendered":"<p>Une ancienne tour pour s\u00e9cher les tuyaux des pompiers, une pierre miraculeuse pour faire venir la pluie, le tombeau de<\/p>\n","protected":false},"featured_media":12726,"template":"","meta":[],"product_brand":[],"product_cat":[292,420],"product_tag":[],"class_list":{"0":"post-12725","1":"product","2":"type-product","3":"status-publish","4":"has-post-thumbnail","6":"product_cat-french-fr","7":"product_cat-guides-insolites","9":"first","10":"instock","11":"shipping-taxable","12":"product-type-simple"},"aioseo_notices":[],"_links":{"self":[{"href":"https:\/\/jonglezpublishing.com\/fr\/wp-json\/wp\/v2\/product\/12725","targetHints":{"allow":["GET"]}}],"collection":[{"href":"https:\/\/jonglezpublishing.com\/fr\/wp-json\/wp\/v2\/product"}],"about":[{"href":"https:\/\/jonglezpublishing.com\/fr\/wp-json\/wp\/v2\/types\/product"}],"wp:featuredmedia":[{"embeddable":true,"href":"https:\/\/jonglezpublishing.com\/fr\/wp-json\/wp\/v2\/media\/12726"}],"wp:attachment":[{"href":"https:\/\/jonglezpublishing.com\/fr\/wp-json\/wp\/v2\/media?parent=12725"}],"wp:term":[{"taxonomy":"product_brand","embeddable":true,"href":"https:\/\/jonglezpublishing.com\/fr\/wp-json\/wp\/v2\/product_brand?post=12725"},{"taxonomy":"product_cat","embeddable":true,"href":"https:\/\/jonglezpublishing.com\/fr\/wp-json\/wp\/v2\/product_cat?post=12725"},{"taxonomy":"product_tag","embeddable":true,"href":"https:\/\/jonglezpublishing.com\/fr\/wp-json\/wp\/v2\/product_tag?post=12725"}],"curies":[{"name":"wp","href":"https:\/\/api.w.org\/{rel}","templated":true}]}}