{"id":12731,"date":"2019-03-01T15:09:24","date_gmt":"2024-06-10T05:21:34","guid":{"rendered":"https:\/\/jonglezpublishing.com\/?post_type=product&#038;p=12731"},"modified":"2024-06-10T08:21:36","modified_gmt":"2024-06-10T05:21:36","slug":"edimbourg-insolite-et-secrete","status":"publish","type":"product","link":"https:\/\/jonglezpublishing.com\/fr\/produit\/edimbourg-insolite-et-secrete\/","title":{"rendered":"\u00c9DIMBOURG INSOLITE ET SECR\u00c8TE"},"content":{"rendered":"<p>Descendez dans un bunker datant de la Guerre froide, marchez sur les traces de myst\u00e9rieuses mosa\u00efques, p\u00e9n\u00e9trez dans la plus stup\u00e9fiante des grottes, prosternez-vous devant un robot de bois, rencontrez des chiens encore plus \u00e9tonnants que le c\u00e9l\u00e8bre Greyfriars Bobby, consultez un guide des \u00ab dames de plaisir \u00bb du XVIIIe si\u00e8cle, laissez-vous torturer dans un prototype de jacuzzi, aventurez-vous dans le Far West \u00e0 Morningside, partez \u00e0 la d\u00e9couverte d\u2019\u0153uvres d\u2019art clandestines et de jardins secrets inconnus des habitants eux-m\u00eames. \u00c0 l\u2019\u00e9cart des pi\u00e8ges \u00e0 touristes et des monuments bond\u00e9s, \u00c9dimbourg rec\u00e8le encore nombre de tr\u00e9sors, bien cach\u00e9s dans les endroits les plus inattendus.<\/p>\n<p>Un guide indispensable pour ceux qui pensaient bien conna\u00eetre \u00c9dimbourg ou qui aimeraient en explorer les curiosit\u00e9s les plus secr\u00e8tes, sur le terrain comme dans un fauteuil.<\/p>\n<p>\u00ab Si vous pensez conna\u00eetre \u00c9dimbourg, ce livre vous prouvera le contraire. Un d\u00e9lice \u00e0 chaque page. \u00bb (Val McDermid \u2013 auteure \u00e9cossaise de romans policiers)<\/p>\n<p>\u00ab J\u2019adore ce livre. \u00bb (Gerry Farrell, Edinburgh Evening News \/Gerry Farrell Ink)<\/p>\n<p>&nbsp;<\/p>\n<p class=\"p1\"><span class=\"s1\"><b>AUTEUR\u00a0<\/b>: Hannah Robinson<br \/>\n<\/span><span class=\"s1\"><strong>\u00c9DITION<\/strong>: 01<br \/>\n<\/span><span class=\"s1\"><b>PAGES :\u00a0<\/b>320<br \/>\n<\/span><span class=\"s1\"><b>FORMAT\u00a0<\/b>: 10.5 x 19 cm<br \/>\n<\/span><span class=\"s1\"><b>ISBN\u00a0<\/b>: 978-2-36195-645-5<\/span><br \/>\n<span class=\"s1\"><b>PRIX\u00a0<\/b>: 18,95 \u20ac\u00a0<\/span>prix valable en France<br \/>\n<span class=\"s1\"><b>CONTACT\u00a0<\/b>:\u00a0<a href=\"mailto:info@editionsjonglez.com\">info@editionsjonglez.com<\/a><\/span><\/p>\n<div class=\"buttons_cont\">\n<div align=\"center\"><\/div>\n<div class=\"button_cont\" align=\"center\"><a class=\"gv_product_btn\" href=\"https:\/\/jonglezpublishing.com\/wp-content\/uploads\/2024\/06\/NEW_couv_edinburgh_FR_RVB-scaled.jpg\" target=\"_blank\" rel=\"noopener\">T\u00e9l\u00e9charger la couverture<\/a><\/div>\n<div class=\"button_cont\" align=\"center\"><a class=\"gv_product_btn\" href=\"https:\/\/jonglezpublishing.com\/wp-content\/uploads\/2024\/06\/Extrait-Edimbourg-insolite-et-secre\u2560Cte.pdf\" target=\"_blank\" rel=\"noopener\">Consulter le PDF<\/a><\/div>\n<div class=\"button_cont\" align=\"center\"><a class=\"gv_product_btn\" href=\"https:\/\/www.fnac.com\/a17866102\/Hannah-Robinson-Edimbourg-insolite-et-secrete\" target=\"_blank\" rel=\"noopener\">Acheter en ligne<\/a><\/div>\n<\/div>\n","protected":false},"excerpt":{"rendered":"<p>Descendez dans un bunker datant de la Guerre froide, marchez sur les traces de myst\u00e9rieuses mosa\u00efques, p\u00e9n\u00e9trez dans la plus<\/p>\n","protected":false},"featured_media":12732,"template":"","meta":[],"product_brand":[],"product_cat":[165,420],"product_tag":[167,168,170,172,173],"class_list":{"0":"post-12731","1":"product","2":"type-product","3":"status-publish","4":"has-post-thumbnail","6":"product_cat-english-fr","7":"product_cat-guides-insolites","8":"product_tag-jonglez-fr","9":"product_tag-jonglez-publishing-fr","10":"product_tag-secret-guides-fr","11":"product_tag-secret-travel-guides-fr","12":"product_tag-travel-guides-fr","14":"first","15":"instock","16":"shipping-taxable","17":"product-type-simple"},"aioseo_notices":[],"_links":{"self":[{"href":"https:\/\/jonglezpublishing.com\/fr\/wp-json\/wp\/v2\/product\/12731","targetHints":{"allow":["GET"]}}],"collection":[{"href":"https:\/\/jonglezpublishing.com\/fr\/wp-json\/wp\/v2\/product"}],"about":[{"href":"https:\/\/jonglezpublishing.com\/fr\/wp-json\/wp\/v2\/types\/product"}],"wp:featuredmedia":[{"embeddable":true,"href":"https:\/\/jonglezpublishing.com\/fr\/wp-json\/wp\/v2\/media\/12732"}],"wp:attachment":[{"href":"https:\/\/jonglezpublishing.com\/fr\/wp-json\/wp\/v2\/media?parent=12731"}],"wp:term":[{"taxonomy":"product_brand","embeddable":true,"href":"https:\/\/jonglezpublishing.com\/fr\/wp-json\/wp\/v2\/product_brand?post=12731"},{"taxonomy":"product_cat","embeddable":true,"href":"https:\/\/jonglezpublishing.com\/fr\/wp-json\/wp\/v2\/product_cat?post=12731"},{"taxonomy":"product_tag","embeddable":true,"href":"https:\/\/jonglezpublishing.com\/fr\/wp-json\/wp\/v2\/product_tag?post=12731"}],"curies":[{"name":"wp","href":"https:\/\/api.w.org\/{rel}","templated":true}]}}