{"id":12855,"date":"2024-07-09T10:57:29","date_gmt":"2024-07-09T07:57:30","guid":{"rendered":"https:\/\/jonglezpublishing.com\/?post_type=product&#038;p=12855"},"modified":"2025-06-09T12:34:38","modified_gmt":"2025-06-09T09:34:38","slug":"soul-of-kyoto-guide-de-30-meilleures-experiences-copy","status":"publish","type":"product","link":"https:\/\/jonglezpublishing.com\/fr\/produit\/soul-of-kyoto-guide-de-30-meilleures-experiences-copy\/","title":{"rendered":"PARIS &#8211; L\u2019AUTRE GUIDE"},"content":{"rendered":"<p style=\"text-align: center;\">ON A TEST\u00c9 1000 LIEUX,<br \/>\n<strong>ON EN A RETENU 50<\/strong><\/p>\n<p>Observer les \u00e9toiles au c\u0153ur de Paris, un bistrot qui n\u2019a pas chang\u00e9 depuis les ann\u00e9es 1950, passer la nuit dans les h\u00f4tels les plus charmants de la capitale, une journ\u00e9e \u00e0 Montmartre sans les foules, le resto d\u2019un artiste culinaire, visiter les mus\u00e9es la nuit, o\u00f9 acheter la meilleure baguette de Paris, la balade la plus romantique de la ville au coucher du soleil, o\u00f9 s\u2019embrasser \u00e0 Paris, se perdre dans une biblioth\u00e8que secr\u00e8te, passer la nuit en pri\u00e8re au Sacr\u00e9-C\u0153ur de Montmartre, une boutique d\u2019un raffinement extr\u00eame&#8230;<\/p>\n<p>H\u00f4tels confidentiels, restos d\u2019exception, bars cach\u00e9s, balades secr\u00e8tes&#8230;<\/p>\n<p>L\u2019Autre Guide propose une s\u00e9lection exigeante et \u00e9clectique pour tous les budgets. Pens\u00e9 pour les voyageurs comme pour les habitants, il d\u00e9voile des adresses choisies avec soin par des auteurs locaux, o\u00f9 chaque lieu est la promesse d\u2019une d\u00e9couverte hors des sentiers battus, loin des foules. Une nouvelle approche de l\u2019art du voyage.<\/p>\n<p>&nbsp;<\/p>\n<p class=\"p1\"><span class=\"s1\"><b>AUTEUR\u00a0<\/b>: Thomas Jonglez<br \/>\n<\/span><span class=\"s1\"><strong>\u00c9DITION<\/strong>: 02<br \/>\n<\/span><span class=\"s1\"><b>PAGES :\u00a0<\/b>144<br \/>\n<\/span><span class=\"s1\"><b>FORMAT\u00a0<\/b>: 200 x 135 mm<br \/>\n<\/span><span class=\"s1\"><b>ISBN\u00a0<\/b>: 978-2-36195-924-1<\/span><br \/>\n<span class=\"s1\"><b>PRIX\u00a0<\/b>: 14 , 95 \u20ac<\/span><br \/>\n<span class=\"s1\"><b>CONTACT\u00a0<\/b>:\u00a0<a href=\"mailto:info@editionsjonglez.com\">info@editionsjonglez.com<\/a><\/span><\/p>\n<div class=\"buttons_cont\">\n<div align=\"center\"><\/div>\n<div class=\"button_cont\" align=\"center\"><a class=\"gv_product_btn\" href=\"https:\/\/jonglezpublishing.com\/wp-content\/uploads\/2024\/07\/couv_SO_Paris_RVB-scaled.jpg\" target=\"_blank\" rel=\"noopener\">T\u00e9l\u00e9charger la couverture<\/a><\/div>\n<div class=\"button_cont\" align=\"center\"><a class=\"gv_product_btn\" href=\"https:\/\/jonglezpublishing.com\/wp-content\/uploads\/2025\/06\/Extrait-SO-Paris_FR.pdf\" target=\"_blank\" rel=\"noopener\">Consulter le PDF<\/a><\/div>\n<div class=\"button_cont\" align=\"center\"><a class=\"gv_product_btn\" href=\"https:\/\/www.amazon.fr\/-\/en\/Thomas-Jonglez\/dp\/2361959240\/ref=sr_1_1?crid=2ZZK79SB5IXLS&amp;dib=eyJ2IjoiMSJ9.d7kTjrkssS-Lb0ay7nT3snije9VZtpaGfsDQCILgcxm-meLtSOEytit0N_uNqc2ENHVC2DrlT8S6_r5pXtFmfWvp6fplIUYSIoZX1E0sHhrH-eGxsT1FSANjx1X4oYcljv-jYY2RHKKdbCJG80yPiOy8Il4qPON4Cqwvuful45I4Nv1vT5SSoaS2TZZ4BaG9q4YZg77wVXWcZ3JI9nZIrEJEEcm4TLPi_-xb5w5LSYpYpQcoVzUk8cFGmicmbvEjTOVpUqXKWvBQkSAWjUAnMI_BI8VA4rZNJXSC38jT52M.Hy2WO8LM5ahTe8KBVQNJftXWbb0Zw64C8CB63yTuGFU&amp;dib_tag=se&amp;keywords=Paris+-+L%E2%80%99AUTRE+GUIDE&amp;qid=1749461635&amp;sprefix=paris+-+l+autre+guide%2Caps%2C577&amp;sr=8-1\" target=\"_blank\" rel=\"noopener\">Acheter en ligne<\/a><\/div>\n<\/div>\n<div class=\"buttons_cont\"><\/div>\n","protected":false},"excerpt":{"rendered":"<p>ON A TEST\u00c9 1000 LIEUX, ON EN A RETENU 50 Observer les \u00e9toiles au c\u0153ur de Paris, un bistrot qui<\/p>\n","protected":false},"featured_media":14013,"template":"","meta":[],"product_brand":[],"product_cat":[165,292,522,287,444],"product_tag":[],"class_list":{"0":"post-12855","1":"product","2":"type-product","3":"status-publish","4":"has-post-thumbnail","6":"product_cat-english-fr","7":"product_cat-french-fr","8":"product_cat-german-fr","9":"product_cat-italian-fr","10":"product_cat-lautre-guide","12":"first","13":"instock","14":"shipping-taxable","15":"product-type-simple"},"aioseo_notices":[],"_links":{"self":[{"href":"https:\/\/jonglezpublishing.com\/fr\/wp-json\/wp\/v2\/product\/12855","targetHints":{"allow":["GET"]}}],"collection":[{"href":"https:\/\/jonglezpublishing.com\/fr\/wp-json\/wp\/v2\/product"}],"about":[{"href":"https:\/\/jonglezpublishing.com\/fr\/wp-json\/wp\/v2\/types\/product"}],"wp:featuredmedia":[{"embeddable":true,"href":"https:\/\/jonglezpublishing.com\/fr\/wp-json\/wp\/v2\/media\/14013"}],"wp:attachment":[{"href":"https:\/\/jonglezpublishing.com\/fr\/wp-json\/wp\/v2\/media?parent=12855"}],"wp:term":[{"taxonomy":"product_brand","embeddable":true,"href":"https:\/\/jonglezpublishing.com\/fr\/wp-json\/wp\/v2\/product_brand?post=12855"},{"taxonomy":"product_cat","embeddable":true,"href":"https:\/\/jonglezpublishing.com\/fr\/wp-json\/wp\/v2\/product_cat?post=12855"},{"taxonomy":"product_tag","embeddable":true,"href":"https:\/\/jonglezpublishing.com\/fr\/wp-json\/wp\/v2\/product_tag?post=12855"}],"curies":[{"name":"wp","href":"https:\/\/api.w.org\/{rel}","templated":true}]}}