{"id":12904,"date":"2024-07-09T10:24:56","date_gmt":"2024-07-09T07:24:56","guid":{"rendered":"https:\/\/jonglezpublishing.com\/product\/verborgenes-budapest\/"},"modified":"2024-07-22T11:03:04","modified_gmt":"2024-07-22T08:03:04","slug":"verborgenes-budapest","status":"publish","type":"product","link":"https:\/\/jonglezpublishing.com\/fr\/produit\/verborgenes-budapest\/","title":{"rendered":"BUDAPEST INSOLITE ET SECR\u00c8TE"},"content":{"rendered":"<p>Une \u00e9glise qui ressemble \u00e0 un vaisseau spatial tout droit sorti d\u2019une \u0153uvre de science-fiction r\u00e9tro, l\u2019escalier de Dracula, deux portions du mur de Berlin, des po\u00e8mes portugais sur le mur d\u2019une station de m\u00e9tro, un terminal d\u2019a\u00e9roport \u00e0 moiti\u00e9 abandonn\u00e9, une cave pleine de flippers, des traces de pattes de chiens romains sur un guichet d\u2019accueil, une \u00e9glise sur\u00e9lev\u00e9e d\u2019un m\u00e8tre, l\u2019un des plus gros tonneaux de vin du monde, des statues hautes de seulement quelques centim\u00e8tres, un cimeti\u00e8re pour les reliques des chemins de fer et une \u0153uvre murale dissimulant une critique du communisme hongrois ne sont que quelques-uns des secrets r\u00e9v\u00e9l\u00e9s dans Budapest insolite et secr\u00e8te.<\/p>\n<p>Loin des foules et des clich\u00e9s habituels, Budapest garde encore des tr\u00e9sors bien cach\u00e9s que la ville ne r\u00e9v\u00e8le qu\u2019aux habitants et aux voyageurs qui savent sortir des sentiers battus.<\/p>\n<p>Un guide indispensable pour ceux qui pensaient bien conna\u00eetre Budapest ou pour ceux qui souhaitent d\u00e9couvrir l\u2019autre visage de la ville.<\/p>\n<p>&nbsp;<\/p>\n<p><b>AUTEUR <\/b>: G\u00c9ZA PAPP<br \/>\n<b>PAGES\u00a0<\/b>: 320<br \/>\n<b>FORMAT\u00a0<\/b>: 10.5 x 19 cm<br \/>\n<b>ISBN\u00a0<\/b>: 9978-2-36195-446-8<br \/>\n<b>PRIX\u00a0<\/b>: 18,95 \u20ac [prix valable en France]<br \/>\n<b>CONTACT\u00a0<\/b>:\u00a0<a href=\"mailto:info@editionsjonglez.com\">info@editionsjonglez.com<\/a><\/p>\n<div class=\"buttons_cont\">\n<div align=\"center\"><\/div>\n<div class=\"button_cont\" align=\"center\"><a class=\"gv_product_btn\" href=\"https:\/\/jonglezpublishing.com\/wp-content\/uploads\/2024\/07\/NEW_couv_Budapest_FR_RVB-scaled.jpg\" target=\"_blank\" rel=\"noopener\">T\u00e9l\u00e9charger la couverture<\/a><\/div>\n<div class=\"button_cont\" align=\"center\"><a class=\"gv_product_btn\" href=\"https:\/\/jonglezpublishing.com\/wp-content\/uploads\/2024\/07\/Extraits-Budapest_FR-1.pdf\" target=\"_blank\" rel=\"noopener\">Consulter le PDF<\/a><\/div>\n<div class=\"button_cont\" align=\"center\"><a class=\"gv_product_btn\" href=\"https:\/\/www.amazon.it\/Budapest-insolite-secr%C3%A8te-Geza-Papp\/dp\/236195446X\/ref=sr_1_1?__mk_it_IT=%C3%85M%C3%85%C5%BD%C3%95%C3%91&amp;crid=V767R9SF2X4T&amp;dib=eyJ2IjoiMSJ9.8iTV6Q0yGZnhhLEsjO8Shg.Uk2bu8k4tuGz4AF9qM0vKNUSSH8TBhdrSIREXyAGIkc&amp;dib_tag=se&amp;keywords=BUDAPEST+INSOLITE+ET+SECR%C3%88TE&amp;qid=1721635342&amp;s=books&amp;sprefix=budapest+insolite+et+secr%C3%A8te%2Cstripbooks%2C533&amp;sr=1-1\" target=\"_blank\" rel=\"noopener\">Acheter en ligne<\/a><\/div>\n<\/div>\n<div class=\"buttons_cont\"><\/div>\n","protected":false},"excerpt":{"rendered":"<p>Une \u00e9glise qui ressemble \u00e0 un vaisseau spatial tout droit sorti d\u2019une \u0153uvre de science-fiction r\u00e9tro, l\u2019escalier de Dracula, deux<\/p>\n","protected":false},"featured_media":12911,"template":"","meta":[],"product_brand":[],"product_cat":[165,420],"product_tag":[],"class_list":{"0":"post-12904","1":"product","2":"type-product","3":"status-publish","4":"has-post-thumbnail","6":"product_cat-english-fr","7":"product_cat-guides-insolites","9":"first","10":"instock","11":"shipping-taxable","12":"product-type-simple"},"aioseo_notices":[],"_links":{"self":[{"href":"https:\/\/jonglezpublishing.com\/fr\/wp-json\/wp\/v2\/product\/12904","targetHints":{"allow":["GET"]}}],"collection":[{"href":"https:\/\/jonglezpublishing.com\/fr\/wp-json\/wp\/v2\/product"}],"about":[{"href":"https:\/\/jonglezpublishing.com\/fr\/wp-json\/wp\/v2\/types\/product"}],"wp:featuredmedia":[{"embeddable":true,"href":"https:\/\/jonglezpublishing.com\/fr\/wp-json\/wp\/v2\/media\/12911"}],"wp:attachment":[{"href":"https:\/\/jonglezpublishing.com\/fr\/wp-json\/wp\/v2\/media?parent=12904"}],"wp:term":[{"taxonomy":"product_brand","embeddable":true,"href":"https:\/\/jonglezpublishing.com\/fr\/wp-json\/wp\/v2\/product_brand?post=12904"},{"taxonomy":"product_cat","embeddable":true,"href":"https:\/\/jonglezpublishing.com\/fr\/wp-json\/wp\/v2\/product_cat?post=12904"},{"taxonomy":"product_tag","embeddable":true,"href":"https:\/\/jonglezpublishing.com\/fr\/wp-json\/wp\/v2\/product_tag?post=12904"}],"curies":[{"name":"wp","href":"https:\/\/api.w.org\/{rel}","templated":true}]}}