{"id":13115,"date":"2024-09-06T09:34:17","date_gmt":"2024-09-06T06:34:17","guid":{"rendered":"https:\/\/jonglezpublishing.com\/?post_type=product&#038;p=13115"},"modified":"2026-01-05T15:50:21","modified_gmt":"2026-01-05T13:50:21","slug":"atlas-des-lieux-abandonnes","status":"publish","type":"product","link":"https:\/\/jonglezpublishing.com\/fr\/produit\/atlas-des-lieux-abandonnes\/","title":{"rendered":"ATLAS DES LIEUX ABANDONN\u00c9S"},"content":{"rendered":"<p style=\"text-align: center;\"><strong>LES 50 LIEUX D\u2019URBEX<\/strong><\/p>\n<p style=\"text-align: center;\"><strong>LES PLUS SPECTACULAIRES DU MONDE<\/strong><\/p>\n<p>Une \u00eele japonaise abandonn\u00e9e sur laquelle a \u00e9t\u00e9 tourn\u00e9 un James Bond, des r\u00e9servoirs souterrains oubli\u00e9s au c\u0153ur de Londres, une ville enti\u00e8re engloutie par les sables en Namibie, un exceptionnel ch\u00e2teau toscan d\u00e9sert\u00e9 depuis des d\u00e9cennies, un cin\u00e9ma grandiose en d\u00e9sh\u00e9rence \u00e0 Tanger, des usines d\u00e9saffect\u00e9es spectaculaires aux USA, en Allemagne ou encore en Hongrie&#8230;<\/p>\n<p>Partout dans le monde, une grande partie du patrimoine architectural tombe bien trop souvent dans l\u2019oubli. Beaucoup de tr\u00e9sors d\u00e9sormais endormis sont consid\u00e9r\u00e9s comme des vestiges sans valeur d\u2019un pass\u00e9 r\u00e9volu&#8230;<\/p>\n<p>Une perspective qui ne demande qu\u2019\u00e0 s\u2019am\u00e9liorer, comme le prouve cet atlas qui rappelle qu\u2019aux quatre coins de la plan\u00e8te, il est essentiel de contribuer \u00e0 la sauvegarde du patrimoine sur laquelle repose la richesse culturelle de notre monde.<\/p>\n<p><span class=\"s1\"><b>AUTEURS\u00a0<\/b>: Collectif<br \/>\n<b>PAGES\u00a0<\/b>: 192<br \/>\n<b>FORMAT\u00a0<\/b>: 19 * 26 cm<br \/>\n<b>ISBN <\/b>: 978-2-36195-777-3<\/span><br \/>\n<span class=\"s1\"><b>PRIX <\/b>: 25,00 \u20ac &#8211; prix valable en France<br \/>\n<\/span><span class=\"s1\"><b>CONTACT <\/b>: <a href=\"mailto:infos@editionsjonglez.com?subject=\"><span class=\"s2\">infos@editionsjonglez.com<\/span><\/a><\/span><\/p>\n<div class=\"buttons_cont\">\n<div class=\"button_cont\" align=\"center\"><\/div>\n<\/div>\n<div align=\"center\">\n<div class=\"button_cont\" align=\"center\"><a class=\"gv_product_btn\" href=\"https:\/\/jonglezpublishing.com\/wp-content\/uploads\/2024\/09\/Couv_FR_RVB-scaled.jpg\" target=\"_blank\" rel=\"noopener\">T\u00e9l\u00e9charger la couverture<\/a><\/div>\n<div class=\"button_cont\" align=\"center\"><a class=\"gv_product_btn\" href=\"https:\/\/jonglezpublishing.com\/wp-content\/uploads\/2024\/09\/Extrait-ATLAS_lieux-abandonne\u2560us_FR.pdf\" target=\"_blank\" rel=\"noopener\">Consulter le PDF<\/a><\/div>\n<div class=\"button_cont\" align=\"center\"><a class=\"gv_product_btn\" href=\"https:\/\/www.amazon.fr\/Atlas-lieux-abandonn%C3%A9s-Collectif\/dp\/2361957779\/ref=sr_1_1?__mk_fr_FR=%C3%85M%C3%85%C5%BD%C3%95%C3%91&amp;crid=30FOZWQDQJVJ1&amp;dib=eyJ2IjoiMSJ9.HgS5LvWI3xjQ82ee1sVGpZ9Q_Q-oWzBAQy8KWpFBk6L6jA1mP6wDIJOOJEVGvd0IRU1avxtVeezk0EBb579reIiQnr3qkIF2HGcmvBRt5p4.ZiZlxJUYJEVepEg-0mirTAzecy6bJhOhafdM-EMbsN4&amp;dib_tag=se&amp;keywords=ATLAS+DES+LIEUX+ABANDONN%C3%89S&amp;qid=1725635690&amp;sprefix=%2Caps%2C272&amp;sr=8-1\" target=\"_blank\" rel=\"noopener\">Acheter en ligne<\/a><\/div>\n<\/div>\n<div class=\"buttons_cont\">\n<div class=\"button_cont\" align=\"center\"><\/div>\n<\/div>\n","protected":false},"excerpt":{"rendered":"<p>LES 50 LIEUX D\u2019URBEX LES PLUS SPECTACULAIRES DU MONDE Une \u00eele japonaise abandonn\u00e9e sur laquelle a \u00e9t\u00e9 tourn\u00e9 un James<\/p>\n","protected":false},"featured_media":13134,"template":"","meta":[],"product_brand":[],"product_cat":[572,165,292,522,287],"product_tag":[],"class_list":{"0":"post-13115","1":"product","2":"type-product","3":"status-publish","4":"has-post-thumbnail","6":"product_cat-atlas-des-curiosite","7":"product_cat-english-fr","8":"product_cat-french-fr","9":"product_cat-german-fr","10":"product_cat-italian-fr","12":"first","13":"instock","14":"shipping-taxable","15":"product-type-simple"},"aioseo_notices":[],"_links":{"self":[{"href":"https:\/\/jonglezpublishing.com\/fr\/wp-json\/wp\/v2\/product\/13115","targetHints":{"allow":["GET"]}}],"collection":[{"href":"https:\/\/jonglezpublishing.com\/fr\/wp-json\/wp\/v2\/product"}],"about":[{"href":"https:\/\/jonglezpublishing.com\/fr\/wp-json\/wp\/v2\/types\/product"}],"wp:featuredmedia":[{"embeddable":true,"href":"https:\/\/jonglezpublishing.com\/fr\/wp-json\/wp\/v2\/media\/13134"}],"wp:attachment":[{"href":"https:\/\/jonglezpublishing.com\/fr\/wp-json\/wp\/v2\/media?parent=13115"}],"wp:term":[{"taxonomy":"product_brand","embeddable":true,"href":"https:\/\/jonglezpublishing.com\/fr\/wp-json\/wp\/v2\/product_brand?post=13115"},{"taxonomy":"product_cat","embeddable":true,"href":"https:\/\/jonglezpublishing.com\/fr\/wp-json\/wp\/v2\/product_cat?post=13115"},{"taxonomy":"product_tag","embeddable":true,"href":"https:\/\/jonglezpublishing.com\/fr\/wp-json\/wp\/v2\/product_tag?post=13115"}],"curies":[{"name":"wp","href":"https:\/\/api.w.org\/{rel}","templated":true}]}}