{"id":13144,"date":"2024-09-12T16:04:19","date_gmt":"2024-09-12T13:04:19","guid":{"rendered":"https:\/\/jonglezpublishing.com\/?post_type=product&#038;p=13144"},"modified":"2024-09-12T16:16:39","modified_gmt":"2024-09-12T13:16:39","slug":"clickbait-voyage-au-pays-de-lintelligence-artificielle","status":"publish","type":"product","link":"https:\/\/jonglezpublishing.com\/fr\/produit\/clickbait-voyage-au-pays-de-lintelligence-artificielle\/","title":{"rendered":"CLICKBAIT &#8211; VOYAGE AU PAYS DE L\u2019INTELLIGENCE ARTIFICIELLE"},"content":{"rendered":"<p>Une fusion sans pr\u00e9c\u00e9dent de l\u2019Intelligence Artificielle et de la narration, un livre d\u2019art r\u00e9volutionnaire, comme un voyage ponctu\u00e9 de visuels vivants et surr\u00e9alistes.<\/p>\n<p>\u00c0 chaque page, l\u2019immersion est plus profonde au sein de l\u2019univers \u00e9labor\u00e9 par l\u2019auteur en collaboration avec une machine, o\u00f9 les lieux et les concepts les plus familiers rev\u00eatent des significations totalement in\u00e9dites.<\/p>\n<p>Ces images vous laisseront tout \u00e0 la fois confus, enthousiaste et avide d\u2019en d\u00e9couvrir davantage au fur et \u00e0 mesure de l\u2019exploration de ce monde qui n\u2019existe que dans l\u2019imagination de l\u2019auteur et des algorithmes qui l\u2019ont g\u00e9n\u00e9r\u00e9.<\/p>\n<p>Des paisibles plages aux photos de mode surr\u00e9alistes, ce livre vous ouvrira les portes d\u2019endroits qui ne se trouvent nulle part, d\u00e9voilant la beaut\u00e9 et le myst\u00e8re d\u2019un univers cisel\u00e9 par une Intelligence Artificielle.<\/p>\n<p>Chaque histoire de ce livre d\u2019art est un tissu de visuels soigneusement entrelac\u00e9s qui offre une exp\u00e9rience immersive et captivante de la premi\u00e8re \u00e0 la derni\u00e8re page. Que vous soyez f\u00e9ru d\u2019art, de mode ou de technologie de rupture, ce livre saura happer \u00e0 coup s\u00fbr votre imagination et vous fera aspirer \u00e0 bien plus encore.<\/p>\n<p>&nbsp;<\/p>\n<p><span class=\"s1\"><b>AUTEUR: <\/b><span data-sheets-root=\"1\">Si Parmeggiani<\/span><\/span><br \/>\n<span class=\"s1\"><b>PAGES <\/b>: 244<br \/>\n<b>ISBN <\/b>: 978-2-36195-694-3<\/span><br \/>\n<span class=\"s1\"><b>PRIX <\/b>: 39,95 \u20ac &#8211; prix valable en France<br \/>\n<strong>FORMAT :<\/strong> <span style=\"font-weight: 400;\">305 x 305 mm<\/span><br \/>\n<\/span><span class=\"s1\"><b>CONTACT <\/b>: <a href=\"mailto:info@editionsjonglez.com?subject=\"><span class=\"s2\">info@editionsjonglez.com<\/span><\/a><\/span><\/p>\n<div class=\"buttons_cont\">\n<div align=\"center\"><\/div>\n<div class=\"button_cont\" align=\"center\"><a class=\"gv_product_btn\" href=\"https:\/\/jonglezpublishing.com\/wp-content\/uploads\/2024\/09\/Couv_Clickbait_FR-3-scaled.jpg\" target=\"_blank\" rel=\"noopener\">T\u00e9l\u00e9charger la couverture<\/a><\/div>\n<div class=\"button_cont\" align=\"center\"><a class=\"gv_product_btn\" href=\"https:\/\/jonglezpublishing.com\/wp-content\/uploads\/2024\/09\/Extrait-Clickbait_FR.pdf\" target=\"_blank\" rel=\"noopener\">Consulter le PDF<\/a><\/div>\n<div class=\"button_cont\" align=\"center\">\n<div class=\"button_cont\" align=\"center\"><a class=\"gv_product_btn\" href=\"https:\/\/www.amazon.fr\/Clickbait-Voyage-pays-lintelligence-artificielle\/dp\/2361956942\/ref=sr_1_1?__mk_fr_FR=%C3%85M%C3%85%C5%BD%C3%95%C3%91&amp;crid=1S0NVB98Y4RZK&amp;dib=eyJ2IjoiMSJ9.vTHYuyyZVM8zwdtgSb_Zow.vgbxLws_x33fwVot4UNNG7OGAkm4rx41vEEbg7NhWAQ&amp;dib_tag=se&amp;keywords=CLICKBAIT+-+VOYAGE+AU+PAYS+DE+L%E2%80%99INTELLIGENCE+ARTIFICIELLE&amp;qid=1726146968&amp;sprefix=clickbait+-+voyage+au+pays+de+l+intelligence+artificielle%2Caps%2C293&amp;sr=8-1\" target=\"_blank\" rel=\"noopener\">Acheter en ligne<\/a><\/div>\n<\/div>\n<\/div>\n","protected":false},"excerpt":{"rendered":"<p>Une fusion sans pr\u00e9c\u00e9dent de l\u2019Intelligence Artificielle et de la narration, un livre d\u2019art r\u00e9volutionnaire, comme un voyage ponctu\u00e9 de<\/p>\n","protected":false},"featured_media":13153,"template":"","meta":[],"product_brand":[],"product_cat":[442,165,292],"product_tag":[],"class_list":{"0":"post-13144","1":"product","2":"type-product","3":"status-publish","4":"has-post-thumbnail","6":"product_cat-beaux-livres","7":"product_cat-english-fr","8":"product_cat-french-fr","10":"first","11":"instock","12":"shipping-taxable","13":"product-type-simple"},"aioseo_notices":[],"_links":{"self":[{"href":"https:\/\/jonglezpublishing.com\/fr\/wp-json\/wp\/v2\/product\/13144","targetHints":{"allow":["GET"]}}],"collection":[{"href":"https:\/\/jonglezpublishing.com\/fr\/wp-json\/wp\/v2\/product"}],"about":[{"href":"https:\/\/jonglezpublishing.com\/fr\/wp-json\/wp\/v2\/types\/product"}],"wp:featuredmedia":[{"embeddable":true,"href":"https:\/\/jonglezpublishing.com\/fr\/wp-json\/wp\/v2\/media\/13153"}],"wp:attachment":[{"href":"https:\/\/jonglezpublishing.com\/fr\/wp-json\/wp\/v2\/media?parent=13144"}],"wp:term":[{"taxonomy":"product_brand","embeddable":true,"href":"https:\/\/jonglezpublishing.com\/fr\/wp-json\/wp\/v2\/product_brand?post=13144"},{"taxonomy":"product_cat","embeddable":true,"href":"https:\/\/jonglezpublishing.com\/fr\/wp-json\/wp\/v2\/product_cat?post=13144"},{"taxonomy":"product_tag","embeddable":true,"href":"https:\/\/jonglezpublishing.com\/fr\/wp-json\/wp\/v2\/product_tag?post=13144"}],"curies":[{"name":"wp","href":"https:\/\/api.w.org\/{rel}","templated":true}]}}