{"id":13394,"date":"2024-12-05T16:15:56","date_gmt":"2024-12-05T14:15:56","guid":{"rendered":"https:\/\/jonglezpublishing.com\/?post_type=product&#038;p=13394"},"modified":"2026-01-05T15:44:48","modified_gmt":"2026-01-05T13:44:48","slug":"new-york-latlas-secret","status":"publish","type":"product","link":"https:\/\/jonglezpublishing.com\/fr\/produit\/new-york-latlas-secret\/","title":{"rendered":"NEW YORK &#8211; L&rsquo;ATLAS SECRET"},"content":{"rendered":"<p>Pour ceux qui pensaient bien conna\u00eetre New York, la ville continue de regorger de lieux insolites et secrets qu\u2019il est tout \u00e0 fait possible de visiter.<\/p>\n<p>Admirez un pilier apocalyptique \u00e0 l\u2019entr\u00e9e d\u2019une \u00e9glise, d\u00e9tendez-vous dans des jardins clandestins, d\u00e9couvrez la version new-yorkaise de la Sagrada Familia, trouvez les impacts de balle \u00e0 l\u2019ext\u00e9rieur de la banque J.P. Morgan, observez les \u00e9toiles avec un t\u00e9lescope universitaire, retrouvez une statue de L\u00e9nine, faites voler votre jupe au m\u00eame endroit que Marilyn Monroe, explorez une pi\u00e8ce remplie de terre, d\u00e9couvrez un gigantesque palais v\u00e9nitien au-dessus d\u2019une ancienne \u00e9curie, visitez une \u00eele dont l\u2019ind\u00e9pendance fut proclam\u00e9e depuis un canot en 2004, localisez le \u00ab cochon \u00bb de la cath\u00e9drale St-Patrick, d\u00e9couvrez o\u00f9 est conserv\u00e9e la derni\u00e8re dent de Washington, faites b\u00e9nir votre v\u00e9lo&#8230;<\/p>\n<p>&nbsp;<\/p>\n<p><span class=\"s1\"><b>AUTEURS\u00a0<\/b>: T.M. Rives et Hannah Frishberg<br \/>\n<b>PAGES\u00a0<\/b>: 256<br \/>\n<b>FORMAT\u00a0<\/b>: 19 * 26 cm<br \/>\n<b>ISBN <\/b>: 978-2-36195-816-9<\/span><br \/>\n<span class=\"s1\"><b>PRIX <\/b>: 35,00 \u20ac &#8211; prix valable en France<br \/>\n<\/span><span class=\"s1\"><b>CONTACT <\/b>: <a href=\"mailto:infos@editionsjonglez.com?subject=\"><span class=\"s2\">infos@editionsjonglez.com<\/span><\/a><\/span><\/p>\n<div class=\"buttons_cont\">\n<div class=\"button_cont\" align=\"center\"><\/div>\n<\/div>\n<div align=\"center\">\n<div class=\"button_cont\" align=\"center\"><a class=\"gv_product_btn\" href=\"https:\/\/jonglezpublishing.com\/wp-content\/uploads\/2024\/12\/Couv-Atlas-Secret-New-York_CMJN_print-1-scaled.jpg\" target=\"_blank\" rel=\"noopener\">T\u00e9l\u00e9charger la couverture<\/a><\/div>\n<div class=\"button_cont\" align=\"center\"><a class=\"gv_product_btn\" href=\"https:\/\/jonglezpublishing.com\/wp-content\/uploads\/2024\/12\/PREVIEW-Atlas-secret_NY.pdf\" target=\"_blank\" rel=\"noopener\">Consulter le PDF<\/a><\/div>\n<div class=\"button_cont\" align=\"center\"><a class=\"gv_product_btn\" href=\"https:\/\/www.amazon.fr\/-\/en\/dp\/2361958163\/ref=sr_1_1?crid=1TKV8NDM4KX2Q&amp;dib=eyJ2IjoiMSJ9.pX8a33YhF6PKF6pagjNMDl5Xr1W32H6BuxVr6fEjBmAa2lk0Syt1HUV3Mp9XnHWcYIg4lok9i3LBmUmijTYyUnRSNefw6n93tzH-cyeF7S4.Qn6Vip2sRxds1vaOW_OJQsN-xyMNyNJBviiHbzUihRg&amp;dib_tag=se&amp;keywords=NEW+YORK+L%E2%80%99ATLAS+SECRET&amp;nsdOptOutParam=true&amp;qid=1733408627&amp;sprefix=new+york+l+atlas+secret%2Caps%2C1281&amp;sr=8-1\" target=\"_blank\" rel=\"noopener\">Acheter en ligne<\/a><\/div>\n<\/div>\n<div class=\"buttons_cont\">\n<div class=\"button_cont\" align=\"center\"><\/div>\n<\/div>\n","protected":false},"excerpt":{"rendered":"<p>Pour ceux qui pensaient bien conna\u00eetre New York, la ville continue de regorger de lieux insolites et secrets qu\u2019il est<\/p>\n","protected":false},"featured_media":13403,"template":"","meta":[],"product_brand":[],"product_cat":[554,165,292,522,287,288],"product_tag":[],"class_list":{"0":"post-13394","1":"product","2":"type-product","3":"status-publish","4":"has-post-thumbnail","6":"product_cat-atlas","7":"product_cat-english-fr","8":"product_cat-french-fr","9":"product_cat-german-fr","10":"product_cat-italian-fr","11":"product_cat-spanish-fr","13":"first","14":"instock","15":"shipping-taxable","16":"product-type-simple"},"aioseo_notices":[],"_links":{"self":[{"href":"https:\/\/jonglezpublishing.com\/fr\/wp-json\/wp\/v2\/product\/13394","targetHints":{"allow":["GET"]}}],"collection":[{"href":"https:\/\/jonglezpublishing.com\/fr\/wp-json\/wp\/v2\/product"}],"about":[{"href":"https:\/\/jonglezpublishing.com\/fr\/wp-json\/wp\/v2\/types\/product"}],"wp:featuredmedia":[{"embeddable":true,"href":"https:\/\/jonglezpublishing.com\/fr\/wp-json\/wp\/v2\/media\/13403"}],"wp:attachment":[{"href":"https:\/\/jonglezpublishing.com\/fr\/wp-json\/wp\/v2\/media?parent=13394"}],"wp:term":[{"taxonomy":"product_brand","embeddable":true,"href":"https:\/\/jonglezpublishing.com\/fr\/wp-json\/wp\/v2\/product_brand?post=13394"},{"taxonomy":"product_cat","embeddable":true,"href":"https:\/\/jonglezpublishing.com\/fr\/wp-json\/wp\/v2\/product_cat?post=13394"},{"taxonomy":"product_tag","embeddable":true,"href":"https:\/\/jonglezpublishing.com\/fr\/wp-json\/wp\/v2\/product_tag?post=13394"}],"curies":[{"name":"wp","href":"https:\/\/api.w.org\/{rel}","templated":true}]}}