{"id":13413,"date":"2024-12-05T16:26:07","date_gmt":"2024-12-05T14:26:07","guid":{"rendered":"https:\/\/jonglezpublishing.com\/?post_type=product&#038;p=13413"},"modified":"2026-01-05T15:47:53","modified_gmt":"2026-01-05T13:47:53","slug":"paris-latlas-secret","status":"publish","type":"product","link":"https:\/\/jonglezpublishing.com\/fr\/produit\/paris-latlas-secret\/","title":{"rendered":"VENISE &#8211; L&rsquo;ATLAS SECRET"},"content":{"rendered":"<p>Pour ceux qui pensaient bien conna\u00eetre Venise, la Cit\u00e9 des Doges continue de regorger de lieux insolites et secrets qu\u2019il est tout \u00e0 fait possible de visiter.<\/p>\n<p>D\u00e9couvrez les secrets de la basilique Saint-Marc sans aucun touriste, d\u00e9chiffrez enfin les chapiteaux du palais des Doges, empruntez le seul canal souterrain de Venise \u00e0 la recherche de la sculpture alchimique du cheval ail\u00e9, d\u00e9chiffrez les peintures de la Scuola di San Rocco selon les principes de la Kabbale h\u00e9bra\u00efque ou la construction de San Francesco della Vigna selon ceux de la Kabbale musicale, poussez les portes des palais et des monast\u00e8res pour vous promener dans des jardins insoup\u00e7onn\u00e9s, admirez l\u2019extraordinaire biblioth\u00e8que oubli\u00e9e du s\u00e9minaire de Venise, allez faire vos courses au march\u00e9 de la prison pour femmes de la Giudecca, jouez au tennis en plein c\u0153ur de la ville&#8230;<\/p>\n<p>&nbsp;<\/p>\n<p><span class=\"s1\"><b>AUTEURS <\/b>: Thomas Jonglez, Irene Galifi, et Paola Zoffoli<br \/>\n<b>PAGES\u00a0<\/b>: 256<br \/>\n<b>FORMAT\u00a0<\/b>: 19 * 26 cm<br \/>\n<b>ISBN <\/b>: 978-2-36195-814-5<\/span><br \/>\n<span class=\"s1\"><b>PRIX <\/b>: 35,00 \u20ac &#8211; prix valable en France<br \/>\n<\/span><span class=\"s1\"><b>CONTACT <\/b>: <a href=\"mailto:infos@editionsjonglez.com?subject=\"><span class=\"s2\">infos@editionsjonglez.com<\/span><\/a><\/span><\/p>\n<div class=\"buttons_cont\">\n<div class=\"button_cont\" align=\"center\"><\/div>\n<\/div>\n<div align=\"center\">\n<div class=\"button_cont\" align=\"center\"><a class=\"gv_product_btn\" href=\"https:\/\/jonglezpublishing.com\/wp-content\/uploads\/2024\/12\/Couv-Atlas-Secret-Venise_RVB-1-scaled.jpg\" target=\"_blank\" rel=\"noopener\">T\u00e9l\u00e9charger la couverture<\/a><\/div>\n<div class=\"button_cont\" align=\"center\"><a class=\"gv_product_btn\" href=\"https:\/\/jonglezpublishing.com\/wp-content\/uploads\/2024\/12\/PREVIEW-Atlas-secret-Venise.pdf\" target=\"_blank\" rel=\"noopener\">Consulter le PDF<\/a><\/div>\n<div class=\"button_cont\" align=\"center\"><a class=\"gv_product_btn\" href=\"https:\/\/www.amazon.fr\/-\/en\/dp\/2361958147\/ref=sr_1_1?crid=1BRRQ1L60PX9E&amp;dib=eyJ2IjoiMSJ9.93QD07zuDtVQ114l96Lu-A.lpwSJ6Esn0SXuAcSBIsbOMPH-M3bOu66pyOLls1yARA&amp;dib_tag=se&amp;keywords=VENICE+L%E2%80%99ATLAS+SECRET&amp;nsdOptOutParam=true&amp;qid=1733409327&amp;sprefix=venice+l+atlas+secret%2Caps%2C361&amp;sr=8-1\" target=\"_blank\" rel=\"noopener\">Acheter en ligne<\/a><\/div>\n<\/div>\n<div class=\"buttons_cont\">\n<div class=\"button_cont\" align=\"center\"><\/div>\n<\/div>\n","protected":false},"excerpt":{"rendered":"<p>Pour ceux qui pensaient bien conna\u00eetre Venise, la Cit\u00e9 des Doges continue de regorger de lieux insolites et secrets qu\u2019il<\/p>\n","protected":false},"featured_media":13428,"template":"","meta":[],"product_brand":[],"product_cat":[554,165,292,522,287,288],"product_tag":[],"class_list":{"0":"post-13413","1":"product","2":"type-product","3":"status-publish","4":"has-post-thumbnail","6":"product_cat-atlas","7":"product_cat-english-fr","8":"product_cat-french-fr","9":"product_cat-german-fr","10":"product_cat-italian-fr","11":"product_cat-spanish-fr","13":"first","14":"instock","15":"shipping-taxable","16":"product-type-simple"},"aioseo_notices":[],"_links":{"self":[{"href":"https:\/\/jonglezpublishing.com\/fr\/wp-json\/wp\/v2\/product\/13413","targetHints":{"allow":["GET"]}}],"collection":[{"href":"https:\/\/jonglezpublishing.com\/fr\/wp-json\/wp\/v2\/product"}],"about":[{"href":"https:\/\/jonglezpublishing.com\/fr\/wp-json\/wp\/v2\/types\/product"}],"wp:featuredmedia":[{"embeddable":true,"href":"https:\/\/jonglezpublishing.com\/fr\/wp-json\/wp\/v2\/media\/13428"}],"wp:attachment":[{"href":"https:\/\/jonglezpublishing.com\/fr\/wp-json\/wp\/v2\/media?parent=13413"}],"wp:term":[{"taxonomy":"product_brand","embeddable":true,"href":"https:\/\/jonglezpublishing.com\/fr\/wp-json\/wp\/v2\/product_brand?post=13413"},{"taxonomy":"product_cat","embeddable":true,"href":"https:\/\/jonglezpublishing.com\/fr\/wp-json\/wp\/v2\/product_cat?post=13413"},{"taxonomy":"product_tag","embeddable":true,"href":"https:\/\/jonglezpublishing.com\/fr\/wp-json\/wp\/v2\/product_tag?post=13413"}],"curies":[{"name":"wp","href":"https:\/\/api.w.org\/{rel}","templated":true}]}}