{"id":13433,"date":"2024-12-05T16:45:34","date_gmt":"2024-12-05T14:45:34","guid":{"rendered":"https:\/\/jonglezpublishing.com\/?post_type=product&#038;p=13433"},"modified":"2026-01-05T15:45:59","modified_gmt":"2026-01-05T13:45:59","slug":"paris-latlas-secret-2","status":"publish","type":"product","link":"https:\/\/jonglezpublishing.com\/fr\/produit\/paris-latlas-secret-2\/","title":{"rendered":"PARIS &#8211; L&rsquo;ATLAS SECRET"},"content":{"rendered":"<p>Pour ceux qui pensaient bien conna\u00eetre Paris, la ville lumi\u00e8re continue de regorger de lieux insolites et secrets qu\u2019il est tout \u00e0 fait possible de visiter.<\/p>\n<p>Trouver la sculpture de la d\u00e9esse Isis sur la fa\u00e7ade du mus\u00e9e du Louvre, d\u00e9chiffrer les symboles alchimiques sur Notre-Dame de Paris, scruter les tortues-lyres de l\u2019Op\u00e9ra-Comique, gravir le majestueux escalier d\u2019honneur de l\u2019\u00e9cole de m\u00e9decine, d\u00e9crypter des symboles ma\u00e7onniques dans des lieux insoup\u00e7onn\u00e9s, visiter une sublime biblioth\u00e8que cach\u00e9e, chercher l\u2019\u00e9nigmatique octa\u00e8dre \u00e9toil\u00e9 sur la tombe d\u2019Andr\u00e9 Breton, admirer des c\u00e9ramiquesoubli\u00e9es&#8230;<\/p>\n<p>&nbsp;<\/p>\n<p><span class=\"s1\"><b>AUTEUR <\/b>: Thomas Jonglez<br \/>\n<b>PAGES\u00a0<\/b>: 304<br \/>\n<b>FORMAT\u00a0<\/b>: 19 * 26 cm<br \/>\n<b>ISBN <\/b>: 978-2-36195-812-1<\/span><br \/>\n<span class=\"s1\"><b>PRIX <\/b>: 35,00 \u20ac &#8211; prix valable en France<br \/>\n<\/span><span class=\"s1\"><b>CONTACT <\/b>: <a href=\"mailto:infos@editionsjonglez.com?subject=\"><span class=\"s2\">infos@editionsjonglez.com<\/span><\/a><\/span><\/p>\n<div class=\"buttons_cont\">\n<div class=\"button_cont\" align=\"center\"><\/div>\n<\/div>\n<div align=\"center\">\n<div class=\"button_cont\" align=\"center\"><a class=\"gv_product_btn\" href=\"https:\/\/jonglezpublishing.com\/wp-content\/uploads\/2024\/12\/Couv-Atlas-Secret-Paris_RVB-1-scaled.jpg\" target=\"_blank\" rel=\"noopener\">T\u00e9l\u00e9charger la couverture<\/a><\/div>\n<div class=\"button_cont\" align=\"center\"><a class=\"gv_product_btn\" href=\"https:\/\/jonglezpublishing.com\/wp-content\/uploads\/2024\/12\/Preview-Atlas-secret-Paris-.pdf\" target=\"_blank\" rel=\"noopener\">Consulter le PDF<\/a><\/div>\n<div class=\"button_cont\" align=\"center\"><a class=\"gv_product_btn\" href=\"https:\/\/www.amazon.fr\/-\/en\/dp\/2361958120\/ref=sr_1_2?crid=1IV5BTTC3ANI8&amp;dib=eyJ2IjoiMSJ9.HM9-kQHex5H1mBTD8Kvl3RsIeNFmzfEEefgBToqDmUu5y6hhhvcyXkpS-t5dAQTXsGAZ4IMEemQzOHxiz26Gv4nejdbC9i2m0lTjTGzvy8ZZD24RePBD62BN442q52VVcy_fICiDwnyo37qWKA5NIqvud2rzHS-259CGKgQAD-aiHfMIgOnkr4rNiQ1ednoAfREqn_Yz017AFcsF0cFjs4xwQqfjiYDYm4MC6bTldKBc5XGFgyQ3rvkoZdGhWoSAIAh5p8CVOje_HDiCM-XEOcirk87HGg40spSeG2G3A30.Hn1iEYpFLqpKTqB4Cpnf0TQL2UBIKTpk8Pijm9bbGFc&amp;dib_tag=se&amp;keywords=PARIS+L%E2%80%99ATLAS+SECRET&amp;nsdOptOutParam=true&amp;qid=1733409849&amp;sprefix=paris+l+atlas+secret%2Caps%2C423&amp;sr=8-2\" target=\"_blank\" rel=\"noopener\">Acheter en ligne<\/a><\/div>\n<\/div>\n<div class=\"buttons_cont\">\n<div class=\"button_cont\" align=\"center\"><\/div>\n<\/div>\n","protected":false},"excerpt":{"rendered":"<p>Pour ceux qui pensaient bien conna\u00eetre Paris, la ville lumi\u00e8re continue de regorger de lieux insolites et secrets qu\u2019il est<\/p>\n","protected":false},"featured_media":13417,"template":"","meta":[],"product_brand":[],"product_cat":[554,165,292,522,287,288],"product_tag":[],"class_list":{"0":"post-13433","1":"product","2":"type-product","3":"status-publish","4":"has-post-thumbnail","6":"product_cat-atlas","7":"product_cat-english-fr","8":"product_cat-french-fr","9":"product_cat-german-fr","10":"product_cat-italian-fr","11":"product_cat-spanish-fr","13":"first","14":"instock","15":"shipping-taxable","16":"product-type-simple"},"aioseo_notices":[],"_links":{"self":[{"href":"https:\/\/jonglezpublishing.com\/fr\/wp-json\/wp\/v2\/product\/13433","targetHints":{"allow":["GET"]}}],"collection":[{"href":"https:\/\/jonglezpublishing.com\/fr\/wp-json\/wp\/v2\/product"}],"about":[{"href":"https:\/\/jonglezpublishing.com\/fr\/wp-json\/wp\/v2\/types\/product"}],"wp:featuredmedia":[{"embeddable":true,"href":"https:\/\/jonglezpublishing.com\/fr\/wp-json\/wp\/v2\/media\/13417"}],"wp:attachment":[{"href":"https:\/\/jonglezpublishing.com\/fr\/wp-json\/wp\/v2\/media?parent=13433"}],"wp:term":[{"taxonomy":"product_brand","embeddable":true,"href":"https:\/\/jonglezpublishing.com\/fr\/wp-json\/wp\/v2\/product_brand?post=13433"},{"taxonomy":"product_cat","embeddable":true,"href":"https:\/\/jonglezpublishing.com\/fr\/wp-json\/wp\/v2\/product_cat?post=13433"},{"taxonomy":"product_tag","embeddable":true,"href":"https:\/\/jonglezpublishing.com\/fr\/wp-json\/wp\/v2\/product_tag?post=13433"}],"curies":[{"name":"wp","href":"https:\/\/api.w.org\/{rel}","templated":true}]}}