{"id":13621,"date":"2025-03-26T15:31:01","date_gmt":"2025-03-26T13:31:01","guid":{"rendered":"https:\/\/jonglezpublishing.com\/?post_type=product&#038;p=13621"},"modified":"2025-03-26T15:37:20","modified_gmt":"2025-03-26T13:37:20","slug":"avignon-insolite-et-secrete","status":"publish","type":"product","link":"https:\/\/jonglezpublishing.com\/fr\/produit\/avignon-insolite-et-secrete\/","title":{"rendered":"AVIGNON INSOLITE ET SECR\u00c8TE"},"content":{"rendered":"<p>Un escalier qui compte autant de marches que de mots dans le Notre-P\u00e8re, la derni\u00e8re robe port\u00e9e par Marie Antoinette dans la sacristie de Notre-Dame-des-Doms, la sculpture d\u2019un homme avec une tour Eiffel dans le Palais des Papes, des graffitis de la main de M\u00e9rim\u00e9e dans la chapelle Saint-Martial, un chirurgien avignonnais qui op\u00e9ra Louis XIV de sa fistule anale, une main suspendue dans la coupole de l\u2019Oratoire, une dette laiss\u00e9e par Bonaparte au Grand Caf\u00e9 Barretta, une mosa\u00efque d\u00e9di\u00e9e \u00e0 la com\u00e8te de Halley, le souvenir d\u2019une vendetta avignonnaise, un<br \/>\nmaire nu sur un monument comm\u00e9moratif&#8230;<\/p>\n<p>Loin des foules et des clich\u00e9s habituels, Avignon garde encore des tr\u00e9sors bien cach\u00e9s qu\u2019elle ne r\u00e9v\u00e8le qu\u2019aux habitants et aux voyageurs qui savent sortir des sentiers battus.<\/p>\n<p>Un guide indispensable pour ceux qui pensaient bien conna\u00eetre Avignon ou pour ceux qui souhaitent d\u00e9couvrir l\u2019autre visage de la cit\u00e9 des papes.<\/p>\n<p class=\"p1\"><span class=\"s1\"><b>AUTEUR <\/b>: Nicole Cabassu<br \/>\n<\/span><span class=\"s1\"><strong>\u00c9DITION<\/strong>: 01<br \/>\n<\/span><span class=\"s1\"><b>PAGES : <\/b>272<br \/>\n<\/span><span class=\"s1\"><b>FORMAT <\/b>: 10.5 x 19 cm<br \/>\n<\/span><span class=\"s1\"><b>ISBN <\/b>: 978-2-36195-739-1<\/span><br \/>\n<span class=\"s1\"><b>PRIX <\/b>: 18,95 \u20ac <\/span>prix valable en France<br \/>\n<span class=\"s1\"><b>CONTACT <\/b>: <a href=\"mailto:info@editionsjonglez.com\">info@editionsjonglez.com<\/a><\/span><\/p>\n<div class=\"buttons_cont\">\n<div align=\"center\"><\/div>\n<div class=\"button_cont\" align=\"center\"><a class=\"gv_product_btn\" href=\"https:\/\/jonglezpublishing.com\/wp-content\/uploads\/2025\/03\/NEW_couv_Avignon-1-scaled.jpg\" target=\"_blank\" rel=\"noopener\">T\u00e9l\u00e9charger la couverture<\/a><\/div>\n<div class=\"button_cont\" align=\"center\"><a class=\"gv_product_btn\" href=\"https:\/\/jonglezpublishing.com\/wp-content\/uploads\/2025\/03\/Extrait-PDF-Avignon.pdf\" target=\"_blank\" rel=\"noopener\">Consulter le PDF<\/a><\/div>\n<div class=\"button_cont\" align=\"center\"><a class=\"gv_product_btn\" href=\"https:\/\/www.amazon.fr\/-\/en\/dp\/2361957396\/ref=sr_1_1?dib=eyJ2IjoiMSJ9.ZMmzHYLYHcfK3fee8MZgXCt5l25DYOY38v1cJl10l5rcwCsubUXMEjPq96JKLAnH.5tx1ybOYDXYukstL-0QZZS_MJm-jAtWnRITPz2vsH-w&amp;dib_tag=se&amp;keywords=AVIGNON+INSOLITE+ET+SECR%C3%88TE&amp;qid=1742996210&amp;sr=8-1\" target=\"_blank\" rel=\"noopener\">Acheter en ligne<\/a><\/div>\n<\/div>\n","protected":false},"excerpt":{"rendered":"<p>Un escalier qui compte autant de marches que de mots dans le Notre-P\u00e8re, la derni\u00e8re robe port\u00e9e par Marie Antoinette<\/p>\n","protected":false},"featured_media":13622,"template":"","meta":[],"product_brand":[],"product_cat":[292,420],"product_tag":[],"class_list":{"0":"post-13621","1":"product","2":"type-product","3":"status-publish","4":"has-post-thumbnail","6":"product_cat-french-fr","7":"product_cat-guides-insolites","9":"first","10":"instock","11":"shipping-taxable","12":"product-type-simple"},"aioseo_notices":[],"_links":{"self":[{"href":"https:\/\/jonglezpublishing.com\/fr\/wp-json\/wp\/v2\/product\/13621","targetHints":{"allow":["GET"]}}],"collection":[{"href":"https:\/\/jonglezpublishing.com\/fr\/wp-json\/wp\/v2\/product"}],"about":[{"href":"https:\/\/jonglezpublishing.com\/fr\/wp-json\/wp\/v2\/types\/product"}],"wp:featuredmedia":[{"embeddable":true,"href":"https:\/\/jonglezpublishing.com\/fr\/wp-json\/wp\/v2\/media\/13622"}],"wp:attachment":[{"href":"https:\/\/jonglezpublishing.com\/fr\/wp-json\/wp\/v2\/media?parent=13621"}],"wp:term":[{"taxonomy":"product_brand","embeddable":true,"href":"https:\/\/jonglezpublishing.com\/fr\/wp-json\/wp\/v2\/product_brand?post=13621"},{"taxonomy":"product_cat","embeddable":true,"href":"https:\/\/jonglezpublishing.com\/fr\/wp-json\/wp\/v2\/product_cat?post=13621"},{"taxonomy":"product_tag","embeddable":true,"href":"https:\/\/jonglezpublishing.com\/fr\/wp-json\/wp\/v2\/product_tag?post=13621"}],"curies":[{"name":"wp","href":"https:\/\/api.w.org\/{rel}","templated":true}]}}