{"id":13849,"date":"2025-05-26T15:25:37","date_gmt":"2025-05-26T12:25:37","guid":{"rendered":"https:\/\/jonglezpublishing.com\/?post_type=product&#038;p=13849"},"modified":"2025-05-27T10:10:47","modified_gmt":"2025-05-27T07:10:47","slug":"anjou-insolite-et-secret","status":"publish","type":"product","link":"https:\/\/jonglezpublishing.com\/fr\/produit\/anjou-insolite-et-secret\/","title":{"rendered":"ANJOU INSOLITE ET SECRET"},"content":{"rendered":"<p>Une \u00e9glise o\u00f9 Hitler et Mussolini apparaissent sous la forme de deux gargouilles aux traits de rapaces, une r\u00e9plique du tombeau du Christ \u00e0 J\u00e9rusalem, le dernier fabricant fran\u00e7ais de soldats de plomb, un collier pour soulager les douleurs dentaires des petits enfants, la preuve que le centre du monde habit\u00e9 serait en Anjou, l\u2019endroit o\u00f9 un chirurgien fit tanner les peaux de 32 cadavres pour en faire des pantalons, le culte autour d\u2019une tombe pour aider les enfants qui tardent \u00e0 marcher, la croix du chien qui serait revenu seul en Anjou depuis les Pyr\u00e9n\u00e9es, le monument en hommage \u00e0 l\u2019anc\u00eatre de 80 000 habitants d\u2019Am\u00e9rique du Nord, la relique de la ceinture de la Vierge Marie, le souvenir du premier martyr nord am\u00e9ricain de l\u2019\u00c9glise catholique, des doigts humains momifi\u00e9s cens\u00e9s prot\u00e9ger de la gangr\u00e8ne&#8230;<\/p>\n<p>Loin des foules et des clich\u00e9s habituels, l\u2019Anjou garde encore des tr\u00e9sors bien cach\u00e9s qu\u2019il ne r\u00e9v\u00e8le qu\u2019\u00e0 ses habitants et aux voyageurs qui savent sortir des sentiers battus.<\/p>\n<p>Un guide indispensable pour ceux qui pensent bien conna\u00eetre l\u2019Anjou ou pour ceux qui souhaitent d\u00e9couvrir un autre visage de la r\u00e9gion.<\/p>\n<p class=\"p1\"><span class=\"s1\"><b>AUTEUR <\/b>: Pierre-Louis Augereau<br \/>\n<\/span><span class=\"s1\"><strong>\u00c9DITION<\/strong>: 01<br \/>\n<\/span><span class=\"s1\"><b>PAGES :<\/b> 376<br \/>\n<\/span><span class=\"s1\"><b>FORMAT <\/b>: 10.5 x 19 cm<br \/>\n<\/span><span class=\"s1\"><b>ISBN <\/b>: 978-2-36195-845-9<\/span><br \/>\n<span class=\"s1\"><b>PRIX <\/b>: 18,95 \u20ac <\/span>prix valable en France<br \/>\n<span class=\"s1\"><b>CONTACT <\/b>: <a href=\"mailto:info@editionsjonglez.com\">info@editionsjonglez.com<\/a><\/span><\/p>\n<div class=\"buttons_cont\">\n<div align=\"center\"><\/div>\n<div class=\"button_cont\" align=\"center\"><a class=\"gv_product_btn\" href=\"https:\/\/jonglezpublishing.com\/wp-content\/uploads\/2025\/05\/NEW_couv_Anjou_RVB-scaled.jpg\" target=\"_blank\" rel=\"noopener\">T\u00e9l\u00e9charger la couverture<\/a><\/div>\n<div class=\"button_cont\" align=\"center\"><a class=\"gv_product_btn\" href=\"https:\/\/jonglezpublishing.com\/wp-content\/uploads\/2025\/05\/Extrait-PDF-Anjou.pdf\" target=\"_blank\" rel=\"noopener\">Consulter le PDF<\/a><\/div>\n<div class=\"button_cont\" align=\"center\"><a class=\"gv_product_btn\" href=\"https:\/\/www.amazon.fr\/-\/en\/Pierre-Louis-Augereau\/dp\/2361958457\/ref=sr_1_1?crid=1BMM3NUCVR9CF&amp;dib=eyJ2IjoiMSJ9.xXdajAYYqqmfcR_pIXFf5A.V_dpdr1uxuy5BHGd3u30bPtyk1saNbV3PaaoxgbysA0&amp;dib_tag=se&amp;keywords=ANJOU+INSOLITE+ET+SECRET&amp;qid=1748329752&amp;sprefix=anjou+insolite+et+secret%2Caps%2C2071&amp;sr=8-1\" target=\"_blank\" rel=\"noopener\">Acheter en ligne<\/a><\/div>\n<\/div>\n","protected":false},"excerpt":{"rendered":"<p>Une \u00e9glise o\u00f9 Hitler et Mussolini apparaissent sous la forme de deux gargouilles aux traits de rapaces, une r\u00e9plique du<\/p>\n","protected":false},"featured_media":13850,"template":"","meta":[],"product_brand":[],"product_cat":[292,420],"product_tag":[],"class_list":{"0":"post-13849","1":"product","2":"type-product","3":"status-publish","4":"has-post-thumbnail","6":"product_cat-french-fr","7":"product_cat-guides-insolites","9":"first","10":"instock","11":"shipping-taxable","12":"product-type-simple"},"aioseo_notices":[],"_links":{"self":[{"href":"https:\/\/jonglezpublishing.com\/fr\/wp-json\/wp\/v2\/product\/13849","targetHints":{"allow":["GET"]}}],"collection":[{"href":"https:\/\/jonglezpublishing.com\/fr\/wp-json\/wp\/v2\/product"}],"about":[{"href":"https:\/\/jonglezpublishing.com\/fr\/wp-json\/wp\/v2\/types\/product"}],"wp:featuredmedia":[{"embeddable":true,"href":"https:\/\/jonglezpublishing.com\/fr\/wp-json\/wp\/v2\/media\/13850"}],"wp:attachment":[{"href":"https:\/\/jonglezpublishing.com\/fr\/wp-json\/wp\/v2\/media?parent=13849"}],"wp:term":[{"taxonomy":"product_brand","embeddable":true,"href":"https:\/\/jonglezpublishing.com\/fr\/wp-json\/wp\/v2\/product_brand?post=13849"},{"taxonomy":"product_cat","embeddable":true,"href":"https:\/\/jonglezpublishing.com\/fr\/wp-json\/wp\/v2\/product_cat?post=13849"},{"taxonomy":"product_tag","embeddable":true,"href":"https:\/\/jonglezpublishing.com\/fr\/wp-json\/wp\/v2\/product_tag?post=13849"}],"curies":[{"name":"wp","href":"https:\/\/api.w.org\/{rel}","templated":true}]}}