{"id":13855,"date":"2025-05-27T10:21:04","date_gmt":"2025-05-27T07:21:04","guid":{"rendered":"https:\/\/jonglezpublishing.com\/?post_type=product&#038;p=13855"},"modified":"2025-05-27T10:34:41","modified_gmt":"2025-05-27T07:34:41","slug":"gironde-insolite-et-secrete","status":"publish","type":"product","link":"https:\/\/jonglezpublishing.com\/fr\/produit\/gironde-insolite-et-secrete\/","title":{"rendered":"GIRONDE INSOLITE ET SECR\u00c8TE"},"content":{"rendered":"<p>Un b\u00e9nitier \u00e0 hauteur de cheval, une fontaine pour gu\u00e9rir les maux de ventre et les probl\u00e8mes oculaires, un puits de p\u00e9trole au Cap-Ferret, un des rares vestiges encore visibles en France de la p\u00e9riode r\u00e9volutionnaire, un si\u00e8ge qui permettrait aux femmes de tomber enceintes, une loge ma\u00e7onnique du XVIIIe si\u00e8cle, un chai en forme de vaisseau spatial, les \u00e9mouvantes s\u00e9pultures des \u00ab mutil\u00e9s du cerveau \u00bb, un blockhaus oubli\u00e9 au Cap Ferret, le premier terrain d\u2019atterrissage au monde pour les ovnis&#8230;<\/p>\n<p>Loin des foules et des clich\u00e9s habituels, la Gironde garde encore des tr\u00e9sors bien cach\u00e9s qu\u2019elle ne r\u00e9v\u00e8le qu\u2019\u00e0 ses habitants et aux voyageurs qui savent sortir des sentiers battus.<\/p>\n<p>Un guide indispensable pour ceux qui pensent bien conna\u00eetre la Gironde ou pour ceux qui souhaitent d\u00e9couvrir un autre visage de la r\u00e9gion.<\/p>\n<p>Photo de couverture : Maison de Grave \u00a9 D\u00e9partement de la Gironde<\/p>\n<p style=\"text-align: center;\">\u00c9galement disponibles aux \u00c9ditions Jonglez :Bordeaux insolite et m\u00e9connu et Bassin d\u2019Arcachon m\u00e9connu<\/p>\n<p>&nbsp;<\/p>\n<p class=\"p1\"><span class=\"s1\"><b>AUTEUR <\/b>: Jean-Marie Beuzelin<br \/>\n<\/span><span class=\"s1\"><strong>\u00c9DITION<\/strong>: 01<br \/>\n<\/span><span class=\"s1\"><b>PAGES :<\/b> 240<br \/>\n<\/span><span class=\"s1\"><b>FORMAT <\/b>: 10.5 x 19 cm<br \/>\n<\/span><span class=\"s1\"><b>ISBN <\/b>: 978-2-36195-795-7<\/span><br \/>\n<span class=\"s1\"><b>PRIX <\/b>: 18,95 \u20ac <\/span>prix valable en France<br \/>\n<span class=\"s1\"><b>CONTACT <\/b>: <a href=\"mailto:info@editionsjonglez.com\">info@editionsjonglez.com<\/a><\/span><\/p>\n<div class=\"buttons_cont\">\n<div align=\"center\"><\/div>\n<div class=\"button_cont\" align=\"center\"><a class=\"gv_product_btn\" href=\"https:\/\/jonglezpublishing.com\/wp-content\/uploads\/2025\/05\/Couv_Gironde_RVB-scaled.jpg\" target=\"_blank\" rel=\"noopener\">T\u00e9l\u00e9charger la couverture<\/a><\/div>\n<div class=\"button_cont\" align=\"center\"><a class=\"gv_product_btn\" href=\"https:\/\/jonglezpublishing.com\/wp-content\/uploads\/2025\/05\/Extrait-Gironde.pdf\" target=\"_blank\" rel=\"noopener\">Consulter le PDF<\/a><\/div>\n<div class=\"button_cont\" align=\"center\"><a class=\"gv_product_btn\" href=\"https:\/\/www.amazon.fr\/-\/en\/Jean-Marie-Beuzelin\/dp\/2361957957\/ref=sr_1_1?dib=eyJ2IjoiMSJ9.LVLwAVzshCEg-_x6D6d_NQ.aDVjSZnu9veV14mv2Y67I9ftBxHz67YPe3xbGJW9l-I&amp;dib_tag=se&amp;keywords=GIRONDE+INSOLITE+ET+SECR%C3%88TE&amp;qid=1748331218&amp;sr=8-1\" target=\"_blank\" rel=\"noopener\">Acheter en ligne<\/a><\/div>\n<\/div>\n","protected":false},"excerpt":{"rendered":"<p>Un b\u00e9nitier \u00e0 hauteur de cheval, une fontaine pour gu\u00e9rir les maux de ventre et les probl\u00e8mes oculaires, un puits<\/p>\n","protected":false},"featured_media":13856,"template":"","meta":[],"product_brand":[],"product_cat":[292,420],"product_tag":[],"class_list":{"0":"post-13855","1":"product","2":"type-product","3":"status-publish","4":"has-post-thumbnail","6":"product_cat-french-fr","7":"product_cat-guides-insolites","9":"first","10":"instock","11":"shipping-taxable","12":"product-type-simple"},"aioseo_notices":[],"_links":{"self":[{"href":"https:\/\/jonglezpublishing.com\/fr\/wp-json\/wp\/v2\/product\/13855","targetHints":{"allow":["GET"]}}],"collection":[{"href":"https:\/\/jonglezpublishing.com\/fr\/wp-json\/wp\/v2\/product"}],"about":[{"href":"https:\/\/jonglezpublishing.com\/fr\/wp-json\/wp\/v2\/types\/product"}],"wp:featuredmedia":[{"embeddable":true,"href":"https:\/\/jonglezpublishing.com\/fr\/wp-json\/wp\/v2\/media\/13856"}],"wp:attachment":[{"href":"https:\/\/jonglezpublishing.com\/fr\/wp-json\/wp\/v2\/media?parent=13855"}],"wp:term":[{"taxonomy":"product_brand","embeddable":true,"href":"https:\/\/jonglezpublishing.com\/fr\/wp-json\/wp\/v2\/product_brand?post=13855"},{"taxonomy":"product_cat","embeddable":true,"href":"https:\/\/jonglezpublishing.com\/fr\/wp-json\/wp\/v2\/product_cat?post=13855"},{"taxonomy":"product_tag","embeddable":true,"href":"https:\/\/jonglezpublishing.com\/fr\/wp-json\/wp\/v2\/product_tag?post=13855"}],"curies":[{"name":"wp","href":"https:\/\/api.w.org\/{rel}","templated":true}]}}