{"id":13910,"date":"2025-06-09T10:55:31","date_gmt":"2025-06-09T07:55:31","guid":{"rendered":"https:\/\/jonglezpublishing.com\/?post_type=product&#038;p=13910"},"modified":"2026-02-26T09:34:13","modified_gmt":"2026-02-26T07:34:13","slug":"marseille-lautre-guide","status":"publish","type":"product","link":"https:\/\/jonglezpublishing.com\/fr\/produit\/marseille-lautre-guide\/","title":{"rendered":"MARSEILLE &#8211; L\u2019AUTRE GUIDE"},"content":{"rendered":"<div class=\"wpb-content-wrapper\"><p>[vc_row][vc_column][vc_column_text css=\u00a0\u00bb\u00a0\u00bb woodmart_inline=\u00a0\u00bbno\u00a0\u00bb text_larger=\u00a0\u00bbno\u00a0\u00bb]<\/p>\n<p style=\"text-align: center;\">ON A TEST\u00c9 1000 LIEUX,<br \/>\n<strong>ON EN A RETENU 30<\/strong><\/p>\n<p>Faire un tour des meilleures pizzas de la ville, dormir dans un vieux palace, entrer dans le secret du Mucem, explorer la culture du caf\u00e9 bar marseillais, suivre les traces de Pagnol, visiter une villa-galerie d\u2019art, commander un jus de fruits mythique, petit-d\u00e9jeuner au sommet des calanques&#8230;<\/p>\n<p>H\u00f4tels confidentiels, restos d\u2019exception, bars cach\u00e9s, balades secr\u00e8tes&#8230;<\/p>\n<p>L\u2019autre guide propose une s\u00e9lection exigeante et \u00e9clectique pour tous les budgets. Pens\u00e9 pour les voyageurs comme pour les habitants, il d\u00e9voile des adresses choisies avec soin par des auteurs locaux, o\u00f9 chaque lieu est la promesse d\u2019une d\u00e9couverte hors des sentiers battus, loin des foules. Une nouvelle approche de l\u2019art du voyage.<\/p>\n<p class=\"p1\"><span class=\"s1\"><b>AUTEUR\u00a0<\/b>: Ez\u00e9chiel Z\u00e9rah<br \/>\n<\/span><span class=\"s1\"><strong>\u00c9DITION<\/strong>: 01<br \/>\n<\/span><span class=\"s1\"><b>PAGES :\u00a0<\/b>128<br \/>\n<\/span><span class=\"s1\"><b>FORMAT\u00a0<\/b>: 200 x 135 mm<br \/>\n<\/span><span class=\"s1\"><b>ISBN\u00a0<\/b>: 978-2-36195-828-2<\/span><br \/>\n<span class=\"s1\"><b>PRIX\u00a0<\/b>: 14 , 95 \u20ac<\/span><br \/>\n<span class=\"s1\"><b>CONTACT\u00a0<\/b>:\u00a0<a href=\"mailto:info@editionsjonglez.com\">info@editionsjonglez.com<\/a><\/span><\/p>\n<div class=\"buttons_cont\">\n<div align=\"center\"><\/div>\n<div class=\"button_cont\" align=\"center\"><a class=\"gv_product_btn\" href=\"https:\/\/jonglezpublishing.com\/wp-content\/uploads\/2025\/06\/couv_SO_Marseille_FR_RVB-scaled.jpg\" target=\"_blank\" rel=\"noopener\">T\u00e9l\u00e9charger la couverture<\/a><\/div>\n<div class=\"button_cont\" align=\"center\"><a class=\"gv_product_btn\" href=\"https:\/\/jonglezpublishing.com\/wp-content\/uploads\/2025\/06\/EXTRAIT-SO-Marseille_FR.pdf\" target=\"_blank\" rel=\"noopener\">Consulter le PDF<\/a><\/div>\n<div class=\"button_cont\" align=\"center\"><a class=\"gv_product_btn\" href=\"https:\/\/www.amazon.fr\/-\/en\/%C3%89z%C3%A9chiel-Z%C3%A9rah\/dp\/2361958287\/ref=sr_1_1?dib=eyJ2IjoiMSJ9.JqXVxRgmzePQ64TrmbWJyhk5DlpWZfTjh_GJ7UDCSNIVkXdKhVJPxaWw6ljCnveq-_80puv2uPrvvzXs34OALxPYpBkVB-1PhXyJRya9UAWJ4ZDfgCGP1_U0bVH7E67nY-FT0iMENbyqayTA1Iq4uzSKMhwgyNZXkMqYd7hXgChVhYmUh9y_dnl-Pm0_o2bEoa25PZxO29yeXQI18_jtG2g09cLg9F_yDwJKLKMcWywwMkuX8Oi-q32E4_fe63MApoE1E7jPibdckTo3a4HYCaUFsEINNVbf368ddJD_wQE.EakE941kRvDWjbLtIYDbCm0_xI-Rvcooi3_z1kTSBkU&amp;dib_tag=se&amp;keywords=MARSEILLE+-+L%E2%80%99AUTRE+GUIDE&amp;qid=1750919864&amp;sr=8-1\" target=\"_blank\" rel=\"noopener\">Acheter en ligne<\/a><\/div>\n<\/div>\n<div class=\"buttons_cont\"><\/div>\n<p>[\/vc_column_text][\/vc_column][\/vc_row]<\/p>\n<\/div>","protected":false},"excerpt":{"rendered":"<p>[vc_row][vc_column][vc_column_text css=\u00a0\u00bb\u00a0\u00bb woodmart_inline=\u00a0\u00bbno\u00a0\u00bb text_larger=\u00a0\u00bbno\u00a0\u00bb] ON A TEST\u00c9 1000 LIEUX, ON EN A RETENU 30 Faire un tour des meilleures pizzas<\/p>\n","protected":false},"featured_media":13920,"template":"","meta":[],"product_brand":[],"product_cat":[165,292,522,287,444],"product_tag":[],"class_list":{"0":"post-13910","1":"product","2":"type-product","3":"status-publish","4":"has-post-thumbnail","6":"product_cat-english-fr","7":"product_cat-french-fr","8":"product_cat-german-fr","9":"product_cat-italian-fr","10":"product_cat-lautre-guide","12":"first","13":"instock","14":"shipping-taxable","15":"product-type-simple"},"aioseo_notices":[],"_links":{"self":[{"href":"https:\/\/jonglezpublishing.com\/fr\/wp-json\/wp\/v2\/product\/13910","targetHints":{"allow":["GET"]}}],"collection":[{"href":"https:\/\/jonglezpublishing.com\/fr\/wp-json\/wp\/v2\/product"}],"about":[{"href":"https:\/\/jonglezpublishing.com\/fr\/wp-json\/wp\/v2\/types\/product"}],"wp:featuredmedia":[{"embeddable":true,"href":"https:\/\/jonglezpublishing.com\/fr\/wp-json\/wp\/v2\/media\/13920"}],"wp:attachment":[{"href":"https:\/\/jonglezpublishing.com\/fr\/wp-json\/wp\/v2\/media?parent=13910"}],"wp:term":[{"taxonomy":"product_brand","embeddable":true,"href":"https:\/\/jonglezpublishing.com\/fr\/wp-json\/wp\/v2\/product_brand?post=13910"},{"taxonomy":"product_cat","embeddable":true,"href":"https:\/\/jonglezpublishing.com\/fr\/wp-json\/wp\/v2\/product_cat?post=13910"},{"taxonomy":"product_tag","embeddable":true,"href":"https:\/\/jonglezpublishing.com\/fr\/wp-json\/wp\/v2\/product_tag?post=13910"}],"curies":[{"name":"wp","href":"https:\/\/api.w.org\/{rel}","templated":true}]}}