{"id":13936,"date":"2025-06-09T11:13:42","date_gmt":"2025-06-09T08:13:43","guid":{"rendered":"https:\/\/jonglezpublishing.com\/?post_type=product&#038;p=13936"},"modified":"2025-06-09T11:53:04","modified_gmt":"2025-06-09T08:53:04","slug":"marseille-lautre-guide-copy","status":"publish","type":"product","link":"https:\/\/jonglezpublishing.com\/fr\/produit\/marseille-lautre-guide-copy\/","title":{"rendered":"BRUXELLES &#8211; L\u2019AUTRE GUIDE"},"content":{"rendered":"<p style=\"text-align: center;\">ON A TEST\u00c9 1000 LIEUX,<br \/>\n<strong>ON EN A RETENU 30<\/strong><\/p>\n<p>Faire la sieste au Palais de Justice, o\u00f9 trouver les meilleures les frites, se goinfrer de pralines, nager dans les hauteurs, descendre dans les entrailles, faire de la balan\u00e7oire dans une \u00e9glise, se faire pr\u00e9dire l\u2019avenir, renouer avec la magie de la for\u00eat&#8230; Des recoins secrets aux chefs d\u2019\u0153uvre m\u00e9connus de l\u2019Art nouveau, ce guide invite \u00e0 un voyage passionnant, entre exp\u00e9riences in\u00e9dites et nouvelles saveurs.<\/p>\n<p>H\u00f4tels confidentiels, restos d\u2019exception, bars cach\u00e9s, balades secr\u00e8tes&#8230;<\/p>\n<p>L\u2019Autre Guide propose une s\u00e9lection exigeante et \u00e9clectique pour tous les budgets. Pens\u00e9 pour les voyageurs comme pour les habitants, il d\u00e9voile des adresses choisies avec soin par des auteurs locaux, o\u00f9 chaque lieu est la promesse d\u2019une d\u00e9couverte hors des sentiers battus, loin des foules. Une nouvelle approche de l\u2019art du voyage.<\/p>\n<p>&nbsp;<\/p>\n<p class=\"p1\"><span class=\"s1\"><b>AUTEUR\u00a0<\/b>: Isabelle Douillet-De Pange et Allilalu<br \/>\n<\/span><span class=\"s1\"><strong>\u00c9DITION<\/strong>: 01<br \/>\n<\/span><span class=\"s1\"><b>PAGES :\u00a0<\/b>144<br \/>\n<\/span><span class=\"s1\"><b>FORMAT\u00a0<\/b>: 200 x 135 mm<br \/>\n<\/span><span class=\"s1\"><b>ISBN\u00a0<\/b>: 978-2-36195-818-3<\/span><br \/>\n<span class=\"s1\"><b>PRIX\u00a0<\/b>: 1 4 , 9 5 \u20ac<\/span><br \/>\n<span class=\"s1\"><b>CONTACT\u00a0<\/b>:\u00a0<a href=\"mailto:info@editionsjonglez.com\">info@editionsjonglez.com<\/a><\/span><\/p>\n<div class=\"buttons_cont\">\n<div align=\"center\"><\/div>\n<div class=\"button_cont\" align=\"center\"><a class=\"gv_product_btn\" href=\"https:\/\/jonglezpublishing.com\/wp-content\/uploads\/2025\/06\/Couv-SoBruxelles_FR_RVB-scaled.jpg\" target=\"_blank\" rel=\"noopener\">T\u00e9l\u00e9charger la couverture<\/a><\/div>\n<div class=\"button_cont\" align=\"center\"><a class=\"gv_product_btn\" href=\"https:\/\/jonglezpublishing.com\/wp-content\/uploads\/2025\/06\/EXTRAIT-SO-Bruxelles_FR.pdf\" target=\"_blank\" rel=\"noopener\">Consulter le PDF<\/a><\/div>\n<div class=\"button_cont\" align=\"center\"><a class=\"gv_product_btn\" href=\"https:\/\/www.amazon.fr\/-\/en\/Isabelle-Douillet-Pange\/dp\/236195818X\/ref=sr_1_1?crid=8XTEHGYIL2F9&amp;dib=eyJ2IjoiMSJ9.I4DpruRLN7JY0Wq8a6GtXRWy2bymm2oVd9BxPyBRp39I70nzR16Bj0dE8YRHAYDe.pyIud4ZnrZ2ZpKM3lH8tT7SyN0HYZpAtWRUbxVeleMk&amp;dib_tag=se&amp;keywords=BRUXELLES+-+L%E2%80%99AUTRE+GUIDE&amp;qid=1749458404&amp;sprefix=marseille+-+l+autre+guide%2Caps%2C1022&amp;sr=8-1\" target=\"_blank\" rel=\"noopener\">Acheter en ligne<\/a><\/div>\n<\/div>\n<div class=\"buttons_cont\"><\/div>\n","protected":false},"excerpt":{"rendered":"<p>ON A TEST\u00c9 1000 LIEUX, ON EN A RETENU 30 Faire la sieste au Palais de Justice, o\u00f9 trouver les<\/p>\n","protected":false},"featured_media":13955,"template":"","meta":[],"product_brand":[],"product_cat":[165,292,522,287,444],"product_tag":[],"class_list":{"0":"post-13936","1":"product","2":"type-product","3":"status-publish","4":"has-post-thumbnail","6":"product_cat-english-fr","7":"product_cat-french-fr","8":"product_cat-german-fr","9":"product_cat-italian-fr","10":"product_cat-lautre-guide","12":"first","13":"instock","14":"shipping-taxable","15":"product-type-simple"},"aioseo_notices":[],"_links":{"self":[{"href":"https:\/\/jonglezpublishing.com\/fr\/wp-json\/wp\/v2\/product\/13936","targetHints":{"allow":["GET"]}}],"collection":[{"href":"https:\/\/jonglezpublishing.com\/fr\/wp-json\/wp\/v2\/product"}],"about":[{"href":"https:\/\/jonglezpublishing.com\/fr\/wp-json\/wp\/v2\/types\/product"}],"wp:featuredmedia":[{"embeddable":true,"href":"https:\/\/jonglezpublishing.com\/fr\/wp-json\/wp\/v2\/media\/13955"}],"wp:attachment":[{"href":"https:\/\/jonglezpublishing.com\/fr\/wp-json\/wp\/v2\/media?parent=13936"}],"wp:term":[{"taxonomy":"product_brand","embeddable":true,"href":"https:\/\/jonglezpublishing.com\/fr\/wp-json\/wp\/v2\/product_brand?post=13936"},{"taxonomy":"product_cat","embeddable":true,"href":"https:\/\/jonglezpublishing.com\/fr\/wp-json\/wp\/v2\/product_cat?post=13936"},{"taxonomy":"product_tag","embeddable":true,"href":"https:\/\/jonglezpublishing.com\/fr\/wp-json\/wp\/v2\/product_tag?post=13936"}],"curies":[{"name":"wp","href":"https:\/\/api.w.org\/{rel}","templated":true}]}}