{"id":13971,"date":"2025-06-09T12:02:42","date_gmt":"2025-06-09T09:02:41","guid":{"rendered":"https:\/\/jonglezpublishing.com\/?post_type=product&#038;p=13971"},"modified":"2025-06-09T12:07:22","modified_gmt":"2025-06-09T09:07:22","slug":"milan-lautre-guide","status":"publish","type":"product","link":"https:\/\/jonglezpublishing.com\/fr\/produit\/milan-lautre-guide\/","title":{"rendered":"MILAN &#8211; L\u2019AUTRE GUIDE"},"content":{"rendered":"<p style=\"text-align: center;\">ON A TEST\u00c9 1000 LIEUX,<br \/>\n<strong>ON EN A RETENU 30<\/strong><\/p>\n<p>D\u00eener avec des inconnus dans un vieil appartement milanais, apprendre \u00e0 danser le liscio dans une vraie bocciofila, oublier le trafic urbain dans les eaux chaudes d\u2019une oasis thermale aux pieds des murs de Porta Romana, revivre les nuits des ann\u00e9es 1980 sous les n\u00e9ons du club qui a accueilli Andy Warhol, p\u00e9daler sur la piste en bois du temple du cyclisme italien, s\u2019aventurer dans le Wunderkammer r\u00e9unissant certaines des \u0153uvres d\u2019art les plus embl\u00e9matiques du<br \/>\nXXe si\u00e8cle, visiter une ancienne usine de locomotives transform\u00e9e en un centre culturel absolument exceptionnel&#8230;<\/p>\n<p>H\u00f4tels confidentiels, restos d\u2019exception, bars cach\u00e9s, balades secr\u00e8tes&#8230;<br \/>\nL\u2019Autre Guide propose une s\u00e9lection exigeante et \u00e9clectique pour tous les budgets. Pens\u00e9 pour les voyageurs comme pour les habitants, il d\u00e9voile des adresses choisies avec soin par des auteurs locaux, o\u00f9 chaque lieu est la promesse d\u2019une d\u00e9couverte hors des sentiers battus, loin des foules. Une nouvelle approche de l\u2019art du voyage.<\/p>\n<p>&nbsp;<\/p>\n<p class=\"p1\"><span class=\"s1\"><b>AUTEUR\u00a0<\/b>: Margherita Devalle<br \/>\n<\/span><span class=\"s1\"><strong>\u00c9DITION<\/strong>: 01<br \/>\n<\/span><span class=\"s1\"><b>PAGES :\u00a0<\/b>128<br \/>\n<\/span><span class=\"s1\"><b>FORMAT\u00a0<\/b>: 200 x 135 mm<br \/>\n<\/span><span class=\"s1\"><b>ISBN\u00a0<\/b>: 978-2-36195-830-5<\/span><br \/>\n<span class=\"s1\"><b>PRIX\u00a0<\/b>: 14 , 95 \u20ac<\/span><br \/>\n<span class=\"s1\"><b>CONTACT\u00a0<\/b>:\u00a0<a href=\"mailto:info@editionsjonglez.com\">info@editionsjonglez.com<\/a><\/span><\/p>\n<div class=\"buttons_cont\">\n<div align=\"center\"><\/div>\n<div class=\"button_cont\" align=\"center\"><a class=\"gv_product_btn\" href=\"https:\/\/jonglezpublishing.com\/wp-content\/uploads\/2025\/06\/couv_SO_Milan_FR_RVB-scaled.jpg\" target=\"_blank\" rel=\"noopener\">T\u00e9l\u00e9charger la couverture<\/a><\/div>\n<div class=\"button_cont\" align=\"center\"><a class=\"gv_product_btn\" href=\"https:\/\/jonglezpublishing.com\/wp-content\/uploads\/2025\/06\/Extrait-SO-Milan_FR.pdf\" target=\"_blank\" rel=\"noopener\">Consulter le PDF<\/a><\/div>\n<div class=\"button_cont\" align=\"center\"><a class=\"gv_product_btn\" href=\"https:\/\/www.amazon.fr\/-\/en\/Margherita-Devalle\/dp\/2361958309\/ref=sr_1_3?crid=389QGO0Z7OATO&amp;dib=eyJ2IjoiMSJ9.9UTdkoo9ZzvO5fz8WWq-SglOGWYfIr6rs7swF3sVnQnSnt2Cc1gSkHL8oLHnNYC6hzwHa6muhTgZVYzRrJbKXM5es-D_n29PAuYVHmNvam8.A2obbjEWnzPn0xoOWRe3BSqYg_BuGxQgbo7C66ns2jA&amp;dib_tag=se&amp;keywords=MILAN+-+L%E2%80%99AUTRE+GUIDE&amp;qid=1749460005&amp;sprefix=milan+-+l+autre+guide+%2Caps%2C292&amp;sr=8-3\" target=\"_blank\" rel=\"noopener\">Acheter en ligne<\/a><\/div>\n<\/div>\n<div class=\"buttons_cont\"><\/div>\n","protected":false},"excerpt":{"rendered":"<p>ON A TEST\u00c9 1000 LIEUX, ON EN A RETENU 30 D\u00eener avec des inconnus dans un vieil appartement milanais, apprendre<\/p>\n","protected":false},"featured_media":13981,"template":"","meta":[],"product_brand":[],"product_cat":[165,292,522,287,444],"product_tag":[],"class_list":{"0":"post-13971","1":"product","2":"type-product","3":"status-publish","4":"has-post-thumbnail","6":"product_cat-english-fr","7":"product_cat-french-fr","8":"product_cat-german-fr","9":"product_cat-italian-fr","10":"product_cat-lautre-guide","12":"first","13":"instock","14":"shipping-taxable","15":"product-type-simple"},"aioseo_notices":[],"_links":{"self":[{"href":"https:\/\/jonglezpublishing.com\/fr\/wp-json\/wp\/v2\/product\/13971","targetHints":{"allow":["GET"]}}],"collection":[{"href":"https:\/\/jonglezpublishing.com\/fr\/wp-json\/wp\/v2\/product"}],"about":[{"href":"https:\/\/jonglezpublishing.com\/fr\/wp-json\/wp\/v2\/types\/product"}],"wp:featuredmedia":[{"embeddable":true,"href":"https:\/\/jonglezpublishing.com\/fr\/wp-json\/wp\/v2\/media\/13981"}],"wp:attachment":[{"href":"https:\/\/jonglezpublishing.com\/fr\/wp-json\/wp\/v2\/media?parent=13971"}],"wp:term":[{"taxonomy":"product_brand","embeddable":true,"href":"https:\/\/jonglezpublishing.com\/fr\/wp-json\/wp\/v2\/product_brand?post=13971"},{"taxonomy":"product_cat","embeddable":true,"href":"https:\/\/jonglezpublishing.com\/fr\/wp-json\/wp\/v2\/product_cat?post=13971"},{"taxonomy":"product_tag","embeddable":true,"href":"https:\/\/jonglezpublishing.com\/fr\/wp-json\/wp\/v2\/product_tag?post=13971"}],"curies":[{"name":"wp","href":"https:\/\/api.w.org\/{rel}","templated":true}]}}