{"id":14302,"date":"2025-06-30T09:42:30","date_gmt":"2025-06-30T06:42:30","guid":{"rendered":"https:\/\/jonglezpublishing.com\/?post_type=product&#038;p=14302"},"modified":"2025-06-30T15:33:10","modified_gmt":"2025-06-30T12:33:10","slug":"milan-lautre-guide-copy","status":"publish","type":"product","link":"https:\/\/jonglezpublishing.com\/fr\/produit\/milan-lautre-guide-copy\/","title":{"rendered":"D\u00c9TROIT &#8211; L\u2019AUTRE GUIDE"},"content":{"rendered":"<p style=\"text-align: center;\">ON A TEST\u00c9 1000 LIEUX,<br \/>\n<strong>ON EN A RETENU 30<\/strong><\/p>\n<p>Profiter des bienfaits d\u2019un bania russe, savourer un cheesecake basque dans une ancienne caserne de pompiers, \u00e9couter un concert au c\u0153ur d\u2019un temple franc-ma\u00e7on, s\u2019initier au Feather Bowling, go\u00fbter la meilleure apple pie de votre vie, chiner des tr\u00e9sors litt\u00e9raires dans une ancienne usine de gants, laisser ses enfants s\u2019aventurer sur une aire de jeu futuriste&#8230;<\/p>\n<p>H\u00f4tels confidentiels, restos d\u2019exception, bars cach\u00e9s, balades secr\u00e8tes&#8230; L\u2019Autre Guide propose une s\u00e9lection exigeante et \u00e9clectique pour tous les budgets. Pens\u00e9 pour les voyageurs comme pour les habitants, il d\u00e9voile des adresses choisies avec soin par des auteurs locaux, o\u00f9 chaque lieu est la promesse d\u2019une d\u00e9couverte hors des sentiers battus, loin des foules. Une nouvelle approche de l\u2019art du voyage.<\/p>\n<p>&nbsp;<\/p>\n<p class=\"p1\"><span class=\"s1\"><b>AUTEUR\u00a0<\/b>: Margot Guicheteau<br \/>\n<\/span><span class=\"s1\"><strong>\u00c9DITION<\/strong>: 01<br \/>\n<\/span><span class=\"s1\"><b>PAGES :\u00a0<\/b>144<br \/>\n<\/span><span class=\"s1\"><b>FORMAT\u00a0<\/b>: 200 x 135 mm<br \/>\n<\/span><span class=\"s1\"><b>ISBN\u00a0<\/b>: 978-2-36195-928-9<\/span><br \/>\n<span class=\"s1\"><b>PRIX\u00a0<\/b>: 14 , 95 \u20ac<\/span><br \/>\n<span class=\"s1\"><b>CONTACT\u00a0<\/b>:\u00a0<a href=\"mailto:info@editionsjonglez.com\">info@editionsjonglez.com<\/a><\/span><\/p>\n<div class=\"buttons_cont\">\n<div align=\"center\"><\/div>\n<div class=\"button_cont\" align=\"center\"><a class=\"gv_product_btn\" href=\"https:\/\/jonglezpublishing.com\/wp-content\/uploads\/2025\/06\/couv_SO_Detroit_FR_RVB-scaled.jpg\" target=\"_blank\" rel=\"noopener\">T\u00e9l\u00e9charger la couverture<\/a><\/div>\n<div class=\"button_cont\" align=\"center\"><a class=\"gv_product_btn\" href=\"https:\/\/jonglezpublishing.com\/wp-content\/uploads\/2025\/06\/Extrait-SO-Detroit_FR.pdf\" target=\"_blank\" rel=\"noopener\">Consulter le PDF<\/a><\/div>\n<div class=\"button_cont\" align=\"center\"><a class=\"gv_product_btn\" href=\"https:\/\/www.amazon.fr\/-\/en\/Margot-Guicheteau\/dp\/2361959283\/ref=sr_1_1?dib=eyJ2IjoiMSJ9.6GQOxFOUqA4n4MwAPKg3jA.LlIzNSonlCHGr3Slu7ESln7_-F9LEUwCxVF89BeD0E0&amp;dib_tag=se&amp;keywords=D%C3%89TROIT+-+L%E2%80%99AUTRE+GUIDE&amp;qid=1751286768&amp;sr=8-1\" target=\"_blank\" rel=\"noopener\">Acheter en ligne<\/a><\/div>\n<\/div>\n<div class=\"buttons_cont\"><\/div>\n","protected":false},"excerpt":{"rendered":"<p>ON A TEST\u00c9 1000 LIEUX, ON EN A RETENU 30 Profiter des bienfaits d\u2019un bania russe, savourer un cheesecake basque<\/p>\n","protected":false},"featured_media":14311,"template":"","meta":[],"product_brand":[],"product_cat":[165,292,522,287,444],"product_tag":[],"class_list":{"0":"post-14302","1":"product","2":"type-product","3":"status-publish","4":"has-post-thumbnail","6":"product_cat-english-fr","7":"product_cat-french-fr","8":"product_cat-german-fr","9":"product_cat-italian-fr","10":"product_cat-lautre-guide","12":"first","13":"instock","14":"shipping-taxable","15":"product-type-simple"},"aioseo_notices":[],"_links":{"self":[{"href":"https:\/\/jonglezpublishing.com\/fr\/wp-json\/wp\/v2\/product\/14302","targetHints":{"allow":["GET"]}}],"collection":[{"href":"https:\/\/jonglezpublishing.com\/fr\/wp-json\/wp\/v2\/product"}],"about":[{"href":"https:\/\/jonglezpublishing.com\/fr\/wp-json\/wp\/v2\/types\/product"}],"wp:featuredmedia":[{"embeddable":true,"href":"https:\/\/jonglezpublishing.com\/fr\/wp-json\/wp\/v2\/media\/14311"}],"wp:attachment":[{"href":"https:\/\/jonglezpublishing.com\/fr\/wp-json\/wp\/v2\/media?parent=14302"}],"wp:term":[{"taxonomy":"product_brand","embeddable":true,"href":"https:\/\/jonglezpublishing.com\/fr\/wp-json\/wp\/v2\/product_brand?post=14302"},{"taxonomy":"product_cat","embeddable":true,"href":"https:\/\/jonglezpublishing.com\/fr\/wp-json\/wp\/v2\/product_cat?post=14302"},{"taxonomy":"product_tag","embeddable":true,"href":"https:\/\/jonglezpublishing.com\/fr\/wp-json\/wp\/v2\/product_tag?post=14302"}],"curies":[{"name":"wp","href":"https:\/\/api.w.org\/{rel}","templated":true}]}}