{"id":14437,"date":"2025-10-14T12:36:11","date_gmt":"2025-10-14T09:36:11","guid":{"rendered":"https:\/\/jonglezpublishing.com\/?post_type=product&#038;p=14437"},"modified":"2025-10-14T13:28:47","modified_gmt":"2025-10-14T10:28:47","slug":"detroit-lautre-guide-copy","status":"publish","type":"product","link":"https:\/\/jonglezpublishing.com\/fr\/produit\/detroit-lautre-guide-copy\/","title":{"rendered":"VIENNE &#8211; L\u2019AUTRE GUIDE"},"content":{"rendered":"<p style=\"text-align: center;\">ON A TEST\u00c9 1000 LIEUX,<br \/>\n<strong>ON EN A RETENU 30<\/strong><\/p>\n<p>D\u00e9couvrir les plus beaux caf\u00e9s traditionnels loin des foules ou une des meilleures boutiques de mode vintage au monde, visiter un magnifique ch\u00e2teau Renaissance que m\u00eame les locaux ne connaissent pas, d\u00e9guster un goulash exceptionnel, se baigner dans une piscine Art d\u00e9co de toute splendeur, manger dans des restaurants d\u2019exception hors des circuits touristiques, chanter avec une l\u00e9gende autrichienne du football, passer la nuit dans un dortoir de luxe ou dans de splendides h\u00f4tels de charme&#8230;<\/p>\n<p>H\u00f4tels confidentiels, restos d\u2019exception, bars cach\u00e9s, balades secr\u00e8tes&#8230; L\u2019Autre Guide propose une s\u00e9lection exigeante et \u00e9clectique pour tous les budgets. Pens\u00e9 pour les voyageurs comme pour les habitants, il d\u00e9voile des adresses choisies avec soin par des auteurs locaux, o\u00f9 chaque lieu est la promesse d\u2019une d\u00e9couverte hors des sentiers battus, loin des foules. Une nouvelle approche de l\u2019art du voyage.<\/p>\n<p>&nbsp;<\/p>\n<p class=\"p1\"><span class=\"s1\"><b>AUTEURS <\/b>: Barbara Kadletz et Wolfgang Reitter<br \/>\n<\/span><span class=\"s1\"><strong>\u00c9DITION<\/strong>: 01<br \/>\n<\/span><span class=\"s1\"><b>PAGES :\u00a0<\/b>128<br \/>\n<\/span><span class=\"s1\"><b>FORMAT\u00a0<\/b>: 200 x 135 mm<br \/>\n<\/span><span class=\"s1\"><b>ISBN\u00a0<\/b>: 978-2-36195-810-7<\/span><br \/>\n<span class=\"s1\"><b>PRIX\u00a0<\/b>: 14,95 \u20ac<\/span><br \/>\n<span class=\"s1\"><b>CONTACT\u00a0<\/b>:\u00a0<a href=\"mailto:info@editionsjonglez.com\">info@editionsjonglez.com<\/a><\/span><\/p>\n<div class=\"buttons_cont\">\n<div align=\"center\"><\/div>\n<div class=\"button_cont\" align=\"center\"><a class=\"gv_product_btn\" href=\"https:\/\/jonglezpublishing.com\/wp-content\/uploads\/2025\/10\/couv_SO_Vienne_FR_CMJN_print-scaled.jpg\" target=\"_blank\" rel=\"noopener\">T\u00e9l\u00e9charger la couverture<\/a><\/div>\n<div class=\"button_cont\" align=\"center\"><a class=\"gv_product_btn\" href=\"https:\/\/jonglezpublishing.com\/wp-content\/uploads\/2025\/10\/Extrait-SO-Vienne_FR.pdf\" target=\"_blank\" rel=\"noopener\">Consulter le PDF<\/a><\/div>\n<div class=\"button_cont\" align=\"center\"><a class=\"gv_product_btn\" href=\"https:\/\/www.amazon.fr\/-\/en\/Wolfgang-Reitter\/dp\/2361958104\/ref=sr_1_1?crid=3P805BUVWOM49&amp;dib=eyJ2IjoiMSJ9.DmEmvpe2yw1WBkwRkTLTIKme8NKw8Zx5uUiYe40S0K4TijXb1-3VeYy0p2AMgvsHfD3q5ZFGJg0FJn0gArelUkHRY7-BAfVrWES-VfgNL4ZZBExlG2Kx2pB1ufxTAXqXNN4diE1M5ZaQOXODlDLxbr50RpsUgt8jRbMSSrlJLTVmA6UxpI2XjzVIZMOKfyDNjJDbjjZwedqcrNJ12NmE7xrjQbZpBR1PRNDSZ8Cem5i-tXFLTp-2VwTTiVFLCrB7iZCiV7q4Cemm-RGF--376qM48XEnN6jwKK5zf5uir6g.v5BBhNOBNld6MGJeIjMzU4gV-MDITLSbN0xp8XvlrJA&amp;dib_tag=se&amp;keywords=VIENNE+-+L%E2%80%99AUTRE+GUIDE&amp;qid=1760437150&amp;sprefix=vienne+-+l+autre+guide%2Caps%2C346&amp;sr=8-1\" target=\"_blank\" rel=\"noopener\">Acheter en ligne<\/a><\/div>\n<\/div>\n<div class=\"buttons_cont\"><\/div>\n","protected":false},"excerpt":{"rendered":"<p>ON A TEST\u00c9 1000 LIEUX, ON EN A RETENU 30 D\u00e9couvrir les plus beaux caf\u00e9s traditionnels loin des foules ou<\/p>\n","protected":false},"featured_media":14465,"template":"","meta":[],"product_brand":[],"product_cat":[165,292,522,287,444],"product_tag":[],"class_list":{"0":"post-14437","1":"product","2":"type-product","3":"status-publish","4":"has-post-thumbnail","6":"product_cat-english-fr","7":"product_cat-french-fr","8":"product_cat-german-fr","9":"product_cat-italian-fr","10":"product_cat-lautre-guide","12":"first","13":"instock","14":"shipping-taxable","15":"product-type-simple"},"aioseo_notices":[],"_links":{"self":[{"href":"https:\/\/jonglezpublishing.com\/fr\/wp-json\/wp\/v2\/product\/14437","targetHints":{"allow":["GET"]}}],"collection":[{"href":"https:\/\/jonglezpublishing.com\/fr\/wp-json\/wp\/v2\/product"}],"about":[{"href":"https:\/\/jonglezpublishing.com\/fr\/wp-json\/wp\/v2\/types\/product"}],"wp:featuredmedia":[{"embeddable":true,"href":"https:\/\/jonglezpublishing.com\/fr\/wp-json\/wp\/v2\/media\/14465"}],"wp:attachment":[{"href":"https:\/\/jonglezpublishing.com\/fr\/wp-json\/wp\/v2\/media?parent=14437"}],"wp:term":[{"taxonomy":"product_brand","embeddable":true,"href":"https:\/\/jonglezpublishing.com\/fr\/wp-json\/wp\/v2\/product_brand?post=14437"},{"taxonomy":"product_cat","embeddable":true,"href":"https:\/\/jonglezpublishing.com\/fr\/wp-json\/wp\/v2\/product_cat?post=14437"},{"taxonomy":"product_tag","embeddable":true,"href":"https:\/\/jonglezpublishing.com\/fr\/wp-json\/wp\/v2\/product_tag?post=14437"}],"curies":[{"name":"wp","href":"https:\/\/api.w.org\/{rel}","templated":true}]}}