{"id":14515,"date":"2025-10-14T16:15:50","date_gmt":"2025-10-14T13:15:50","guid":{"rendered":"https:\/\/jonglezpublishing.com\/?post_type=product&#038;p=14515"},"modified":"2025-11-04T08:10:56","modified_gmt":"2025-11-04T06:10:56","slug":"theatres-parisiens-lieux-dexception","status":"publish","type":"product","link":"https:\/\/jonglezpublishing.com\/fr\/produit\/theatres-parisiens-lieux-dexception\/","title":{"rendered":"TH\u00c9\u00c2TRES PARISIENS &#8211; LIEUX D\u2019EXCEPTION"},"content":{"rendered":"<div class=\"wpb-content-wrapper\"><p>[vc_row][vc_column][vc_column_text css=\u00a0\u00bb\u00a0\u00bb woodmart_inline=\u00a0\u00bbno\u00a0\u00bb text_larger=\u00a0\u00bbno\u00a0\u00bb]Si tout le monde conna\u00eet le Palais Garnier, bien peu mesurent la richesse et la beaut\u00e9 des nombreux autres th\u00e9\u00e2tres de Paris et sa r\u00e9gion. Pourtant, leur architecture est souvent \u00e0 couper le souffle. Dimitri Bourriau a photographi\u00e9 pr\u00e8s de cinquante de ces sc\u00e8nes d\u2019exception. Son regard r\u00e9v\u00e8le des compositions \u00e0 la g\u00e9om\u00e9trie presque parfaite, des lignes harmonieuses, des d\u00e9cors somptueux, o\u00f9 chaque d\u00e9tail contribue \u00e0 une impression de grandeur sereine. Il nous convie ainsi \u00e0 les contempler dans le silence qui pr\u00e9c\u00e8de la repr\u00e9sentation, comme des \u0153uvres d\u2019art \u00e0 part enti\u00e8re. Et si la splendeur des lieux n\u2019\u00e9tait qu\u2019un pr\u00e9lude ? Une invitation \u00e0 franchir le seuil, \u00e0 s\u2019installer, \u00e0 se laisser emporter. Car derri\u00e8re les dorures et les velours, c\u2019est un autre spectacle qui commence. Place au th\u00e9\u00e2tre, \u00e0 la musique ! Chaque repr\u00e9sentation devient la promesse d\u2019un moment unique, parfois inoubliable. Une soir\u00e9e au th\u00e9\u00e2tre comporte toujours un peu de magie. Ce livre en porte la trace.<\/p>\n<div>\n<p class=\"p1\"><span class=\"s1\"><b>AUTEUR\u00a0<\/b>: Dimitri Bourriau<\/span><span class=\"s1\"><br \/>\n<\/span><span class=\"s1\"><b>FORMAT\u00a0<\/b>: 190 x 240mm<br \/>\n<\/span><span class=\"s1\"><b>ISBN\u00a0<\/b>: 978-2-36195-948-7<\/span><br \/>\n<span class=\"s1\"><b>PRIX\u00a0<\/b>: 39,95 \u20ac\u00a0<\/span><br \/>\n<span class=\"s1\"><b>CONTACT\u00a0<\/b>:\u00a0<a href=\"mailto:infos@editionsjonglez.com\">infos@editionsjonglez.com<\/a><\/span><\/p>\n<div class=\"buttons_cont\">\n<div align=\"center\"><\/div>\n<div class=\"button_cont\" align=\"center\"><a class=\"gv_product_btn\" href=\"https:\/\/jonglezpublishing.com\/wp-content\/uploads\/2025\/10\/Site-Jonglez_Couverture-Theatre-Paris_RVB-scaled.jpg\" target=\"_blank\" rel=\"noopener\">T\u00e9l\u00e9charger la couverture<\/a><\/div>\n<div class=\"button_cont\" align=\"center\"><a class=\"gv_product_btn\" href=\"https:\/\/jonglezpublishing.com\/wp-content\/uploads\/2025\/10\/Extrait-Theatres-parisiens.pdf\" target=\"_blank\" rel=\"noopener\">Consulter le PDF<\/a><\/div>\n<div class=\"button_cont\" align=\"center\"><a class=\"gv_product_btn\" href=\"https:\/\/www.amazon.fr\/-\/en\/Dimitri-Bourriau\/dp\/2361959488\/ref=sr_1_3?crid=ZLDU62Q4V5WP&amp;dib=eyJ2IjoiMSJ9.KJPImLUNgiHjsOOWdJSdaesle53GGtUKGvtN_af94iD08DGJTlbVEgU8Iix8HLQiqdHhFqgw7a-SqM3aKsBXanto7USi2Ozl-K-eXvzreGOJ9ABbWAuch69rBgO4zxsL1tJdx4UYNzbsooEtecQfRfdgO5fPePgyS5sIcGGC84dPRpkzttHzzJ2X1PWqzZvHGWBnS4T3U8RfBfYdJD7a4fUOqMWeozzUYrEKE0giKRBbTTGE0qrk5pmQXS2qK5bn92DJHXGVBHi9g8gZCoNbz7nPXCsEYFDfq7hXocla-GI.1FKGWt7iWvWfvBFfddbeXJlhzIBL_yhhPZtxqvK2wP4&amp;dib_tag=se&amp;keywords=TH%C3%89%C3%82TRES+PARISIENS&amp;qid=1760448072&amp;sprefix=th%C3%A9%C3%A2tres+parisiens+-+lieux+d+exception%2Caps%2C266&amp;sr=8-3\" target=\"_blank\" rel=\"noopener\">Acheter en ligne<\/a><\/div>\n<\/div>\n<\/div>\n<p>[\/vc_column_text][\/vc_column][\/vc_row]<\/p>\n<\/div>","protected":false},"excerpt":{"rendered":"<p>[vc_row][vc_column][vc_column_text css=\u00a0\u00bb\u00a0\u00bb woodmart_inline=\u00a0\u00bbno\u00a0\u00bb text_larger=\u00a0\u00bbno\u00a0\u00bb]Si tout le monde conna\u00eet le Palais Garnier, bien peu mesurent la richesse et la beaut\u00e9 des<\/p>\n","protected":false},"featured_media":14525,"template":"","meta":[],"product_brand":[],"product_cat":[442,292],"product_tag":[],"class_list":{"0":"post-14515","1":"product","2":"type-product","3":"status-publish","4":"has-post-thumbnail","6":"product_cat-beaux-livres","7":"product_cat-french-fr","9":"first","10":"instock","11":"shipping-taxable","12":"product-type-simple"},"aioseo_notices":[],"_links":{"self":[{"href":"https:\/\/jonglezpublishing.com\/fr\/wp-json\/wp\/v2\/product\/14515","targetHints":{"allow":["GET"]}}],"collection":[{"href":"https:\/\/jonglezpublishing.com\/fr\/wp-json\/wp\/v2\/product"}],"about":[{"href":"https:\/\/jonglezpublishing.com\/fr\/wp-json\/wp\/v2\/types\/product"}],"wp:featuredmedia":[{"embeddable":true,"href":"https:\/\/jonglezpublishing.com\/fr\/wp-json\/wp\/v2\/media\/14525"}],"wp:attachment":[{"href":"https:\/\/jonglezpublishing.com\/fr\/wp-json\/wp\/v2\/media?parent=14515"}],"wp:term":[{"taxonomy":"product_brand","embeddable":true,"href":"https:\/\/jonglezpublishing.com\/fr\/wp-json\/wp\/v2\/product_brand?post=14515"},{"taxonomy":"product_cat","embeddable":true,"href":"https:\/\/jonglezpublishing.com\/fr\/wp-json\/wp\/v2\/product_cat?post=14515"},{"taxonomy":"product_tag","embeddable":true,"href":"https:\/\/jonglezpublishing.com\/fr\/wp-json\/wp\/v2\/product_tag?post=14515"}],"curies":[{"name":"wp","href":"https:\/\/api.w.org\/{rel}","templated":true}]}}