{"id":14580,"date":"2025-11-06T09:30:14","date_gmt":"2025-11-06T07:30:14","guid":{"rendered":"https:\/\/jonglezpublishing.com\/?post_type=product&#038;p=14580"},"modified":"2025-11-06T09:55:48","modified_gmt":"2025-11-06T07:55:48","slug":"budapest-insolite-et-secrete-copy","status":"publish","type":"product","link":"https:\/\/jonglezpublishing.com\/fr\/produit\/budapest-insolite-et-secrete-copy\/","title":{"rendered":"STRASBOURG M\u00c9CONNU"},"content":{"rendered":"<div class=\"wpb-content-wrapper\"><p>[vc_row][vc_column][vc_column_text css=\u00a0\u00bb\u00a0\u00bb woodmart_inline=\u00a0\u00bbno\u00a0\u00bb text_larger=\u00a0\u00bbno\u00a0\u00bb]Le profil de l\u2019empereur allemand Guillaume II sur les grilles du Palais du Rhin, le graffiti laiss\u00e9 par Goethe sur la plateforme de la cath\u00e9drale, le souvenir des \u00e9choppes et des prostitu\u00e9es qui vendaient leurs charmes dans le sanctuaire, un vestige de tour romaine cach\u00e9 sous un supermarch\u00e9, une r\u00e9serve naturelle dissimul\u00e9e au c\u0153ur d\u2019une zone industrielle, un vestige des bains pour chiens, une exceptionnelle biblioth\u00e8que humaniste, l\u2019une des plus vieilles pharmacies d\u2019Europe&#8230;<\/p>\n<p>Loin des foules et des clich\u00e9s habituels, Strasbourg garde encore des tr\u00e9sors bien cach\u00e9s qu\u2019elle ne r\u00e9v\u00e8le qu\u2019aux habitants et aux voyageurs qui savent sortir des sentiers battus.<\/p>\n<p>Un guide indispensable pour ceux qui pensaient bien conna\u00eetre Strasbourg ou pour ceux qui souhaitent d\u00e9couvrir l\u2019autre visage de la ville.<\/p>\n<p><b>AUTEURES <\/b>: Guillaume Bouvier, V\u00e9ronique Herbreteau et Isabelle Kapp<br \/>\n<b>PAGES\u00a0<\/b>: 304<br \/>\n<b>FORMAT\u00a0<\/b>: 10.5 x 19 cm<br \/>\n<b>ISBN\u00a0<\/b>: 978-2-36195-149-8<br \/>\n<b>PRIX\u00a0<\/b>: 18,95 \u20ac [prix valable en France]<br \/>\n<b>CONTACT\u00a0<\/b>:\u00a0<a href=\"mailto:info@editionsjonglez.com\">info@editionsjonglez.com<\/a><\/p>\n<div class=\"buttons_cont\">\n<div align=\"center\"><\/div>\n<div class=\"button_cont\" align=\"center\"><a class=\"gv_product_btn\" href=\"https:\/\/jonglezpublishing.com\/wp-content\/uploads\/2025\/11\/NEW_couv_Strasbourg_FR_RVB-scaled.jpg\" target=\"_blank\" rel=\"noopener\">T\u00e9l\u00e9charger la couverture<\/a><\/div>\n<div class=\"button_cont\" align=\"center\"><a class=\"gv_product_btn\" href=\"https:\/\/jonglezpublishing.com\/wp-content\/uploads\/2025\/11\/Extrait-PDF-Strasbourg_FR.pdf\" target=\"_blank\" rel=\"noopener\">Consulter le PDF<\/a><\/div>\n<div class=\"button_cont\" align=\"center\"><a class=\"gv_product_btn\" href=\"https:\/\/www.amazon.fr\/-\/en\/Guillaume-Bouvier\/dp\/2361951495\/ref=sr_1_3?crid=3DCO5G74JL8RH&amp;dib=eyJ2IjoiMSJ9.3VrkswHs6wGNbSyJDFV0UxkzJgeGKawUqFsyl_ICiCZg4zLj37wTwJn9LoCoKeIE7EYZsN3uVxMLnukfxsc31mFt2I1gAlUm7T4Ml-K_EpbgDcAF4KKXs79sTgaThLAv.qBJ3ghCr7nVUGZOuks8MeE8nNZkYSD3aJuQ7bh2uoW0&amp;dib_tag=se&amp;keywords=STRASBOURG+M%C3%89CONNU&amp;qid=1762415704&amp;sprefix=strasbourg+m%C3%A9connu%2Caps%2C309&amp;sr=8-3\" target=\"_blank\" rel=\"noopener\">Acheter en ligne<\/a><\/div>\n<\/div>\n<div class=\"buttons_cont\"><\/div>\n<p>[\/vc_column_text][\/vc_column][\/vc_row]<\/p>\n<\/div>","protected":false},"excerpt":{"rendered":"<p>[vc_row][vc_column][vc_column_text css=\u00a0\u00bb\u00a0\u00bb woodmart_inline=\u00a0\u00bbno\u00a0\u00bb text_larger=\u00a0\u00bbno\u00a0\u00bb]Le profil de l\u2019empereur allemand Guillaume II sur les grilles du Palais du Rhin, le graffiti laiss\u00e9<\/p>\n","protected":false},"featured_media":14596,"template":"","meta":[],"product_brand":[],"product_cat":[165,292,522,420],"product_tag":[],"class_list":{"0":"post-14580","1":"product","2":"type-product","3":"status-publish","4":"has-post-thumbnail","6":"product_cat-english-fr","7":"product_cat-french-fr","8":"product_cat-german-fr","9":"product_cat-guides-insolites","11":"first","12":"instock","13":"shipping-taxable","14":"product-type-simple"},"aioseo_notices":[],"_links":{"self":[{"href":"https:\/\/jonglezpublishing.com\/fr\/wp-json\/wp\/v2\/product\/14580","targetHints":{"allow":["GET"]}}],"collection":[{"href":"https:\/\/jonglezpublishing.com\/fr\/wp-json\/wp\/v2\/product"}],"about":[{"href":"https:\/\/jonglezpublishing.com\/fr\/wp-json\/wp\/v2\/types\/product"}],"wp:featuredmedia":[{"embeddable":true,"href":"https:\/\/jonglezpublishing.com\/fr\/wp-json\/wp\/v2\/media\/14596"}],"wp:attachment":[{"href":"https:\/\/jonglezpublishing.com\/fr\/wp-json\/wp\/v2\/media?parent=14580"}],"wp:term":[{"taxonomy":"product_brand","embeddable":true,"href":"https:\/\/jonglezpublishing.com\/fr\/wp-json\/wp\/v2\/product_brand?post=14580"},{"taxonomy":"product_cat","embeddable":true,"href":"https:\/\/jonglezpublishing.com\/fr\/wp-json\/wp\/v2\/product_cat?post=14580"},{"taxonomy":"product_tag","embeddable":true,"href":"https:\/\/jonglezpublishing.com\/fr\/wp-json\/wp\/v2\/product_tag?post=14580"}],"curies":[{"name":"wp","href":"https:\/\/api.w.org\/{rel}","templated":true}]}}