{"id":14627,"date":"2019-03-04T16:55:12","date_gmt":"2019-03-04T14:55:12","guid":{"rendered":"https:\/\/jonglezpublishing.com\/?post_type=product&#038;p=14627"},"modified":"2025-11-06T10:40:02","modified_gmt":"2025-11-06T08:40:02","slug":"new-york-bars-et-restos-secrets","status":"publish","type":"product","link":"https:\/\/jonglezpublishing.com\/fr\/produit\/new-york-bars-et-restos-secrets\/","title":{"rendered":"NEW YORK &#8211; BARS ET RESTOS SECRETS"},"content":{"rendered":"<div class=\"wpb-content-wrapper\"><p>[vc_row][vc_column][vc_column_text css=\u00a0\u00bb\u00a0\u00bb woodmart_inline=\u00a0\u00bbno\u00a0\u00bb text_larger=\u00a0\u00bbno\u00a0\u00bb]La cantine d\u2019un temple Hare Krishna, un bar mexicain servant du pulque dans un sous-sol de Chinatown, un restaurant d\u2019Asie centrale au-dessus du plus grand quartier diamantaire du monde, un comptoir minuscule dans une zone de fret, un chalet de ski suisse cach\u00e9 derri\u00e8re la cuisine d\u2019un autre restaurant, un repaire pris\u00e9 des c\u00e9l\u00e9brit\u00e9s \u00e0 l\u2019int\u00e9rieur de la boutique d\u2019un pr\u00eateur sur gages, une salle de danse dissimul\u00e9e \u00e0 l\u2019arri\u00e8re d\u2019un salon de coiffure&#8230;<\/p>\n<p>Plus de 100 pages de d\u00e9cors \u00e9tonnants, d\u2019endroits excentriques, de plats bizarres, de nouveaux venus, d\u2019\u00e9tablissements de longue date et bien plus encore qui raviront et surprendront les amoureux du design underground et post-industriel, les gourmets raffin\u00e9s, les amateurs de cocktails et tous ceux qui souhaitent d\u00e9couvrir les innombrables fa\u00e7ons de s\u2019amuser \u00e0 New York.<\/p>\n<p>Un guide indispensable pour profiter des incroyables bars et restaurants cach\u00e9s des diff\u00e9rents quartiers.<\/p>\n<p><b>AUTEURES <\/b>: Michelle Young, Laura Itzkowitz et Hannah Frishberg<br \/>\n<b>PAGES : <\/b>192<br \/>\n<b>FORMAT\u00a0<\/b>: 10.5 x 19 cm<br \/>\n<b>ISBN\u00a0<\/b>: 978-2-36195-809-1<br \/>\n<b>PRIX\u00a0<\/b>: 18,95 \u20ac &#8211; US$19.95<br \/>\n<b>CONTACT\u00a0<\/b>:\u00a0<a href=\"mailto:infos@editionsjonglez.com\">infos@editionsjonglez.com<\/a><\/p>\n<div class=\"buttons_cont\">\n<div class=\"button_cont\" align=\"center\"><a class=\"gv_product_btn\" href=\"https:\/\/jonglezpublishing.com\/wp-content\/uploads\/2025\/11\/couv_NY-Bars_FR_RVB-scaled.jpg\" target=\"_blank\" rel=\"noopener\">T\u00e9l\u00e9charger la couverture<\/a><\/div>\n<div class=\"button_cont\" align=\"center\"><a class=\"gv_product_btn\" href=\"https:\/\/jonglezpublishing.com\/wp-content\/uploads\/2025\/11\/Extrait-NYBars_FR.pdf\" target=\"_blank\" rel=\"noopener\">Consulter le PDF<\/a><\/div>\n<div class=\"button_cont\" align=\"center\"><a class=\"gv_product_btn\" href=\"https:\/\/www.amazon.fr\/-\/en\/Michelle-Young\/dp\/2361958090\/ref=sr_1_1?crid=3O7WO7V8YQT59&amp;dib=eyJ2IjoiMSJ9.9i2p57-vnhNbbELIjL7yEg.3bFVDbZs1icbjyZTvzTRorTXEs45-j6ZjTiNRtghtXk&amp;dib_tag=se&amp;keywords=NEW+YORK+BARS+ET+RESTOS+SECRETS&amp;qid=1762418374&amp;sprefix=new+york+bars+et+restos+secrets%2Caps%2C360&amp;sr=8-1\" target=\"_blank\" rel=\"noopener\">Acheter en ligne<\/a><\/div>\n<\/div>\n<p>[\/vc_column_text][\/vc_column][\/vc_row]<\/p>\n<\/div>","protected":false},"excerpt":{"rendered":"<p>[vc_row][vc_column][vc_column_text css=\u00a0\u00bb\u00a0\u00bb woodmart_inline=\u00a0\u00bbno\u00a0\u00bb text_larger=\u00a0\u00bbno\u00a0\u00bb]La cantine d\u2019un temple Hare Krishna, un bar mexicain servant du pulque dans un sous-sol de Chinatown,<\/p>\n","protected":false},"featured_media":14633,"template":"","meta":[],"product_brand":[],"product_cat":[165,292,522,420],"product_tag":[166,167,168,169,170,171,172,173],"class_list":{"0":"post-14627","1":"product","2":"type-product","3":"status-publish","4":"has-post-thumbnail","6":"product_cat-english-fr","7":"product_cat-french-fr","8":"product_cat-german-fr","9":"product_cat-guides-insolites","10":"product_tag-award-winning-fr","11":"product_tag-jonglez-fr","12":"product_tag-jonglez-publishing-fr","13":"product_tag-new-york-fr","14":"product_tag-secret-guides-fr","15":"product_tag-secret-new-york-fr","16":"product_tag-secret-travel-guides-fr","17":"product_tag-travel-guides-fr","19":"first","20":"instock","21":"shipping-taxable","22":"product-type-external"},"aioseo_notices":[],"_links":{"self":[{"href":"https:\/\/jonglezpublishing.com\/fr\/wp-json\/wp\/v2\/product\/14627","targetHints":{"allow":["GET"]}}],"collection":[{"href":"https:\/\/jonglezpublishing.com\/fr\/wp-json\/wp\/v2\/product"}],"about":[{"href":"https:\/\/jonglezpublishing.com\/fr\/wp-json\/wp\/v2\/types\/product"}],"wp:featuredmedia":[{"embeddable":true,"href":"https:\/\/jonglezpublishing.com\/fr\/wp-json\/wp\/v2\/media\/14633"}],"wp:attachment":[{"href":"https:\/\/jonglezpublishing.com\/fr\/wp-json\/wp\/v2\/media?parent=14627"}],"wp:term":[{"taxonomy":"product_brand","embeddable":true,"href":"https:\/\/jonglezpublishing.com\/fr\/wp-json\/wp\/v2\/product_brand?post=14627"},{"taxonomy":"product_cat","embeddable":true,"href":"https:\/\/jonglezpublishing.com\/fr\/wp-json\/wp\/v2\/product_cat?post=14627"},{"taxonomy":"product_tag","embeddable":true,"href":"https:\/\/jonglezpublishing.com\/fr\/wp-json\/wp\/v2\/product_tag?post=14627"}],"curies":[{"name":"wp","href":"https:\/\/api.w.org\/{rel}","templated":true}]}}