{"id":14671,"date":"2025-11-19T17:10:25","date_gmt":"2025-11-19T15:10:25","guid":{"rendered":"https:\/\/jonglezpublishing.com\/?post_type=product&#038;p=14671"},"modified":"2026-01-05T15:46:58","modified_gmt":"2026-01-05T13:46:58","slug":"berlin-latlas-secret","status":"publish","type":"product","link":"https:\/\/jonglezpublishing.com\/fr\/produit\/berlin-latlas-secret\/","title":{"rendered":"BERLIN &#8211; L&rsquo;ATLAS SECRET"},"content":{"rendered":"<div class=\"wpb-content-wrapper\"><p>[vc_row][vc_column][vc_column_text css=\u00a0\u00bb\u00a0\u00bb woodmart_inline=\u00a0\u00bbno\u00a0\u00bb text_larger=\u00a0\u00bbno\u00a0\u00bb]<\/p>\n<p style=\"text-align: center;\"><em>Loin des foules et des clich\u00e9s habituels,<\/em><br \/>\n<em>Berlin garde encore des tr\u00e9sors bien cach\u00e9s qu\u2019il ne r\u00e9v\u00e8le<\/em><br \/>\n<em>qu\u2019aux habitants et aux voyageurs qui savent sortir des sentiers battus<\/em>.<\/p>\n<p>Un amphith\u00e9\u00e2tre o\u00f9 l\u2019on diss\u00e9quait des animaux, une dune de sable cach\u00e9e en plein centre-ville, l\u2019exceptionnel int\u00e9rieur d\u2019une \u00e9glise expressionniste, un immeuble qui est une copie du palais Farnese \u00e0 Rome, un \u00e9difice en b\u00e9ton de 12 000 tonnes pour mesurer la solidit\u00e9 des sols, une performance lumineuse dans la chapelle d\u2019un cimeti\u00e8re, un chef-d\u2019\u0153uvre m\u00e9connu de l\u2019architecture brutaliste, le tout premier camp de concentration nazi, un m\u00e9tro qui traverse une maison&#8230;<\/p>\n<p><span class=\"s1\"><b>AUTEUR <\/b>: Tom Wolf, Manuel Roy et Roberto Sassi<br \/>\n<b>PAGES\u00a0<\/b>: 256<br \/>\n<b>FORMAT\u00a0<\/b>: 19 * 26 cm<br \/>\n<b>ISBN <\/b>: 978-2-36195-887-9<\/span><br \/>\n<span class=\"s1\"><b>PRIX <\/b>: 35,00 \u20ac &#8211; prix valable en France<br \/>\n<\/span><span class=\"s1\"><b>CONTACT <\/b>: <a href=\"mailto:infos@editionsjonglez.com?subject=\"><span class=\"s2\">info@editionsjonglez.com<\/span><\/a><\/span><\/p>\n<div class=\"buttons_cont\">\n<div class=\"button_cont\" align=\"center\"><\/div>\n<\/div>\n<div align=\"center\">\n<div class=\"button_cont\" align=\"center\"><a class=\"gv_product_btn\" href=\"https:\/\/jonglezpublishing.com\/wp-content\/uploads\/2025\/11\/Couv-Atlas-Secret-Berlin_FR_RVB-1-scaled.jpg\" target=\"_blank\" rel=\"noopener\">T\u00e9l\u00e9charger la couverture<\/a><\/div>\n<div class=\"button_cont\" align=\"center\"><a class=\"gv_product_btn\" href=\"https:\/\/jonglezpublishing.com\/wp-content\/uploads\/2025\/11\/Extrait-Atlas-secret-Berlin_FR.pdf\" target=\"_blank\" rel=\"noopener\">Consulter le PDF<\/a><\/div>\n<div class=\"button_cont\" align=\"center\"><a class=\"gv_product_btn\" href=\"https:\/\/www.amazon.fr\/-\/en\/Tom-Wolf\/dp\/2361958872\/ref=sr_1_1?crid=38BH85JUM1PK9&amp;dib=eyJ2IjoiMSJ9.cBTDB_xWquvodo5TJ75vSB3Y-B2gk89_qQ7ef4yH-_kndsxV5iKnA5MDNU_QzQ8dj4wsmahvrw3ueKQ0LDK2TTqEQonm7wdsANgjcQ1AyM0._4hpH4XUw_GVqrDFdl_qIx0VnM6avWlF0JspC2PENWI&amp;dib_tag=se&amp;keywords=berlin+L%E2%80%99ATLAS+SECRET&amp;qid=1763565296&amp;sprefix=berlin+l+atlas+secret%2Caps%2C257&amp;sr=8-1\" target=\"_blank\" rel=\"noopener\">Acheter en ligne<\/a><\/div>\n<\/div>\n<div class=\"buttons_cont\">\n<div class=\"button_cont\" align=\"center\"><\/div>\n<\/div>\n<p>[\/vc_column_text][\/vc_column][\/vc_row]<\/p>\n<\/div>","protected":false},"excerpt":{"rendered":"<p>[vc_row][vc_column][vc_column_text css=\u00a0\u00bb\u00a0\u00bb woodmart_inline=\u00a0\u00bbno\u00a0\u00bb text_larger=\u00a0\u00bbno\u00a0\u00bb] Loin des foules et des clich\u00e9s habituels, Berlin garde encore des tr\u00e9sors bien cach\u00e9s qu\u2019il ne<\/p>\n","protected":false},"featured_media":14677,"template":"","meta":[],"product_brand":[],"product_cat":[554,165,292,522,287,288],"product_tag":[],"class_list":{"0":"post-14671","1":"product","2":"type-product","3":"status-publish","4":"has-post-thumbnail","6":"product_cat-atlas","7":"product_cat-english-fr","8":"product_cat-french-fr","9":"product_cat-german-fr","10":"product_cat-italian-fr","11":"product_cat-spanish-fr","13":"first","14":"instock","15":"shipping-taxable","16":"product-type-simple"},"aioseo_notices":[],"_links":{"self":[{"href":"https:\/\/jonglezpublishing.com\/fr\/wp-json\/wp\/v2\/product\/14671","targetHints":{"allow":["GET"]}}],"collection":[{"href":"https:\/\/jonglezpublishing.com\/fr\/wp-json\/wp\/v2\/product"}],"about":[{"href":"https:\/\/jonglezpublishing.com\/fr\/wp-json\/wp\/v2\/types\/product"}],"wp:featuredmedia":[{"embeddable":true,"href":"https:\/\/jonglezpublishing.com\/fr\/wp-json\/wp\/v2\/media\/14677"}],"wp:attachment":[{"href":"https:\/\/jonglezpublishing.com\/fr\/wp-json\/wp\/v2\/media?parent=14671"}],"wp:term":[{"taxonomy":"product_brand","embeddable":true,"href":"https:\/\/jonglezpublishing.com\/fr\/wp-json\/wp\/v2\/product_brand?post=14671"},{"taxonomy":"product_cat","embeddable":true,"href":"https:\/\/jonglezpublishing.com\/fr\/wp-json\/wp\/v2\/product_cat?post=14671"},{"taxonomy":"product_tag","embeddable":true,"href":"https:\/\/jonglezpublishing.com\/fr\/wp-json\/wp\/v2\/product_tag?post=14671"}],"curies":[{"name":"wp","href":"https:\/\/api.w.org\/{rel}","templated":true}]}}