{"id":14716,"date":"2026-01-05T14:49:07","date_gmt":"2026-01-05T12:49:07","guid":{"rendered":"https:\/\/jonglezpublishing.com\/?post_type=product&#038;p=14716"},"modified":"2026-01-05T14:57:05","modified_gmt":"2026-01-05T12:57:05","slug":"atlas-de-la-france-abandonnee","status":"publish","type":"product","link":"https:\/\/jonglezpublishing.com\/fr\/produit\/atlas-de-la-france-abandonnee\/","title":{"rendered":"ATLAS DE LA FRANCE ABANDONN\u00c9E"},"content":{"rendered":"<div class=\"wpb-content-wrapper\"><p>[vc_row][vc_column][vc_column_text css=\u00a0\u00bb\u00a0\u00bb woodmart_inline=\u00a0\u00bbno\u00a0\u00bb text_larger=\u00a0\u00bbno\u00a0\u00bb]Une station de m\u00e9tro parisien abandonn\u00e9e, des casernes de pompiers o\u00f9 les camions-citernes du si\u00e8cle dernier attendent en vain la prochaine alerte, une prison aux murs pastel d\u00e9fra\u00eechis, des clo\u00eetres envahis par la v\u00e9g\u00e9tation, un ch\u00e2teau dont la poussi\u00e8re recouvre les touches d\u2019un piano muet, des avions de chasse endormis sur les pistes d\u2019un a\u00e9rodrome, une crypte plong\u00e9e dans un silence \u00e9ternel&#8230;<\/p>\n<p>L\u2019extraordinaire richesse patrimoniale de la France, qu\u2019il est facile d\u2019admirer dans les mus\u00e9es et autres monuments prestigieux, ne se r\u00e9duit pourtant pas \u00e0 ces tr\u00e9sors nationaux. \u00c0 travers tout le territoire, les t\u00e9moins d\u2019une \u00e9poque r\u00e9volue sont nombreux \u00e0 tomber dans l\u2019oubli, emportant avec eux les vestiges d\u2019un pass\u00e9 tout aussi fascinant que celui soigneusement sauvegard\u00e9 derri\u00e8re des vitrines. C\u2019est ce que souligne avant tout ce superbe reportage photographique: la beaut\u00e9 et la grandeur, eux, ne disparaissent jamais.<\/p>\n<p><span class=\"s1\"><b>PAGES\u00a0<\/b>: 160<br \/>\n<b>FORMAT\u00a0<\/b>: 19 * 26 cm<br \/>\n<b>ISBN <\/b>: 978-2-36195-950-0<\/span><br \/>\n<span class=\"s1\"><b>PRIX <\/b>: 25 \u20ac prix valable en France<br \/>\n<\/span><span class=\"s1\"><b>CONTACT <\/b>: <a href=\"mailto:info@editionsjonglez.com?subject=\"><span class=\"s2\">info@editionsjonglez.com<\/span><\/a><\/span><\/p>\n<p>&nbsp;<\/p>\n<div class=\"buttons_cont\">\n<div class=\"button_cont\" align=\"center\">\n<p><a class=\"gv_product_btn\" href=\"https:\/\/jonglezpublishing.com\/wp-content\/uploads\/2026\/01\/Couv_Atlas_France_FR_RVB-1-scaled.jpg\" target=\"_blank\" rel=\"noopener\">T\u00e9l\u00e9charger la couverture<\/a><\/p>\n<\/div>\n<div class=\"button_cont\" align=\"center\"><a class=\"gv_product_btn\" href=\"https:\/\/jonglezpublishing.com\/wp-content\/uploads\/2026\/01\/Extrait-ATLAS-France-Abandonnee_FR.pdf\" target=\"_blank\" rel=\"noopener\">Consulter le PDF<\/a><\/div>\n<div class=\"button_cont\" align=\"center\"><a class=\"gv_product_btn\" href=\"https:\/\/www.amazon.fr\/-\/en\/Atlas-France-abandonn%C3%A9e-Robin-Brinaert\/dp\/236195950X\/ref=sr_1_1?crid=27J8FF68THYH5&amp;dib=eyJ2IjoiMSJ9.hqzJj4X1wIsJhyCEG1JNRkJNMPviKlS3LxEZEkALinvGjHj071QN20LucGBJIEps.ArPHUIqJk-0kP_V91NREM4OleJSMsu1lU6VFNCgpJoE&amp;dib_tag=se&amp;keywords=ATLAS+de+LA+FRANCE+ABANDONN%C3%89E&amp;qid=1767617672&amp;sprefix=atlas+de+la+france+abandonn%C3%A9e%2Caps%2C831&amp;sr=8-1\" target=\"_blank\" rel=\"noopener\">Acheter en ligne<\/a><\/div>\n<div class=\"button_cont\" align=\"center\"><\/div>\n<\/div>\n<p>[\/vc_column_text][\/vc_column][\/vc_row]<\/p>\n<\/div>","protected":false},"excerpt":{"rendered":"<p>[vc_row][vc_column][vc_column_text css=\u00a0\u00bb\u00a0\u00bb woodmart_inline=\u00a0\u00bbno\u00a0\u00bb text_larger=\u00a0\u00bbno\u00a0\u00bb]Une station de m\u00e9tro parisien abandonn\u00e9e, des casernes de pompiers o\u00f9 les camions-citernes du si\u00e8cle dernier attendent<\/p>\n","protected":false},"featured_media":14726,"template":"","meta":[],"product_brand":[],"product_cat":[572,165,292],"product_tag":[],"class_list":{"0":"post-14716","1":"product","2":"type-product","3":"status-publish","4":"has-post-thumbnail","6":"product_cat-atlas-des-curiosite","7":"product_cat-english-fr","8":"product_cat-french-fr","10":"first","11":"instock","12":"shipping-taxable","13":"product-type-simple"},"aioseo_notices":[],"_links":{"self":[{"href":"https:\/\/jonglezpublishing.com\/fr\/wp-json\/wp\/v2\/product\/14716","targetHints":{"allow":["GET"]}}],"collection":[{"href":"https:\/\/jonglezpublishing.com\/fr\/wp-json\/wp\/v2\/product"}],"about":[{"href":"https:\/\/jonglezpublishing.com\/fr\/wp-json\/wp\/v2\/types\/product"}],"wp:featuredmedia":[{"embeddable":true,"href":"https:\/\/jonglezpublishing.com\/fr\/wp-json\/wp\/v2\/media\/14726"}],"wp:attachment":[{"href":"https:\/\/jonglezpublishing.com\/fr\/wp-json\/wp\/v2\/media?parent=14716"}],"wp:term":[{"taxonomy":"product_brand","embeddable":true,"href":"https:\/\/jonglezpublishing.com\/fr\/wp-json\/wp\/v2\/product_brand?post=14716"},{"taxonomy":"product_cat","embeddable":true,"href":"https:\/\/jonglezpublishing.com\/fr\/wp-json\/wp\/v2\/product_cat?post=14716"},{"taxonomy":"product_tag","embeddable":true,"href":"https:\/\/jonglezpublishing.com\/fr\/wp-json\/wp\/v2\/product_tag?post=14716"}],"curies":[{"name":"wp","href":"https:\/\/api.w.org\/{rel}","templated":true}]}}