{"id":14751,"date":"2026-01-05T17:05:17","date_gmt":"2026-01-05T15:05:17","guid":{"rendered":"https:\/\/jonglezpublishing.com\/?post_type=product&#038;p=14751"},"modified":"2026-01-05T17:12:07","modified_gmt":"2026-01-05T15:12:07","slug":"londres-latlas-secret","status":"publish","type":"product","link":"https:\/\/jonglezpublishing.com\/fr\/produit\/londres-latlas-secret\/","title":{"rendered":"LONDRES &#8211; L&rsquo;ATLAS SECRET"},"content":{"rendered":"<div class=\"wpb-content-wrapper\"><p>[vc_row][vc_column][vc_column_text css=\u00a0\u00bb\u00a0\u00bb woodmart_inline=\u00a0\u00bbno\u00a0\u00bb text_larger=\u00a0\u00bbno\u00a0\u00bb]<\/p>\n<p style=\"text-align: center;\">De nuit comme de jour, Londres ne r\u00e9v\u00e8le ses excentricit\u00e9s<br \/>\net ses secrets qu\u2019aux habitants et aux voyageurs qui savent sortir<br \/>\ndes sentiers battus. Encore faut-il savoir o\u00f9 aller&#8230;<\/p>\n<p>Recueillez-vous au cimeti\u00e8re pour chiens de Hyde Park, assistez \u00e0 la messe des clowns, visitez un v\u00e9ritable temple franc-ma\u00e7on, d\u00e9couvrez la roche de laquelle Arthur aurait r\u00e9ussi \u00e0 sortir Excalibur, restez de marbre devant le p\u00e9nis sacr\u00e9 d\u2019un pharaon, jouez sur le dernier terrain de p\u00e9tanque en herbe de la City, admirez un rare redresseur de concombres, une sir\u00e8ne empaill\u00e9e ou la plus petite cath\u00e9drale de Grande-Bretagne&#8230;<\/p>\n<p><span class=\"s1\"><b>AUTEURS <\/b>: Rachel Howard et Bill Nash<br \/>\n<b>PAGES\u00a0<\/b>: 304<br \/>\n<b>FORMAT\u00a0<\/b>: 19 * 26 cm<br \/>\n<b>ISBN <\/b>: 978-2-36195-888-6<\/span><br \/>\n<span class=\"s1\"><b>PRIX <\/b>: 35,00 \u20ac &#8211; prix valable en France<br \/>\n<\/span><span class=\"s1\"><b>CONTACT <\/b>: <a href=\"mailto:info@editionsjonglez.com?subject=\"><span class=\"s2\">info@editionsjonglez.com<\/span><\/a><\/span><\/p>\n<div class=\"buttons_cont\">\n<div class=\"button_cont\" align=\"center\"><\/div>\n<\/div>\n<div align=\"center\">\n<div class=\"button_cont\" align=\"center\"><a class=\"gv_product_btn\" href=\"https:\/\/jonglezpublishing.com\/wp-content\/uploads\/2026\/01\/Couv-Atlas-Secret-Londres_FR_RVB-2-scaled.jpg\" target=\"_blank\" rel=\"noopener\">T\u00e9l\u00e9charger la couverture<\/a><\/div>\n<div class=\"button_cont\" align=\"center\"><a class=\"gv_product_btn\" href=\"https:\/\/jonglezpublishing.com\/wp-content\/uploads\/2026\/01\/Extrait-Atlas-secret-Londres_FR.pdf\" target=\"_blank\" rel=\"noopener\">Consulter le PDF<\/a><\/div>\n<div class=\"button_cont\" align=\"center\"><a class=\"gv_product_btn\" href=\"https:\/\/www.amazon.fr\/-\/en\/Londres-latlas-secret-Rachel-Howard\/dp\/2361958880\/ref=sr_1_1?crid=2W28MBB0LWS75&amp;dib=eyJ2IjoiMSJ9.xgA7wTbtn3uHNjYlYQuHXg.sU80Uv7SW4W3875Hv89Go2F4ie6SgT7ao5SuOU9HRYA&amp;dib_tag=se&amp;keywords=londres+L%E2%80%99ATLAS+SECRET&amp;qid=1767625657&amp;sprefix=londres+atlas+secret%2Caps%2C478&amp;sr=8-1\" target=\"_blank\" rel=\"noopener\">Acheter en ligne<\/a><\/div>\n<\/div>\n<div class=\"buttons_cont\">\n<div class=\"button_cont\" align=\"center\"><\/div>\n<\/div>\n<p>[\/vc_column_text][\/vc_column][\/vc_row]<\/p>\n<\/div>","protected":false},"excerpt":{"rendered":"<p>[vc_row][vc_column][vc_column_text css=\u00a0\u00bb\u00a0\u00bb woodmart_inline=\u00a0\u00bbno\u00a0\u00bb text_larger=\u00a0\u00bbno\u00a0\u00bb] De nuit comme de jour, Londres ne r\u00e9v\u00e8le ses excentricit\u00e9s et ses secrets qu\u2019aux habitants et<\/p>\n","protected":false},"featured_media":14753,"template":"","meta":[],"product_brand":[],"product_cat":[554,165,292],"product_tag":[],"class_list":{"0":"post-14751","1":"product","2":"type-product","3":"status-publish","4":"has-post-thumbnail","6":"product_cat-atlas","7":"product_cat-english-fr","8":"product_cat-french-fr","10":"first","11":"instock","12":"shipping-taxable","13":"product-type-simple"},"aioseo_notices":[],"_links":{"self":[{"href":"https:\/\/jonglezpublishing.com\/fr\/wp-json\/wp\/v2\/product\/14751","targetHints":{"allow":["GET"]}}],"collection":[{"href":"https:\/\/jonglezpublishing.com\/fr\/wp-json\/wp\/v2\/product"}],"about":[{"href":"https:\/\/jonglezpublishing.com\/fr\/wp-json\/wp\/v2\/types\/product"}],"wp:featuredmedia":[{"embeddable":true,"href":"https:\/\/jonglezpublishing.com\/fr\/wp-json\/wp\/v2\/media\/14753"}],"wp:attachment":[{"href":"https:\/\/jonglezpublishing.com\/fr\/wp-json\/wp\/v2\/media?parent=14751"}],"wp:term":[{"taxonomy":"product_brand","embeddable":true,"href":"https:\/\/jonglezpublishing.com\/fr\/wp-json\/wp\/v2\/product_brand?post=14751"},{"taxonomy":"product_cat","embeddable":true,"href":"https:\/\/jonglezpublishing.com\/fr\/wp-json\/wp\/v2\/product_cat?post=14751"},{"taxonomy":"product_tag","embeddable":true,"href":"https:\/\/jonglezpublishing.com\/fr\/wp-json\/wp\/v2\/product_tag?post=14751"}],"curies":[{"name":"wp","href":"https:\/\/api.w.org\/{rel}","templated":true}]}}