{"id":14781,"date":"2026-01-05T17:36:05","date_gmt":"2026-01-05T15:36:05","guid":{"rendered":"https:\/\/jonglezpublishing.com\/?post_type=product&#038;p=14781"},"modified":"2026-01-05T17:40:19","modified_gmt":"2026-01-05T15:40:19","slug":"rome-latlas-secret","status":"publish","type":"product","link":"https:\/\/jonglezpublishing.com\/fr\/produit\/rome-latlas-secret\/","title":{"rendered":"ROME &#8211; L&rsquo;ATLAS SECRET"},"content":{"rendered":"<div class=\"wpb-content-wrapper\"><p>[vc_row][vc_column][vc_column_text css=\u00a0\u00bb\u00a0\u00bb woodmart_inline=\u00a0\u00bbno\u00a0\u00bb text_larger=\u00a0\u00bbno\u00a0\u00bb]<\/p>\n<p style=\"text-align: center;\">Loin des foules et des clich\u00e9s habituels,<\/p>\n<p style=\"text-align: center;\">Rome garde encore des tr\u00e9sors bien cach\u00e9s qu\u2019elle ne r\u00e9v\u00e8le<\/p>\n<p style=\"text-align: center;\">qu\u2019aux habitants et aux voyageurs qui savent sortir des sentiers battus<\/p>\n<p>Admirez des \u0153uvres d\u2019art exceptionnelles \u00e0 l\u2019\u00e9cart des touristes, interrogezvous devant une rare m\u00e9ridienne catoptrique, d\u00e9couvrez le stup\u00e9fiant tableau motoris\u00e9 de Rubens, p\u00e9n\u00e9trez les secrets de la place Saint-Pierre, recueillez-vous devant une image sacr\u00e9e du visage du Christ qui fut d\u00e9pos\u00e9e sur la lune en 1969, prot\u00e9gez votre gorge des rigueurs de l\u2019hiver, d\u00e9busquez les insultes immortalis\u00e9es sur la fresque d\u2019une basilique&#8230;<\/p>\n<p><span class=\"s1\"><b>AUTEURS <\/b>: Ginevra Lovatelli, Adriano Morabito et Marco Gradozzi<br \/>\n<b>PAGES\u00a0<\/b>: 256<br \/>\n<b>FORMAT\u00a0<\/b>: 19 * 26 cm<br \/>\n<b>ISBN <\/b>: 978-2-36195-889-3<\/span><br \/>\n<span class=\"s1\"><b>PRIX <\/b>: 35,00 \u20ac &#8211; prix valable en France<br \/>\n<\/span><span class=\"s1\"><b>CONTACT <\/b>: <a href=\"mailto:infos@editionsjonglez.com?subject=\"><span class=\"s2\">info@editionsjonglez.com<\/span><\/a><\/span><\/p>\n<div class=\"buttons_cont\">\n<div class=\"button_cont\" align=\"center\"><\/div>\n<\/div>\n<div align=\"center\">\n<div class=\"button_cont\" align=\"center\"><a class=\"gv_product_btn\" href=\"https:\/\/jonglezpublishing.com\/wp-content\/uploads\/2026\/01\/Couv-Atlas-Secret-Rome_256-pages_RVB-2-scaled.jpg\" target=\"_blank\" rel=\"noopener\">T\u00e9l\u00e9charger la couverture<\/a><\/div>\n<div class=\"button_cont\" align=\"center\"><a class=\"gv_product_btn\" href=\"https:\/\/jonglezpublishing.com\/wp-content\/uploads\/2026\/01\/Extrait-Atlas-secret-Rome_FR.pdf\" target=\"_blank\" rel=\"noopener\">Consulter le PDF<\/a><\/div>\n<div class=\"button_cont\" align=\"center\"><a class=\"gv_product_btn\" href=\"https:\/\/www.amazon.fr\/-\/en\/Rome-latlas-secret-Ginevra-Lovatelli\/dp\/2361958899\/ref=sr_1_1?crid=11VP22TUAGDYI&amp;dib=eyJ2IjoiMSJ9.ZcoUlDIzvxv2udwei0OOtwPqF9iium3svklnteFpiMbx6cy5W3zq3h6mnafB4qhHkFbApdvHRxiMQfxxe2uF0tp8B_Qepx4SVOoDDJgFsbuv6It4OjH6BZ61XbJhi4Qg.2fUxYc8ExheiOUR1rNgMS7uJwQ9qcb6RMHPi-Bq5rnQ&amp;dib_tag=se&amp;keywords=rome+L%E2%80%99ATLAS+SECRET&amp;qid=1767627511&amp;sprefix=rome+l+atlas+secret%2Caps%2C681&amp;sr=8-1\" target=\"_blank\" rel=\"noopener\">Acheter en ligne<\/a><\/div>\n<\/div>\n<div class=\"buttons_cont\">\n<div class=\"button_cont\" align=\"center\"><\/div>\n<\/div>\n<p>[\/vc_column_text][\/vc_column][\/vc_row]<\/p>\n<\/div>","protected":false},"excerpt":{"rendered":"<p>[vc_row][vc_column][vc_column_text css=\u00a0\u00bb\u00a0\u00bb woodmart_inline=\u00a0\u00bbno\u00a0\u00bb text_larger=\u00a0\u00bbno\u00a0\u00bb] Loin des foules et des clich\u00e9s habituels, Rome garde encore des tr\u00e9sors bien cach\u00e9s qu\u2019elle ne<\/p>\n","protected":false},"featured_media":14787,"template":"","meta":[],"product_brand":[],"product_cat":[554,292],"product_tag":[],"class_list":{"0":"post-14781","1":"product","2":"type-product","3":"status-publish","4":"has-post-thumbnail","6":"product_cat-atlas","7":"product_cat-french-fr","9":"first","10":"instock","11":"shipping-taxable","12":"product-type-simple"},"aioseo_notices":[],"_links":{"self":[{"href":"https:\/\/jonglezpublishing.com\/fr\/wp-json\/wp\/v2\/product\/14781","targetHints":{"allow":["GET"]}}],"collection":[{"href":"https:\/\/jonglezpublishing.com\/fr\/wp-json\/wp\/v2\/product"}],"about":[{"href":"https:\/\/jonglezpublishing.com\/fr\/wp-json\/wp\/v2\/types\/product"}],"wp:featuredmedia":[{"embeddable":true,"href":"https:\/\/jonglezpublishing.com\/fr\/wp-json\/wp\/v2\/media\/14787"}],"wp:attachment":[{"href":"https:\/\/jonglezpublishing.com\/fr\/wp-json\/wp\/v2\/media?parent=14781"}],"wp:term":[{"taxonomy":"product_brand","embeddable":true,"href":"https:\/\/jonglezpublishing.com\/fr\/wp-json\/wp\/v2\/product_brand?post=14781"},{"taxonomy":"product_cat","embeddable":true,"href":"https:\/\/jonglezpublishing.com\/fr\/wp-json\/wp\/v2\/product_cat?post=14781"},{"taxonomy":"product_tag","embeddable":true,"href":"https:\/\/jonglezpublishing.com\/fr\/wp-json\/wp\/v2\/product_tag?post=14781"}],"curies":[{"name":"wp","href":"https:\/\/api.w.org\/{rel}","templated":true}]}}