{"id":14963,"date":"2026-03-25T09:47:08","date_gmt":"2026-03-25T07:47:08","guid":{"rendered":"https:\/\/jonglezpublishing.com\/?post_type=product&#038;p=14963"},"modified":"2026-04-21T06:47:57","modified_gmt":"2026-04-21T03:47:57","slug":"lagune-de-venise-insolite-et-secrete","status":"publish","type":"product","link":"https:\/\/jonglezpublishing.com\/fr\/produit\/lagune-de-venise-insolite-et-secrete\/","title":{"rendered":"LAGUNE DE VENISE INSOLITE ET SECR\u00c8TE"},"content":{"rendered":"<div class=\"wpb-content-wrapper\"><p>[vc_row][vc_column][vc_column_text css=\u00a0\u00bb\u00a0\u00bb woodmart_inline=\u00a0\u00bbno\u00a0\u00bb text_larger=\u00a0\u00bbno\u00a0\u00bb]Les vestiges du clocher de Saint-Marc qui s\u2019est effondr\u00e9 en 1902, un mus\u00e9e dans la salle d\u2019attente d\u2019un cabinet dentaire encore en activit\u00e9, les deux trous secrets \u00e0 travers lesquels les cam\u00e9ramans ont projet\u00e9 les films de la premi\u00e8re Mostra en 1932, de vieux canons anglais utilis\u00e9s comme bollards d\u2019amarrage, l\u2019un des rares vestiges physiques de la c\u00e9l\u00e8bre bataille de L\u00e9pante, une copie \u00e0 Saint-Cl\u00e9ment de la maison o\u00f9 v\u00e9cut la Vierge Marie \u00e0 Nazareth, un chef-d\u2019\u0153uvre m\u00e9connu de l\u2019arch\u00e9ologie industrielle, le dernier des \u00ab quais gardiens \u00bb construits juste apr\u00e8s 1500 pour bloquer le mouvement des sables, une \u0153uvre comm\u00e9morant le jour o\u00f9 Pellestrina faillit dispara\u00eetre, le miracle des yeux mouvants d\u2019une peinture de la Vierge, une plage de la lagune class\u00e9e au patrimoine mondial de l\u2019Unesco&#8230;<\/p>\n<p>Loin des foules et des clich\u00e9s habituels, la lagune de Venise garde encore des tr\u00e9sors bien cach\u00e9s qu\u2019elle ne r\u00e9v\u00e8le qu\u2019\u00e0 ses habitants et aux voyageurs qui savent sortir des sentiers battus.<\/p>\n<p>Un guide indispensable pour ceux qui pensent bien conna\u00eetre la lagune ou pour ceux qui souhaitent d\u00e9couvrir un autre visage des environs de la Cit\u00e9 des Doges.<\/p>\n<p class=\"p1\"><span class=\"s1\"><b>AUTEURS <\/b>: DEBORA GUSSON ET RICCARDO ROITER RIGONI<br \/>\n<\/span><span class=\"s1\"><b>PAGES <\/b>: 320<br \/>\n<\/span><span class=\"s1\"><b>FORMAT <\/b>: 10.5 x 19 cm<br \/>\n<\/span><span class=\"s1\"><b>ISBN <\/b>: 978-2-36195-877-0<br \/>\n<\/span><span class=\"s1\"><b>PRIX <\/b>: 19,95 \u20ac [<\/span>prix valable en France]<br \/>\n<span class=\"s1\"><b>CONTACT <\/b>: <a href=\"mailto:info@editionsjonglez.com\"><span class=\"s2\">info@editionsjonglez.com<\/span><\/a>\u00a0<\/span><\/p>\n<div class=\"buttons_cont\">\n<div align=\"center\"><\/div>\n<div class=\"button_cont\" align=\"center\"><a class=\"gv_product_btn\" href=\"https:\/\/jonglezpublishing.com\/wp-content\/uploads\/2026\/03\/NEW_couv_Laguna_FR_RVB-scaled.jpg\" target=\"_blank\" rel=\"noopener\">T\u00e9l\u00e9charger la couverture<\/a><\/div>\n<div class=\"button_cont\" align=\"center\"><a class=\"gv_product_btn\" href=\"https:\/\/jonglezpublishing.com\/wp-content\/uploads\/2026\/04\/Extrait-Lagune-de-Venise.pdf\" target=\"_blank\" rel=\"noopener\">Consulter le PDF<\/a><\/div>\n<div class=\"button_cont\" align=\"center\"><a class=\"gv_product_btn\" href=\"https:\/\/www.amazon.fr\/-\/en\/Lagune-insolite-secr%C3%A8te-Riccardo-Roitier\/dp\/2361958775\/ref=sr_1_1?crid=3A7DT8FD8G7NW&amp;dib=eyJ2IjoiMSJ9.8KdIHwE-A-qyio3iLZzHNCf3AulUkKnUn-RpcWL0z2I.xqonIp_p88er6ZSUR4HIQA0jvCwKCtOrFq3YzOkrk5A&amp;dib_tag=se&amp;keywords=LAGUNE+DE+VENISE+INSOLITE+ET+SECR%C3%88TE&amp;qid=1775457273&amp;sprefix=%2Caps%2C908&amp;sr=8-1\" target=\"_blank\" rel=\"noopener\">Acheter en ligne<\/a><\/div>\n<\/div>\n<p>[\/vc_column_text][\/vc_column][\/vc_row]<\/p>\n<\/div>","protected":false},"excerpt":{"rendered":"<p>[vc_row][vc_column][vc_column_text css=\u00a0\u00bb\u00a0\u00bb woodmart_inline=\u00a0\u00bbno\u00a0\u00bb text_larger=\u00a0\u00bbno\u00a0\u00bb]Les vestiges du clocher de Saint-Marc qui s\u2019est effondr\u00e9 en 1902, un mus\u00e9e dans la salle d\u2019attente<\/p>\n","protected":false},"featured_media":15034,"template":"","meta":[],"product_brand":[],"product_cat":[283,292,420],"product_tag":[],"class_list":{"0":"post-14963","1":"product","2":"type-product","3":"status-publish","4":"has-post-thumbnail","6":"product_cat-french-2","7":"product_cat-french-fr","8":"product_cat-guides-insolites","10":"first","11":"instock","12":"shipping-taxable","13":"product-type-simple"},"aioseo_notices":[],"_links":{"self":[{"href":"https:\/\/jonglezpublishing.com\/fr\/wp-json\/wp\/v2\/product\/14963","targetHints":{"allow":["GET"]}}],"collection":[{"href":"https:\/\/jonglezpublishing.com\/fr\/wp-json\/wp\/v2\/product"}],"about":[{"href":"https:\/\/jonglezpublishing.com\/fr\/wp-json\/wp\/v2\/types\/product"}],"wp:featuredmedia":[{"embeddable":true,"href":"https:\/\/jonglezpublishing.com\/fr\/wp-json\/wp\/v2\/media\/15034"}],"wp:attachment":[{"href":"https:\/\/jonglezpublishing.com\/fr\/wp-json\/wp\/v2\/media?parent=14963"}],"wp:term":[{"taxonomy":"product_brand","embeddable":true,"href":"https:\/\/jonglezpublishing.com\/fr\/wp-json\/wp\/v2\/product_brand?post=14963"},{"taxonomy":"product_cat","embeddable":true,"href":"https:\/\/jonglezpublishing.com\/fr\/wp-json\/wp\/v2\/product_cat?post=14963"},{"taxonomy":"product_tag","embeddable":true,"href":"https:\/\/jonglezpublishing.com\/fr\/wp-json\/wp\/v2\/product_tag?post=14963"}],"curies":[{"name":"wp","href":"https:\/\/api.w.org\/{rel}","templated":true}]}}