{"id":15173,"date":"2026-04-21T07:46:57","date_gmt":"2026-04-21T04:46:57","guid":{"rendered":"https:\/\/jonglezpublishing.com\/?post_type=product&#038;p=15173"},"modified":"2026-04-21T08:06:20","modified_gmt":"2026-04-21T05:06:20","slug":"le-crepuscule-des-cinemas-copy","status":"publish","type":"product","link":"https:\/\/jonglezpublishing.com\/fr\/produit\/le-crepuscule-des-cinemas-copy\/","title":{"rendered":"LES CIN\u00c9MAS EN INDE UN PATRIMOINE EXCEPTIONNEL"},"content":{"rendered":"<div class=\"wpb-content-wrapper\"><p>[vc_row][vc_column][vc_column_text css=\u00a0\u00bb\u00a0\u00bb woodmart_inline=\u00a0\u00bbno\u00a0\u00bb text_larger=\u00a0\u00bbno\u00a0\u00bb]En Inde, les grandes salles de cin\u00e9ma ferment les unes apr\u00e8s les autres. \u00c9cras\u00e9es par la mont\u00e9e des multiplex, min\u00e9es par des politiques urbaines destructrices, des milliers de cin\u00e9mas \u00e0 \u00e9cran unique ont ferm\u00e9, abandonnant derri\u00e8re eux leurs fauteuils \u00e9ventr\u00e9s, leurs projecteurs \u00e9teints et les souvenirs d\u2019un cin\u00e9ma populaire, vivant, vibrant.<\/p>\n<p>Pendant pr\u00e8s de 20 ans, Elisabeth Christeler et Simon Edelstein ont parcouru l\u2019Inde \u00e0 la recherche de ces lieux abandonn\u00e9s ou toujours debout. Fa\u00e7ades fan\u00e9es, guichets grin\u00e7ants, spectateurs assoupis dans la chaleur&#8230; \u00c0 travers leur regard, on d\u00e9couvre une Inde cin\u00e9phile, exub\u00e9rante et profond\u00e9ment humaine, comme une derni\u00e8re projection avant extinction.<\/p>\n<p><b>AUTEUR &amp; PHOTOGRAPHE\u00a0<\/b>: Simon Edelstein &amp; Elisabeth Christeler<br \/>\n<b>PAGES <\/b>: 288<br \/>\n<b>FORMAT <\/b>: 22,5 x 29 cm<br \/>\n<b>ISBN <\/b>: 978-2-36195-990-6<br \/>\n<b>PRIX <\/b>: 49,95 \u20ac &#8211; prix valable en France<br \/>\n<b>CONTACT <\/b>: <a href=\"mailto:info@editionsjonglez.com\">info@editionsjonglez.com<\/a><\/p>\n<div class=\"buttons_cont\">\n<div class=\"button_cont\" align=\"center\"><a class=\"gv_product_btn\" href=\"https:\/\/jonglezpublishing.com\/wp-content\/uploads\/2026\/04\/1deCOUV-CINEMAS-FR-BD-scaled.jpg\" target=\"_blank\" rel=\"noopener\">T\u00e9l\u00e9charger la couverture<\/a><\/div>\n<div class=\"button_cont\" align=\"center\"><a class=\"gv_product_btn\" href=\"https:\/\/jonglezpublishing.com\/wp-content\/uploads\/2026\/04\/Preview-CINEMAS-EN-INDE-FR.pdf\" target=\"_blank\" rel=\"noopener\">Consulter le PDF<\/a><\/div>\n<div class=\"button_cont\" align=\"center\"><a class=\"gv_product_btn\" href=\"https:\/\/www.amazon.fr\/-\/en\/cin%C3%A9mas-Inde-patrimoine-exceptionnel\/dp\/2361959909\/ref=sr_1_1?crid=OLV7WTAX3M9Q&amp;dib=eyJ2IjoiMSJ9._SBMt4A7t9QifMp9X_00jA.EQWiMT8S-lrRYBI0wvRUWAajMj-Jg8E5Rb89wWxSwcE&amp;dib_tag=se&amp;keywords=les+cin%C3%A9ma+en+inde+un+patrimoine+exceptionnel&amp;qid=1776747885&amp;sprefix=les+cin%C3%A9mas+en+inde+un+patrimoine+exceptionnel%2Caps%2C498&amp;sr=8-1\" target=\"_blank\" rel=\"noopener\">Acheter en ligne<\/a><\/div>\n<\/div>\n<p>[\/vc_column_text][\/vc_column][\/vc_row]<\/p>\n<\/div>","protected":false},"excerpt":{"rendered":"<p>[vc_row][vc_column][vc_column_text css=\u00a0\u00bb\u00a0\u00bb woodmart_inline=\u00a0\u00bbno\u00a0\u00bb text_larger=\u00a0\u00bbno\u00a0\u00bb]En Inde, les grandes salles de cin\u00e9ma ferment les unes apr\u00e8s les autres. \u00c9cras\u00e9es par la mont\u00e9e<\/p>\n","protected":false},"featured_media":15186,"template":"","meta":[],"product_brand":[],"product_cat":[442,165,292],"product_tag":[],"class_list":{"0":"post-15173","1":"product","2":"type-product","3":"status-publish","4":"has-post-thumbnail","6":"product_cat-beaux-livres","7":"product_cat-english-fr","8":"product_cat-french-fr","10":"first","11":"instock","12":"shipping-taxable","13":"product-type-simple"},"aioseo_notices":[],"_links":{"self":[{"href":"https:\/\/jonglezpublishing.com\/fr\/wp-json\/wp\/v2\/product\/15173","targetHints":{"allow":["GET"]}}],"collection":[{"href":"https:\/\/jonglezpublishing.com\/fr\/wp-json\/wp\/v2\/product"}],"about":[{"href":"https:\/\/jonglezpublishing.com\/fr\/wp-json\/wp\/v2\/types\/product"}],"wp:featuredmedia":[{"embeddable":true,"href":"https:\/\/jonglezpublishing.com\/fr\/wp-json\/wp\/v2\/media\/15186"}],"wp:attachment":[{"href":"https:\/\/jonglezpublishing.com\/fr\/wp-json\/wp\/v2\/media?parent=15173"}],"wp:term":[{"taxonomy":"product_brand","embeddable":true,"href":"https:\/\/jonglezpublishing.com\/fr\/wp-json\/wp\/v2\/product_brand?post=15173"},{"taxonomy":"product_cat","embeddable":true,"href":"https:\/\/jonglezpublishing.com\/fr\/wp-json\/wp\/v2\/product_cat?post=15173"},{"taxonomy":"product_tag","embeddable":true,"href":"https:\/\/jonglezpublishing.com\/fr\/wp-json\/wp\/v2\/product_tag?post=15173"}],"curies":[{"name":"wp","href":"https:\/\/api.w.org\/{rel}","templated":true}]}}