{"id":3190,"date":"2019-03-10T10:05:55","date_gmt":"2019-03-10T08:05:55","guid":{"rendered":"https:\/\/jonglez.timeforcoffee.gr\/?post_type=product&#038;p=3190"},"modified":"2025-11-19T16:11:04","modified_gmt":"2025-11-19T14:11:04","slug":"aix-insolite-et-secrete","status":"publish","type":"product","link":"https:\/\/jonglezpublishing.com\/fr\/produit\/aix-insolite-et-secrete\/","title":{"rendered":"AIX INSOLITE ET SECR\u00c8TE"},"content":{"rendered":"<div class=\"wpb-content-wrapper\"><p>[vc_row][vc_column][vc_column_text css=\u00a0\u00bb\u00a0\u00bb woodmart_inline=\u00a0\u00bbno\u00a0\u00bb text_larger=\u00a0\u00bbno\u00a0\u00bb]La symbolique du clo\u00eetre et les secrets de la cath\u00e9drale, les vestiges cach\u00e9s des anciennes murailles de la ville, un souvenir de la prise de la Bastille, une rue interdite aux soldats am\u00e9ricains, les poils pubiens des atlantes de l\u2019h\u00f4tel de Pontev\u00e8s, le souvenir du scandale des bouillons Kub, la colonne qui gu\u00e9rit les maladies des yeux, l\u2019histoire des Cezanne cach\u00e9s dans un grenier, les traces d\u2019Henriette, le grand amour aixois de Casanova, Charles Trenet en prison \u00e0 Aix, un moulin \u00e0 vent devenu pigeonnier, un incroyable calcul intestinal g\u00e9ant en pierre, un fer \u00e0 repasser cadenas, un saint boiteux pour marcher droit dans la vie, Pauline Bonaparte qui prend des bains de lait d\u2019\u00e2nesse, les vestiges de la base logistique qui permit aux Alli\u00e9s de faire la jonction avec les forces d\u00e9barqu\u00e9es en Normandie&#8230;<\/p>\n<p>Loin des foules et des clich\u00e9s habituels, l\u2019ancienne capitale de la Provence garde encore des tr\u00e9sors bien cach\u00e9s qu\u2019elle ne r\u00e9v\u00e8le qu\u2019aux habitants et aux voyageurs qui savent sortir des sentiers battus.<\/p>\n<p>Un guide indispensable pour ceux qui pensaient bien conna\u00eetre Aix ou pour ceux qui souhaitent d\u00e9couvrir l\u2019autre visage de la ville.<\/p>\n<p><b>AUTEUR\u00a0<\/b>: Jean-Pierre Cassely<br \/>\n<b>PAGES\u00a0<\/b>: 256<br \/>\n<b>FORMAT\u00a0<\/b>: 10.5 x 19 cm<br \/>\n<b>ISBN\u00a0<\/b>: 978-2-36195-989-0<span class=\"Apple-converted-space\"><br \/>\n<\/span><b>PRIX\u00a0<\/b>: 18,95 \u20ac [prix valable en France]<br \/>\n<b>CONTACT\u00a0<\/b>: <a href=\"mailto:info@editionsjonglez.com\">info@editionsjonglez.com<\/a><\/p>\n<div class=\"buttons_cont\">\n<div class=\"button_cont\" align=\"center\"><a class=\"gv_product_btn\" href=\"https:\/\/jonglezpublishing.com\/wp-content\/uploads\/2019\/03\/New-Couv-Aix_RVB-scaled.jpg\" target=\"_blank\" rel=\"noopener\">T\u00e9l\u00e9charger la couverture<\/a><\/div>\n<div class=\"button_cont\" align=\"center\"><a class=\"gv_product_btn\" href=\"https:\/\/jonglezpublishing.com\/wp-content\/uploads\/2025\/11\/Extrait-PDF-Aix.pdf\" target=\"_blank\" rel=\"noopener\">Consulter le PDF<\/a><\/div>\n<div class=\"button_cont\" align=\"center\"><a class=\"gv_product_btn\" href=\"https:\/\/www.amazon.fr\/-\/en\/Jean-Pierre-Cassely\/dp\/2361954478\/ref=sr_1_1?crid=27R5Q608EE6ZS&amp;dib=eyJ2IjoiMSJ9.mpP51Founm_5GOppmHhtixNcGBJ9mqvZ-FEyqAYM-KRquKfKo4wiVDh5Vua471on.4yMbfyYgT39jECacyRELuGLtn7cNubieNRCtAwJ6ZE8&amp;dib_tag=se&amp;keywords=AIX+INSOLITE+ET+SECR%C3%88TE&amp;qid=1762412043&amp;sprefix=aix+insolite+et+secr%C3%A8te%2Caps%2C276&amp;sr=8-1\" target=\"_blank\" rel=\"noopener\">Acheter en ligne<\/a><\/div>\n<\/div>\n<p>[\/vc_column_text][\/vc_column][\/vc_row]<\/p>\n<\/div>","protected":false},"excerpt":{"rendered":"<p>[vc_row][vc_column][vc_column_text css=\u00a0\u00bb\u00a0\u00bb woodmart_inline=\u00a0\u00bbno\u00a0\u00bb text_larger=\u00a0\u00bbno\u00a0\u00bb]La symbolique du clo\u00eetre et les secrets de la cath\u00e9drale, les vestiges cach\u00e9s des anciennes murailles de<\/p>\n","protected":false},"featured_media":14556,"template":"","meta":[],"product_brand":[],"product_cat":[283,420],"product_tag":[284,285,286],"class_list":{"0":"post-3190","1":"product","2":"type-product","3":"status-publish","4":"has-post-thumbnail","6":"product_cat-french-2","7":"product_cat-guides-insolites","8":"product_tag-aix","9":"product_tag-aix-insolite","10":"product_tag-editions-jonglez","12":"first","13":"instock","14":"shipping-taxable","15":"product-type-simple"},"aioseo_notices":[],"_links":{"self":[{"href":"https:\/\/jonglezpublishing.com\/fr\/wp-json\/wp\/v2\/product\/3190","targetHints":{"allow":["GET"]}}],"collection":[{"href":"https:\/\/jonglezpublishing.com\/fr\/wp-json\/wp\/v2\/product"}],"about":[{"href":"https:\/\/jonglezpublishing.com\/fr\/wp-json\/wp\/v2\/types\/product"}],"wp:featuredmedia":[{"embeddable":true,"href":"https:\/\/jonglezpublishing.com\/fr\/wp-json\/wp\/v2\/media\/14556"}],"wp:attachment":[{"href":"https:\/\/jonglezpublishing.com\/fr\/wp-json\/wp\/v2\/media?parent=3190"}],"wp:term":[{"taxonomy":"product_brand","embeddable":true,"href":"https:\/\/jonglezpublishing.com\/fr\/wp-json\/wp\/v2\/product_brand?post=3190"},{"taxonomy":"product_cat","embeddable":true,"href":"https:\/\/jonglezpublishing.com\/fr\/wp-json\/wp\/v2\/product_cat?post=3190"},{"taxonomy":"product_tag","embeddable":true,"href":"https:\/\/jonglezpublishing.com\/fr\/wp-json\/wp\/v2\/product_tag?post=3190"}],"curies":[{"name":"wp","href":"https:\/\/api.w.org\/{rel}","templated":true}]}}