{"id":3202,"date":"2019-03-04T12:39:13","date_gmt":"2019-03-04T10:39:13","guid":{"rendered":"https:\/\/jonglez.timeforcoffee.gr\/product\/amsterdam-insolite-et-secrete\/"},"modified":"2023-05-04T14:51:33","modified_gmt":"2023-05-04T11:51:33","slug":"amsterdam-insolite-et-secrete","status":"publish","type":"product","link":"https:\/\/jonglezpublishing.com\/fr\/produit\/amsterdam-insolite-et-secrete\/","title":{"rendered":"AMSTERDAM INSOLITE ET SECR\u00c8TE"},"content":{"rendered":"<p>D\u00e9couvrez l\u2019emplacement historique de la c\u00e9l\u00e8bre Ronde de Nuit de Rembrandt, l\u2019origine de l\u2019invention du cognac, une exceptionnelle biblioth\u00e8que herm\u00e9tique, d\u00e9cryptez les pierres de fa\u00e7ade, d\u00e9couvrez un quartier \u00e9co-responsable enti\u00e8rement construit sur l\u2019eau, faites l\u2019amour en plein air en toute l\u00e9galit\u00e9, visitez de magnifiques cours int\u00e9rieures, skiez au c\u0153ur de la ville, devenez un adepte du \u00ab boat-in \u00bb, version amstellodamoise du \u00ab drive-in \u00bb, et mangez une pizza dans votre bateau&#8230;<\/p>\n<p>Loin des foules et des clich\u00e9s habituels, Amsterdam garde encore des tr\u00e9sors bien cach\u00e9s qu\u2019elle ne r\u00e9v\u00e8le qu\u2019aux habitants et aux voyageurs qui savent sortir des sentiers battus.<\/p>\n<p>Un guide indispensable pour ceux qui pensaient bien conna\u00eetre la capitale n\u00e9erlandaise ou pour ceux qui souhaitent d\u00e9couvrir l\u2019autre visage de la ville.<\/p>\n<p><b>AUTEURS\u00a0<\/b>: <span data-sheets-value=\"{&quot;1&quot;:2,&quot;2&quot;:&quot;Marjolijn van Eys, Delphine Mousseau&quot;}\" data-sheets-userformat=\"{&quot;2&quot;:12865,&quot;3&quot;:{&quot;1&quot;:0},&quot;9&quot;:1,&quot;12&quot;:0,&quot;15&quot;:&quot;Cambria&quot;,&quot;16&quot;:11}\">Marjolijn van Eys &amp; Delphine Robiot<\/span><br \/>\n<b>PAGES\u00a0<\/b>: 224<br \/>\n<b>FORMAT\u00a0<\/b>: 10.5 x 19 cm<br \/>\n<b>ISBN\u00a0<\/b>: 978-2-36195-300-3<span class=\"Apple-converted-space\"><br \/>\n<\/span><b>PRIX\u00a0<\/b>: 18,95 \u20ac<br \/>\n<b>CONTACT <\/b>: <a href=\"mailto:info@editionsjonglez.com\">info@editionsjonglez.com<\/a><\/p>\n<div class=\"buttons_cont\">\n<div class=\"button_cont\" align=\"center\">\n<div class=\"button_cont\" align=\"center\"><a class=\"gv_product_btn\" href=\"https:\/\/jonglezpublishing.com\/wp-content\/uploads\/2019\/03\/Couverture-Amsterdam-FR.jpg\" target=\"_blank\" rel=\"noopener\">T\u00e9l\u00e9charger la couverture<\/a><\/div>\n<div class=\"button_cont\" align=\"center\"><a class=\"gv_product_btn\" href=\"https:\/\/jonglezpublishing.com\/wp-content\/uploads\/2023\/04\/Preview-Amsterdam_FR.pdf\" target=\"_blank\" rel=\"noopener\">Consulter le PDF<\/a><\/div>\n<\/div>\n<\/div>\n","protected":false},"excerpt":{"rendered":"<p>D\u00e9couvrez l\u2019emplacement historique de la c\u00e9l\u00e8bre Ronde de Nuit de Rembrandt, l\u2019origine de l\u2019invention du cognac, une exceptionnelle biblioth\u00e8que herm\u00e9tique,<\/p>\n","protected":false},"featured_media":10994,"template":"","meta":[],"product_brand":[],"product_cat":[165,420,287,288],"product_tag":[289,290,291,167,168,170,172,173],"class_list":{"0":"post-3202","1":"product","2":"type-product","3":"status-publish","4":"has-post-thumbnail","6":"product_cat-english-fr","7":"product_cat-guides-insolites","8":"product_cat-italian-fr","9":"product_cat-spanish-fr","10":"product_tag-amsterdam-fr","11":"product_tag-amsterdam-insolite","12":"product_tag-editions-jonglez-fr","13":"product_tag-jonglez-fr","14":"product_tag-jonglez-publishing-fr","15":"product_tag-secret-guides-fr","16":"product_tag-secret-travel-guides-fr","17":"product_tag-travel-guides-fr","19":"first","20":"instock","21":"shipping-taxable","22":"product-type-simple"},"aioseo_notices":[],"_links":{"self":[{"href":"https:\/\/jonglezpublishing.com\/fr\/wp-json\/wp\/v2\/product\/3202","targetHints":{"allow":["GET"]}}],"collection":[{"href":"https:\/\/jonglezpublishing.com\/fr\/wp-json\/wp\/v2\/product"}],"about":[{"href":"https:\/\/jonglezpublishing.com\/fr\/wp-json\/wp\/v2\/types\/product"}],"wp:featuredmedia":[{"embeddable":true,"href":"https:\/\/jonglezpublishing.com\/fr\/wp-json\/wp\/v2\/media\/10994"}],"wp:attachment":[{"href":"https:\/\/jonglezpublishing.com\/fr\/wp-json\/wp\/v2\/media?parent=3202"}],"wp:term":[{"taxonomy":"product_brand","embeddable":true,"href":"https:\/\/jonglezpublishing.com\/fr\/wp-json\/wp\/v2\/product_brand?post=3202"},{"taxonomy":"product_cat","embeddable":true,"href":"https:\/\/jonglezpublishing.com\/fr\/wp-json\/wp\/v2\/product_cat?post=3202"},{"taxonomy":"product_tag","embeddable":true,"href":"https:\/\/jonglezpublishing.com\/fr\/wp-json\/wp\/v2\/product_tag?post=3202"}],"curies":[{"name":"wp","href":"https:\/\/api.w.org\/{rel}","templated":true}]}}