{"id":3228,"date":"2019-03-04T12:23:56","date_gmt":"2019-03-04T12:23:56","guid":{"rendered":"https:\/\/jonglez.timeforcoffee.gr\/product\/barcelone-insolite-et-secrete\/"},"modified":"2023-06-10T15:44:55","modified_gmt":"2023-06-10T12:44:55","slug":"barcelone-insolite-et-secrete","status":"publish","type":"product","link":"https:\/\/jonglezpublishing.com\/fr\/produit\/barcelone-insolite-et-secrete\/","title":{"rendered":"BARCELONE INSOLITE ET SECR\u00c8TE"},"content":{"rendered":"<p>Les secrets de Gaud\u00ed et de la Sagrada Familia, un fantastique\u00a0r\u00e9seau de mod\u00e9lisme ferroviaire cach\u00e9 sous la gare centrale,\u00a0une main myst\u00e9rieuse, un extraordinaire amphith\u00e9\u00e2tre de\u00a0dissection, un refuge anti-a\u00e9rien insoup\u00e7onn\u00e9, un baiser\u00a0mortel, un mus\u00e9e dissimul\u00e9 au fond d\u2019une boutique, un\u00a0talisman magique sur la plaque d\u2019une rue, des symbols ma\u00e7onniques cach\u00e9s, le blason du FC Barcelone \u00e0 Santa Mar\u00eda del Mar&#8230;<\/p>\n<p>De nuit comme de jour, Barcelone ne r\u00e9v\u00e8le ses secrets qu\u2019aux habitants et aux voyageurs qui savent sortir des sentiers battus. Encore faut-il savoir o\u00f9 aller&#8230;<\/p>\n<p>Un guide indispensable pour ceux qui pensaient bien conna\u00eetre Barcelone ou pour ceux qui souhaitent d\u00e9couvrir l\u2019autre visage de la ville.<\/p>\n<p>&nbsp;<\/p>\n<p><b>AUTEURS\u00a0<\/b>: DANI CORTIJO ET ROCIO SIERRA CARBONELL<br \/>\n<b>PAGES\u00a0<\/b>: 256<br \/>\n<b>FORMAT\u00a0<\/b>: 10.5 x 19 cm<br \/>\n<b>ISBN\u00a0<\/b>: 978-2-36195-323-2<span class=\"Apple-converted-space\"><br \/>\n<\/span><b>PRIX\u00a0<\/b>: 18,95 \u20ac<br \/>\n<b>CONTACT <\/b>: <a href=\"mailto:info@editionsjonglez.com\">info@editionsjonglez.com<\/a><\/p>\n<div class=\"buttons_cont\">\n<div class=\"button_cont\" align=\"center\"><a class=\"gv_product_btn\" href=\"https:\/\/jonglezpublishing.com\/wp-content\/uploads\/2019\/03\/Couverture-Barcelona-FR-scaled.jpg\" target=\"_blank\" rel=\"noopener\">T\u00e9l\u00e9charger la couverture<\/a><\/div>\n<div class=\"button_cont\" align=\"center\"><a class=\"gv_product_btn\" href=\"https:\/\/jonglezpublishing.com\/wp-content\/uploads\/2023\/06\/EXTRAIT_Barcelone_FR.pdf\" target=\"_blank\" rel=\"noopener\">Consulter le PDF<\/a><\/div>\n<div class=\"button_cont\" align=\"center\"><a class=\"gv_product_btn\" href=\"https:\/\/www.fnac.com\/a16546858\/Carlos-Mesa-Barcelone-insolite-et-secrete#omnsearchpos=3\" target=\"_blank\" rel=\"noopener\">Acheter en ligne<\/a><\/div>\n<\/div>\n","protected":false},"excerpt":{"rendered":"<p>Les secrets de Gaud\u00ed et de la Sagrada Familia, un fantastique\u00a0r\u00e9seau de mod\u00e9lisme ferroviaire cach\u00e9 sous la gare centrale,\u00a0une main<\/p>\n","protected":false},"featured_media":11194,"template":"","meta":[],"product_brand":[],"product_cat":[165,292,420,287,288],"product_tag":[293,295,294,167,168,170,172,173],"class_list":{"0":"post-3228","1":"product","2":"type-product","3":"status-publish","4":"has-post-thumbnail","6":"product_cat-english-fr","7":"product_cat-french-fr","8":"product_cat-guides-insolites","9":"product_cat-italian-fr","10":"product_cat-spanish-fr","11":"product_tag-barcelone","12":"product_tag-barcelone-insolite","13":"product_tag-editions-jonglez-fr-2","14":"product_tag-jonglez-fr","15":"product_tag-jonglez-publishing-fr","16":"product_tag-secret-guides-fr","17":"product_tag-secret-travel-guides-fr","18":"product_tag-travel-guides-fr","20":"first","21":"instock","22":"shipping-taxable","23":"product-type-simple"},"aioseo_notices":[],"_links":{"self":[{"href":"https:\/\/jonglezpublishing.com\/fr\/wp-json\/wp\/v2\/product\/3228","targetHints":{"allow":["GET"]}}],"collection":[{"href":"https:\/\/jonglezpublishing.com\/fr\/wp-json\/wp\/v2\/product"}],"about":[{"href":"https:\/\/jonglezpublishing.com\/fr\/wp-json\/wp\/v2\/types\/product"}],"wp:featuredmedia":[{"embeddable":true,"href":"https:\/\/jonglezpublishing.com\/fr\/wp-json\/wp\/v2\/media\/11194"}],"wp:attachment":[{"href":"https:\/\/jonglezpublishing.com\/fr\/wp-json\/wp\/v2\/media?parent=3228"}],"wp:term":[{"taxonomy":"product_brand","embeddable":true,"href":"https:\/\/jonglezpublishing.com\/fr\/wp-json\/wp\/v2\/product_brand?post=3228"},{"taxonomy":"product_cat","embeddable":true,"href":"https:\/\/jonglezpublishing.com\/fr\/wp-json\/wp\/v2\/product_cat?post=3228"},{"taxonomy":"product_tag","embeddable":true,"href":"https:\/\/jonglezpublishing.com\/fr\/wp-json\/wp\/v2\/product_tag?post=3228"}],"curies":[{"name":"wp","href":"https:\/\/api.w.org\/{rel}","templated":true}]}}