{"id":3240,"date":"2019-03-04T12:47:04","date_gmt":"2019-03-04T12:47:04","guid":{"rendered":"https:\/\/jonglez.timeforcoffee.gr\/product\/bruxelles-insolite-et-secrete\/"},"modified":"2025-03-27T09:48:27","modified_gmt":"2025-03-27T07:48:27","slug":"bruxelles-insolite-et-secrete","status":"publish","type":"product","link":"https:\/\/jonglezpublishing.com\/fr\/produit\/bruxelles-insolite-et-secrete\/","title":{"rendered":"BRUXELLES INSOLITE ET SECR\u00c8TE"},"content":{"rendered":"<p>D\u2019incroyables fa\u00e7ades Art nouveau, un tron\u00e7on de la Senne reconstitu\u00e9 \u00e0 Saint-G\u00e9ry, la lecture franc-ma\u00e7onnique du Parc de Bruxelles, l\u2019\u00e9tonnante fontaine physiognomique de Magritte, l\u2019endroit du Parc de Bruxelles o\u00f9 a vomi le tsar de Russie en 1717, l\u2019ancienne rotonde du parking Panorama, un hommage au pigeon soldat, de la sp\u00e9l\u00e9ologie \u00e0 la basilique de Koekelberg, une piscine panoramique, un immense jardin potager \u00e0 Uccle, un atelier d\u2019artiste du XIXe si\u00e8cle \u00e0 Schaerbeek, un camping au c\u0153ur de la ville, une cit\u00e9-jardin oubli\u00e9e \u00e0 Forest&#8230;<\/p>\n<p>Pour qui sait observer, pousser les portes et sortir des sentiers battus, Bruxelles regorge de curiosit\u00e9s et de d\u00e9tails surprenants et saura \u00e9tonner ses habitants aussi bien que ses visiteurs qui croyaient bien la conna\u00eetre.<\/p>\n<p>Photo de couverture : \u00a9 Luc Viatour<\/p>\n<p>&nbsp;<\/p>\n<p><em><strong>Florent Verstraeten<\/strong> est n\u00e9 et a grandi \u00e0 Bruxelles. Curieux de tout, il arpente la ville \u00e0 la recherche des coins les plus secrets que m\u00eame les bruxellois ne connaissent pas. Dans son temps libre, il guide les groupes au cours de balades \u00e0 pied ou \u00e0 v\u00e9lo dans les diff\u00e9rents quartiers de Bruxelles. Son ambition: donner l&rsquo;envie de se balader dans sa propre ville et de se la r\u00e9approprier.<\/em><\/p>\n<p><em><strong>Nathalie Capart<\/strong> vit \u00e0 Bruxelles depuis qu&rsquo;elle est en \u00e2ge de s&rsquo;\u00e9manciper. Travailleuse du texte depuis de longues ann\u00e9es, elle se diversifie, se perd et se rep\u00e8re, guid\u00e9e avant tout par sa curiosit\u00e9 et son enthousiasme, avec une nette pr\u00e9f\u00e9rence pour les voyages exotiques dans la rue d&rsquo;\u00e0 c\u00f4t\u00e9.<\/em><\/p>\n<p><em><strong>Isabelle de Pange<\/strong> est n\u00e9 \u00e0\u00a0Uccle et vit \u00e0 Schaerbeek. Elle est historienne de l&rsquo;art (UCL), passionn\u00e9e d&rsquo;architecture. Elle a travaill\u00e9 longtemps \u00e0 l&rsquo;Inventaire du Patrimoine architectural pour la R\u00e9gion de Bruxelles-Capitale, avant de devenir conservatrice des Mus\u00e9es de la Ville de Bruxelles, de 2015 \u00e0 2018. Elle est l&rsquo;auteure de nombreuses publications sur sa ville.\u00a0<\/em><\/p>\n<p>&nbsp;<\/p>\n<p><b>AUTEURS\u00a0<\/b>: Nathalie Capart, Isabelle de Pange &amp; Jean-Jacques Evrard<br \/>\n<b>PAGES <\/b>: 352<br \/>\n<b>FORMAT <\/b>: 10.5 x 19 cm<br \/>\n<b>ISBN <\/b>: 978-2-36195-859-6<br \/>\n<b>PRIX <\/b>: 18,95 <span lang=\"FR\">\u20ac prix valable en France<\/span><br \/>\n<b>CONTACT <\/b>: <a href=\"mailto:infos@editionsjonglez.com\">info@editionsjonglez.com<\/a><\/p>\n<div class=\"buttons_cont\">\n<div class=\"button_cont\" align=\"center\"><a class=\"gv_product_btn\" href=\"https:\/\/jonglezpublishing.com\/wp-content\/uploads\/2019\/03\/NEW_Couv_Bruxelles_FR_RVB-scaled.jpg\" target=\"_blank\" rel=\"noopener\">T\u00e9l\u00e9charger la couverture<\/a><\/div>\n<div class=\"button_cont\" align=\"center\"><a class=\"gv_product_btn\" href=\"https:\/\/jonglezpublishing.com\/wp-content\/uploads\/2025\/03\/Extrait-Bruxelles_FR-2.pdf\" target=\"_blank\" rel=\"noopener\">Consulter le PDF<\/a><\/div>\n<div class=\"button_cont\" align=\"center\"><a class=\"gv_product_btn\" href=\"https:\/\/www.amazon.fr\/-\/en\/dp\/2361958597\/ref=sr_1_1?dib=eyJ2IjoiMSJ9.yh7pUQsUybyWSIylPmiwiwnEmyFhybP9tkjajbA5QwoHBzXB7y2W5wz8MrfGRQgyqI3ZeX5hVH8v63xU_wcSOAbK0rS47ezHwufyPOODAqJHUSXMPfT4Z1qfsrT0VRoN.31HTYl52eWT3mP0JjQ816tTAtfiEevvK0R3xWkyRz7A&amp;dib_tag=se&amp;keywords=BRUXELLES+INSOLITE+ET+SECR%C3%88TE&amp;qid=1743061682&amp;sr=8-1\" target=\"_blank\" rel=\"noopener\">Acheter en ligne<\/a><\/div>\n<\/div>\n","protected":false},"excerpt":{"rendered":"<p>D\u2019incroyables fa\u00e7ades Art nouveau, un tron\u00e7on de la Senne reconstitu\u00e9 \u00e0 Saint-G\u00e9ry, la lecture franc-ma\u00e7onnique du Parc de Bruxelles, l\u2019\u00e9tonnante<\/p>\n","protected":false},"featured_media":13670,"template":"","meta":[],"product_brand":[],"product_cat":[165,292,420,288],"product_tag":[297,296,298,167,168,170,172,173],"class_list":{"0":"post-3240","1":"product","2":"type-product","3":"status-publish","4":"has-post-thumbnail","6":"product_cat-english-fr","7":"product_cat-french-fr","8":"product_cat-guides-insolites","9":"product_cat-spanish-fr","10":"product_tag-bruxelles","11":"product_tag-bruxelles-insolite","12":"product_tag-editions-jonglez-fr-3","13":"product_tag-jonglez-fr","14":"product_tag-jonglez-publishing-fr","15":"product_tag-secret-guides-fr","16":"product_tag-secret-travel-guides-fr","17":"product_tag-travel-guides-fr","19":"first","20":"instock","21":"shipping-taxable","22":"product-type-simple"},"aioseo_notices":[],"_links":{"self":[{"href":"https:\/\/jonglezpublishing.com\/fr\/wp-json\/wp\/v2\/product\/3240","targetHints":{"allow":["GET"]}}],"collection":[{"href":"https:\/\/jonglezpublishing.com\/fr\/wp-json\/wp\/v2\/product"}],"about":[{"href":"https:\/\/jonglezpublishing.com\/fr\/wp-json\/wp\/v2\/types\/product"}],"wp:featuredmedia":[{"embeddable":true,"href":"https:\/\/jonglezpublishing.com\/fr\/wp-json\/wp\/v2\/media\/13670"}],"wp:attachment":[{"href":"https:\/\/jonglezpublishing.com\/fr\/wp-json\/wp\/v2\/media?parent=3240"}],"wp:term":[{"taxonomy":"product_brand","embeddable":true,"href":"https:\/\/jonglezpublishing.com\/fr\/wp-json\/wp\/v2\/product_brand?post=3240"},{"taxonomy":"product_cat","embeddable":true,"href":"https:\/\/jonglezpublishing.com\/fr\/wp-json\/wp\/v2\/product_cat?post=3240"},{"taxonomy":"product_tag","embeddable":true,"href":"https:\/\/jonglezpublishing.com\/fr\/wp-json\/wp\/v2\/product_tag?post=3240"}],"curies":[{"name":"wp","href":"https:\/\/api.w.org\/{rel}","templated":true}]}}