{"id":3256,"date":"2019-03-04T12:53:32","date_gmt":"2019-03-04T10:53:32","guid":{"rendered":"https:\/\/jonglez.timeforcoffee.gr\/product\/buenos-aires-insolite-et-secrete\/"},"modified":"2020-07-07T17:17:06","modified_gmt":"2020-07-07T14:17:06","slug":"buenos-aires-insolite-et-secrete","status":"publish","type":"product","link":"https:\/\/jonglezpublishing.com\/fr\/produit\/buenos-aires-insolite-et-secrete\/","title":{"rendered":"BUENOS AIRES INSOLITE ET SECR\u00c8TE"},"content":{"rendered":"<p>Une statue qui d\u00e9nonce la corruption, un immeuble qui est construit comme une all\u00e9gorie de la <em>Divine Com\u00e9die<\/em>, un mus\u00e9e priv\u00e9 psych\u00e9d\u00e9lique exceptionnel, un monument pour un chien policier, la chambre de Garc\u00eda Lorca \u00e0 l\u2019<em>Hotel Castelar, <\/em>les toilettes d\u2019un bar o\u00f9 <span lang=\"FR\">\u00ab\u00a0<\/span>l\u2019acoustique \u00e9tait exceptionnelle <span lang=\"FR\">\u00bb<\/span>, les vestiges d\u2019une tentative de coup d\u2019\u00e9tat, une coupole digne de Gaudi\u2026<em>\u00a0<\/em><\/p>\n<p>Loin des foules et des clich\u00e9s habituels, Buenos Aires garde des tr\u00e9sors bien cach\u00e9s qu\u2019elle ne r\u00e9v\u00e8le qu\u2019aux habitants et aux voyageurs qui savent sortir des sentiers battus.<\/p>\n<p>Un guide indispensable pour ceux qui pensaient bien conna\u00eetre Buenos Aires ou pour ceux qui souhaitent d\u00e9couvrir l\u2019autre visage de la ville.<\/p>\n<p>&nbsp;<\/p>\n<p><b>AUTEURS\u00a0<\/b>: Valeria Sampedro &amp; Hern\u00e1n Firpo<br \/>\n<b>PAGES <\/b>: 272<br \/>\n<b>FORMAT <\/b>: 10.5 x 19 cm<br \/>\n<b>ISBN <\/b>: <span data-sheets-value=\"{&quot;1&quot;:2,&quot;2&quot;:&quot;978-2-36195-100-9&quot;}\" data-sheets-userformat=\"{&quot;2&quot;:12864,&quot;9&quot;:1,&quot;12&quot;:0,&quot;15&quot;:&quot;Cambria&quot;,&quot;16&quot;:11}\">978-2-36195-100-9<\/span><br \/>\n<b>PRIX <\/b>: 18,90 \u20ac<br \/>\n<b>CONTACT <\/b>: <a href=\"mailto:infos@editionsjonglez.com\">infos@editionsjonglez.com<\/a><\/p>\n<div class=\"buttons_cont\">\n<div class=\"button_cont\" align=\"center\"><a class=\"gv_product_btn\" href=\"https:\/\/jonglezpublishing.com\/wp-content\/uploads\/2019\/03\/Buenos-Aires-insolite-et-secr\u00e8te.jpg\" target=\"_blank\" rel=\"noopener noreferrer\">T\u00e9l\u00e9charger la couverture<\/a><\/div>\n<div class=\"button_cont\" align=\"center\"><a class=\"gv_product_btn\" href=\"https:\/\/jonglezpublishing.com\/wp-content\/uploads\/2019\/03\/Extrait-Buenos-Aires-fran\u00e7ais.pdf\" target=\"_blank\" rel=\"noopener noreferrer\">Consulter le PDF<\/a><\/div>\n<div class=\"button_cont\" align=\"center\"><a class=\"gv_product_btn\" href=\"https:\/\/livre.fnac.com\/a9323170\/Valeria-Sampedro-Buenos-Aires-insolite-et-secrete#omnsearchpos=1\" target=\"_blank\" rel=\"noopener noreferrer\">Acheter en ligne<\/a><\/div>\n<\/div>\n","protected":false},"excerpt":{"rendered":"<p>Une statue qui d\u00e9nonce la corruption, un immeuble qui est construit comme une all\u00e9gorie de la Divine Com\u00e9die, un mus\u00e9e<\/p>\n","protected":false},"featured_media":1318,"template":"","meta":[],"product_brand":[],"product_cat":[165,292,420,287,288],"product_tag":[299,300,301,167,168,172,173],"class_list":{"0":"post-3256","1":"product","2":"type-product","3":"status-publish","4":"has-post-thumbnail","6":"product_cat-english-fr","7":"product_cat-french-fr","8":"product_cat-guides-insolites","9":"product_cat-italian-fr","10":"product_cat-spanish-fr","11":"product_tag-buenos-aires-fr","12":"product_tag-buenos-aires-insolite","13":"product_tag-editions-jonglez-fr-4","14":"product_tag-jonglez-fr","15":"product_tag-jonglez-publishing-fr","16":"product_tag-secret-travel-guides-fr","17":"product_tag-travel-guides-fr","19":"first","20":"instock","21":"shipping-taxable","22":"product-type-simple"},"aioseo_notices":[],"_links":{"self":[{"href":"https:\/\/jonglezpublishing.com\/fr\/wp-json\/wp\/v2\/product\/3256","targetHints":{"allow":["GET"]}}],"collection":[{"href":"https:\/\/jonglezpublishing.com\/fr\/wp-json\/wp\/v2\/product"}],"about":[{"href":"https:\/\/jonglezpublishing.com\/fr\/wp-json\/wp\/v2\/types\/product"}],"wp:featuredmedia":[{"embeddable":true,"href":"https:\/\/jonglezpublishing.com\/fr\/wp-json\/wp\/v2\/media\/1318"}],"wp:attachment":[{"href":"https:\/\/jonglezpublishing.com\/fr\/wp-json\/wp\/v2\/media?parent=3256"}],"wp:term":[{"taxonomy":"product_brand","embeddable":true,"href":"https:\/\/jonglezpublishing.com\/fr\/wp-json\/wp\/v2\/product_brand?post=3256"},{"taxonomy":"product_cat","embeddable":true,"href":"https:\/\/jonglezpublishing.com\/fr\/wp-json\/wp\/v2\/product_cat?post=3256"},{"taxonomy":"product_tag","embeddable":true,"href":"https:\/\/jonglezpublishing.com\/fr\/wp-json\/wp\/v2\/product_tag?post=3256"}],"curies":[{"name":"wp","href":"https:\/\/api.w.org\/{rel}","templated":true}]}}