{"id":3269,"date":"2019-03-01T14:50:52","date_gmt":"2019-03-01T12:50:52","guid":{"rendered":"https:\/\/jonglez.timeforcoffee.gr\/product\/campanie-%e2%80%a8insolite-et-secrete-%e2%80%a8\/"},"modified":"2020-12-15T14:35:01","modified_gmt":"2020-12-15T12:35:01","slug":"campanie-%e2%80%a8insolite-et-secrete-%e2%80%a8","status":"publish","type":"product","link":"https:\/\/jonglezpublishing.com\/fr\/produit\/campanie-%e2%80%a8insolite-et-secrete-%e2%80%a8\/","title":{"rendered":"CAMPANIE \u2028INSOLITE ET SECR\u00c8TE \u2028"},"content":{"rendered":"<p>Une plaque en marbre qui suinte deux fois par an, une exceptionnelle plong\u00e9e sous-marine au-dessus des mosa\u00efques et des temples d\u2019une ancienne ville romaine, un spectaculaire amphith\u00e9\u00e2tre rempli de spectateurs en pierre, des traditions pa\u00efennes jamais disparues, le plus grand encensoir du monde, une sublime biblioth\u00e8que secr\u00e8te cach\u00e9e dans un\u00a0monast\u00e8re, les traces du battement des ailes de l\u2019archange saint Michel, les flagellations d\u2019un rite p\u00e9nitentiel hors du commun, d\u2019incroyables ob\u00e9lisques g\u00e9ants port\u00e9s \u00e0 dos d\u2019homme lors des f\u00eates religieuses, les vases des Noces de Cana dans un sanctuaire m\u00e9connu, des fresques exceptionnelles mais ignor\u00e9es\u2026<\/p>\n<p>Loin des foules et des clich\u00e9s, la Campanie poss\u00e8de un des patrimoines culturels les plus riches d\u2019Italie. Que ce soit autour de la c\u00f4te Amalfitaine, de Pomp\u00e9i, du V\u00e9suve, de Caserte ou dans les alentours de Naples, la Campanie garde des tr\u00e9sors bien cach\u00e9s qu\u2019elle ne r\u00e9v\u00e8le qu\u2019aux habitants et aux voyageurs qui savent sortir des sentiers battus.<span class=\"Apple-converted-space\">\u00a0<\/span><\/p>\n<p>Un guide indispensable pour ceux qui pensaient bien conna\u00eetre la Campanie ou pour ceux qui souhaitent d\u00e9couvrir l\u2019autre visage de la r\u00e9gion.<\/p>\n<p>&nbsp;<\/p>\n<p style=\"text-align: center;\">*\u00a0<em><b>Campanie insolite et secr\u00e8te<\/b><\/em> a re\u00e7u le prix Scriptura dans la cat\u00e9gorie meilleur livre culturel de l\u2019ann\u00e9e en Italie.*<\/p>\n<p>&nbsp;<\/p>\n<p><a href=\"http:\/\/www.sgdl-auteurs.org\/maria-franchini\/index.php\/\"><b><em>Maria Franchini <\/em><\/b><\/a><em>&#8211; Guide conf\u00e9renci\u00e8re des monuments de la Campanie pendant quinze ans, Maria Franchini est n\u00e9e \u00e0 Naples. Journaliste et auteure de plusieurs ouvrages, grande passionn\u00e9e de la culture napolitaine et sp\u00e9cialiste de la civilisation romaine, elle travaille \u00e9galement pour le Centre culturel italien de Paris, o\u00f9 elle donne des cours de langue napolitaine, tient des conf\u00e9rences et dirige des s\u00e9minaires autour de ses sujets de pr\u00e9dilection. Maria est \u00e9galement co-auteur du guide <i>\u00ab\u00a0<\/i>Naples Insolite et Secr\u00e8te <i>\u00bb<\/i>.<\/em><\/p>\n<p><em><b>Valerio Ceva Grimaldi Pisanelli di Pietracatella<\/b>, 38 ans, appartient \u00e0 une famille napolitaine de vieille noblesse. Journaliste de profession, il a travaill\u00e9 de 2000 \u00e0 2004 au sein du staff du pr\u00e9sident de la Province de Naples, le professeur Amato Lamberti, puis de 2004 \u00e0 2006, \u00e0 l\u2019assessorat \u00e0 l\u2019Environnement de la Commune de Naples. Il a collabor\u00e9 pendant deux ans \u00e0 l\u2019\u00e9mission Gap de la Rai. De 2006 \u00e0 2009, il a \u00e9t\u00e9 r\u00e9dacteur en chef du journal Notizie Verdi. De 2010 \u00e0 2012, il a \u00e9t\u00e9 directeur adjoint de Terra, le premier quotidien \u00e9cologiste distribu\u00e9 dans les kiosques. Il a publi\u00e9 de nombreux articles et enqu\u00eates sur la ville de Naples.<span class=\"Apple-converted-space\">\u00a0<\/span><\/em><\/p>\n<p>&nbsp;<\/p>\n<p><b>AUTEURS\u00a0<\/b>: Maria Franchini &amp; Valerio Ceva<span class=\"Apple-converted-space\">\u00a0 <\/span>Grimaldi<br \/>\n<b>PAGES\u00a0<\/b>: 256<br \/>\n<b>FORMAT\u00a0<\/b>: 10.5 x 19 cm<br \/>\n<b>ISBN\u00a0<\/b>: 978-2-36195-243-3<span class=\"Apple-converted-space\"><br \/>\n<\/span><b>PRIX\u00a0<\/b>: 17,95 \u20ac<br \/>\n<b>CONTACT <\/b>: <a href=\"mailto:guillaume@editionsjonglez.com\">infos@editionsjonglez.com<\/a><\/p>\n<div class=\"buttons_cont\">\n<div class=\"button_cont\" align=\"center\"><a class=\"gv_product_btn\" href=\"https:\/\/jonglezpublishing.com\/wp-content\/uploads\/2019\/03\/COVER-CAMPANIA-FR.jpg\" target=\"_blank\" rel=\"noopener noreferrer\">T\u00e9l\u00e9charger la couverture<\/a><\/div>\n<div class=\"button_cont\" align=\"center\"><a class=\"gv_product_btn\" href=\"https:\/\/jonglezpublishing.com\/wp-content\/uploads\/2019\/03\/Campania-FR-Extract.pdf\" target=\"_blank\" rel=\"noopener noreferrer\">Consulter le PDF<\/a><\/div>\n<div class=\"button_cont\" align=\"center\"><a class=\"gv_product_btn\" href=\"https:\/\/livre.fnac.com\/a11113466\/Collectif-Campanie-insolite-et-secrete#st=campanie+insolite&amp;ct=Rayons&amp;t=p\" target=\"_blank\" rel=\"noopener noreferrer\">Acheter en ligne<\/a><\/div>\n<\/div>\n","protected":false},"excerpt":{"rendered":"<p>Une plaque en marbre qui suinte deux fois par an, une exceptionnelle plong\u00e9e sous-marine au-dessus des mosa\u00efques et des temples<\/p>\n","protected":false},"featured_media":1270,"template":"","meta":[],"product_brand":[],"product_cat":[165,292,420,287],"product_tag":[303,302,304,167,305,168,170,172,173],"class_list":{"0":"post-3269","1":"product","2":"type-product","3":"status-publish","4":"has-post-thumbnail","6":"product_cat-english-fr","7":"product_cat-french-fr","8":"product_cat-guides-insolites","9":"product_cat-italian-fr","10":"product_tag-campanie","11":"product_tag-campanie-insolite","12":"product_tag-editions-jonglez-fr-5","13":"product_tag-jonglez-fr","14":"product_tag-jonglez-fr-2","15":"product_tag-jonglez-publishing-fr","16":"product_tag-secret-guides-fr","17":"product_tag-secret-travel-guides-fr","18":"product_tag-travel-guides-fr","20":"first","21":"instock","22":"shipping-taxable","23":"product-type-simple"},"aioseo_notices":[],"_links":{"self":[{"href":"https:\/\/jonglezpublishing.com\/fr\/wp-json\/wp\/v2\/product\/3269","targetHints":{"allow":["GET"]}}],"collection":[{"href":"https:\/\/jonglezpublishing.com\/fr\/wp-json\/wp\/v2\/product"}],"about":[{"href":"https:\/\/jonglezpublishing.com\/fr\/wp-json\/wp\/v2\/types\/product"}],"wp:featuredmedia":[{"embeddable":true,"href":"https:\/\/jonglezpublishing.com\/fr\/wp-json\/wp\/v2\/media\/1270"}],"wp:attachment":[{"href":"https:\/\/jonglezpublishing.com\/fr\/wp-json\/wp\/v2\/media?parent=3269"}],"wp:term":[{"taxonomy":"product_brand","embeddable":true,"href":"https:\/\/jonglezpublishing.com\/fr\/wp-json\/wp\/v2\/product_brand?post=3269"},{"taxonomy":"product_cat","embeddable":true,"href":"https:\/\/jonglezpublishing.com\/fr\/wp-json\/wp\/v2\/product_cat?post=3269"},{"taxonomy":"product_tag","embeddable":true,"href":"https:\/\/jonglezpublishing.com\/fr\/wp-json\/wp\/v2\/product_tag?post=3269"}],"curies":[{"name":"wp","href":"https:\/\/api.w.org\/{rel}","templated":true}]}}