{"id":3280,"date":"2019-03-01T15:03:26","date_gmt":"2019-03-01T13:03:26","guid":{"rendered":"https:\/\/jonglez.timeforcoffee.gr\/product\/copenhague-insolite-et-secrete\/"},"modified":"2025-06-20T10:00:45","modified_gmt":"2025-06-20T07:00:45","slug":"copenhague-insolite-et-secrete","status":"publish","type":"product","link":"https:\/\/jonglezpublishing.com\/fr\/produit\/copenhague-insolite-et-secrete\/","title":{"rendered":"COPENHAGUE INSOLITE ET SECR\u00c8TE"},"content":{"rendered":"<p>Une \u00e9cole d\u2019\u00e9quitation dans un ancien hangar \u00e0 dirigeables, des os de baleine g\u00e9ante dans un parking, un bunker sous une \u00e9cole, un ascenseur qui ne s\u2019arr\u00eate jamais, un immense r\u00e9seau de tunnels sous un h\u00f4pital, de superbes mus\u00e9es secrets, des merveilles architecturales m\u00e9connues, des jardins cach\u00e9s&#8230;<\/p>\n<p>Loin des foules et des clich\u00e9s habituels, Copenhague garde encore des tr\u00e9sors bien cach\u00e9s qu\u2019elle ne r\u00e9v\u00e8le qu\u2019aux habitants et aux voyageurs qui savent sortir des sentiers battus.<\/p>\n<p>Un guide indispensable pour ceux qui pensaient bien conna\u00eetre Copenhague ou pour ceux qui souhaitent d\u00e9couvrir l\u2019autre visage de la ville.<\/p>\n<p>Photo de couverture : \u00a9 Bam Parima<\/p>\n<p>&nbsp;<\/p>\n<p><b>AUTEURS\u00a0<\/b>: Johanne Steenstrup et Klaus Dahl<br \/>\n<b>PAGES <\/b>: 208<br \/>\n<b>FORMAT <\/b>: 10.5 x 19 cm<br \/>\n<b>ISBN <\/b>: 978-2-36195-918-0<br \/>\n<b>PRIX <\/b>: 18,95 \u20ac<br \/>\n<b>CONTACT <\/b>: <a href=\"mailto:info@editionsjonglez.com\">info@editionsjonglez.com<\/a><\/p>\n<div class=\"buttons_cont\">\n<div class=\"button_cont\" align=\"center\">\n<div class=\"button_cont\" align=\"center\"><a class=\"gv_product_btn\" href=\"https:\/\/jonglezpublishing.com\/wp-content\/uploads\/2019\/03\/NEW_couv_Copenhague_FR_RVB-scaled.jpg\" target=\"_blank\" rel=\"noopener\">T\u00e9l\u00e9charger la couverture<\/a><\/div>\n<div class=\"button_cont\" align=\"center\"><a class=\"gv_product_btn\" href=\"https:\/\/jonglezpublishing.com\/wp-content\/uploads\/2025\/06\/Extrait-Copenhague-insolite-et-secrete.pdf\" target=\"_blank\" rel=\"noopener\">Consulter le PDF<\/a><\/div>\n<div class=\"button_cont\" align=\"center\"><a class=\"gv_product_btn\" href=\"https:\/\/www.fnac.com\/a16755899\/Klaus-Dahl-Copenhague-insolite-et-secrete-Livre#omnsearchpos=1\" target=\"_blank\" rel=\"noopener\">Acheter en ligne<\/a><\/div>\n<\/div>\n<\/div>\n","protected":false},"excerpt":{"rendered":"<p>Une \u00e9cole d\u2019\u00e9quitation dans un ancien hangar \u00e0 dirigeables, des os de baleine g\u00e9ante dans un parking, un bunker sous<\/p>\n","protected":false},"featured_media":14097,"template":"","meta":[],"product_brand":[],"product_cat":[165,292,420],"product_tag":[306,307,167,168,170,172,173],"class_list":{"0":"post-3280","1":"product","2":"type-product","3":"status-publish","4":"has-post-thumbnail","6":"product_cat-english-fr","7":"product_cat-french-fr","8":"product_cat-guides-insolites","9":"product_tag-copenhague","10":"product_tag-copenhague-insolite","11":"product_tag-jonglez-fr","12":"product_tag-jonglez-publishing-fr","13":"product_tag-secret-guides-fr","14":"product_tag-secret-travel-guides-fr","15":"product_tag-travel-guides-fr","17":"first","18":"instock","19":"shipping-taxable","20":"product-type-simple"},"aioseo_notices":[],"_links":{"self":[{"href":"https:\/\/jonglezpublishing.com\/fr\/wp-json\/wp\/v2\/product\/3280","targetHints":{"allow":["GET"]}}],"collection":[{"href":"https:\/\/jonglezpublishing.com\/fr\/wp-json\/wp\/v2\/product"}],"about":[{"href":"https:\/\/jonglezpublishing.com\/fr\/wp-json\/wp\/v2\/types\/product"}],"wp:featuredmedia":[{"embeddable":true,"href":"https:\/\/jonglezpublishing.com\/fr\/wp-json\/wp\/v2\/media\/14097"}],"wp:attachment":[{"href":"https:\/\/jonglezpublishing.com\/fr\/wp-json\/wp\/v2\/media?parent=3280"}],"wp:term":[{"taxonomy":"product_brand","embeddable":true,"href":"https:\/\/jonglezpublishing.com\/fr\/wp-json\/wp\/v2\/product_brand?post=3280"},{"taxonomy":"product_cat","embeddable":true,"href":"https:\/\/jonglezpublishing.com\/fr\/wp-json\/wp\/v2\/product_cat?post=3280"},{"taxonomy":"product_tag","embeddable":true,"href":"https:\/\/jonglezpublishing.com\/fr\/wp-json\/wp\/v2\/product_tag?post=3280"}],"curies":[{"name":"wp","href":"https:\/\/api.w.org\/{rel}","templated":true}]}}