{"id":3297,"date":"2019-03-01T15:05:25","date_gmt":"2019-03-01T13:05:25","guid":{"rendered":"https:\/\/jonglez.timeforcoffee.gr\/product\/dublin-insolite-et-secrete\/"},"modified":"2024-06-10T08:31:33","modified_gmt":"2024-06-10T05:31:33","slug":"dublin-insolite-et-secrete","status":"publish","type":"product","link":"https:\/\/jonglezpublishing.com\/fr\/produit\/dublin-insolite-et-secrete\/","title":{"rendered":"DUBLIN INSOLITE ET SECR\u00c8TE"},"content":{"rendered":"<p>D\u00e9couvrez le sanctuaire de la franc-ma\u00e7onnerie irlandaise et la brosse \u00e0 dents de Napol\u00e9on, soyez complice d\u2019un canular insou\u00e7onnable mais \u00e0 la vue de tous sur O\u2019Connel Bridge, essayez les empreintes des pieds de Georges IV, entrez dans une somptueuse capsule t\u00e9moin de l\u2019\u00e9poque g\u00e9orgienne sur Henrietta Street, traversez le pont o\u00f9 le math\u00e9maticien et astronome William Rowan Hamilton cria \u201cEur\u00eaka !\u201d, explorez un appartement mus\u00e9e pr\u00e9serv\u00e9 exactement tel qu\u2019il \u00e9tait il y a plus d\u2019un si\u00e8cle, visitez une tour de Martello o\u00f9 sont expos\u00e9es des radios de toutes les \u00e9poques ou localisez la rivi\u00e8re souterraine de Dublin&#8230;<\/p>\n<p>Dublin offre d\u2019innombrables occasions d\u2019\u00e9chapper aux itin\u00e9raires touristiques pour se plonger dans le pass\u00e9 et le<br \/>\npr\u00e9sent de cette ville extraordinaire. Il suffit de savoir ou diriger son regard.<\/p>\n<p>Un guide indispensable \u00e0 tous ceux qui croyaient tout savoir sur la capitale irlandaise.<\/p>\n<p>&nbsp;<\/p>\n<p><b>AUTEUR <\/b>: P\u00f3l \u00d3 Conghaile<br \/>\n<b>PAGES <\/b>: 320<strong><br \/>\n<\/strong><b>FORMAT <\/b>: 10.5 x 19 cm<br \/>\n<b>ISBN <\/b>: 978-2-36195-641-7<br \/>\n<b>PRIX <\/b>: 18,95 \u20ac &#8211; prix valable en France<br \/>\n<b>CONTACT <\/b>: <a href=\"mailto:info@editionsjonglez.com\">info@editionsjonglez.com<\/a><\/p>\n<div class=\"buttons_cont\">\n<div class=\"button_cont\" align=\"center\"><a class=\"gv_product_btn\" href=\"https:\/\/jonglezpublishing.com\/wp-content\/uploads\/2019\/03\/couv_Dublin_FR_RVB-1-scaled.jpg\" target=\"_blank\" rel=\"noopener\">T\u00e9l\u00e9charger la couverture<\/a><\/div>\n<div class=\"button_cont\" align=\"center\"><a class=\"gv_product_btn\" href=\"https:\/\/jonglezpublishing.com\/wp-content\/uploads\/2024\/05\/Extrait-Dublin_FR.pdf\" target=\"_blank\" rel=\"noopener\">Consulter le PDF<\/a><\/div>\n<div class=\"button_cont\" align=\"center\"><a class=\"gv_product_btn\" href=\"https:\/\/www.fnac.com\/a17866106\/Pol-O-Conghaile-Dublin-insolite-et-secrete\" target=\"_blank\" rel=\"noopener\">Acheter en ligne<\/a><\/div>\n<\/div>\n","protected":false},"excerpt":{"rendered":"<p>D\u00e9couvrez le sanctuaire de la franc-ma\u00e7onnerie irlandaise et la brosse \u00e0 dents de Napol\u00e9on, soyez complice d\u2019un canular insou\u00e7onnable mais<\/p>\n","protected":false},"featured_media":12499,"template":"","meta":[],"product_brand":[],"product_cat":[165,292,420],"product_tag":[308,310,309,167,168,170,172,173],"class_list":{"0":"post-3297","1":"product","2":"type-product","3":"status-publish","4":"has-post-thumbnail","6":"product_cat-english-fr","7":"product_cat-french-fr","8":"product_cat-guides-insolites","9":"product_tag-dublin-fr","10":"product_tag-dublin-insolite","11":"product_tag-editions-jonglez-fr-6","12":"product_tag-jonglez-fr","13":"product_tag-jonglez-publishing-fr","14":"product_tag-secret-guides-fr","15":"product_tag-secret-travel-guides-fr","16":"product_tag-travel-guides-fr","18":"first","19":"instock","20":"shipping-taxable","21":"product-type-simple"},"aioseo_notices":[],"_links":{"self":[{"href":"https:\/\/jonglezpublishing.com\/fr\/wp-json\/wp\/v2\/product\/3297","targetHints":{"allow":["GET"]}}],"collection":[{"href":"https:\/\/jonglezpublishing.com\/fr\/wp-json\/wp\/v2\/product"}],"about":[{"href":"https:\/\/jonglezpublishing.com\/fr\/wp-json\/wp\/v2\/types\/product"}],"wp:featuredmedia":[{"embeddable":true,"href":"https:\/\/jonglezpublishing.com\/fr\/wp-json\/wp\/v2\/media\/12499"}],"wp:attachment":[{"href":"https:\/\/jonglezpublishing.com\/fr\/wp-json\/wp\/v2\/media?parent=3297"}],"wp:term":[{"taxonomy":"product_brand","embeddable":true,"href":"https:\/\/jonglezpublishing.com\/fr\/wp-json\/wp\/v2\/product_brand?post=3297"},{"taxonomy":"product_cat","embeddable":true,"href":"https:\/\/jonglezpublishing.com\/fr\/wp-json\/wp\/v2\/product_cat?post=3297"},{"taxonomy":"product_tag","embeddable":true,"href":"https:\/\/jonglezpublishing.com\/fr\/wp-json\/wp\/v2\/product_tag?post=3297"}],"curies":[{"name":"wp","href":"https:\/\/api.w.org\/{rel}","templated":true}]}}