{"id":3334,"date":"2019-03-04T12:59:37","date_gmt":"2019-03-04T10:59:37","guid":{"rendered":"https:\/\/jonglez.timeforcoffee.gr\/product\/florence-insolite-et-secrete\/"},"modified":"2022-05-31T09:11:47","modified_gmt":"2022-05-31T06:11:47","slug":"florence-insolite-et-secrete","status":"publish","type":"product","link":"https:\/\/jonglezpublishing.com\/fr\/produit\/florence-insolite-et-secrete\/","title":{"rendered":"FLORENCE INSOLITE ET SECR\u00c8TE"},"content":{"rendered":"<p class=\"p1\">Recueillez-vous dans l\u2019\u00e9glise d\u2019une prison, apprenez\u00a0comment Florence est devenue la capitale de l\u2019herm\u00e9tisme\u00a0\u00e0 la Renaissance, \u00e9chappez \u00e0 la foule des touristes pour\u00a0visiter des chefs-d\u2019oeuvre artistiques m\u00e9connus, partez \u00e0\u00a0la recherche des 34 plaques portant des citations tir\u00e9es\u00a0de la Divine Com\u00e9die, faites le plein dans une station-service vintage, demandez \u00e0 vos enfants de compter\u00a0les abeilles sculpt\u00e9es sur le monument \u00e0 la gloire de\u00a0Ferdinand I<span class=\"s1\">er<\/span>, d\u00e9nichez les derniers distributeurs de vin\u00a0de la Renaissance, remarquez les fen\u00eatres minuscules\u00a0par lesquelles les enfants espionnent l\u2019activit\u00e9 de la rue,\u00a0arpentez de superbes jardins priv\u00e9s ignor\u00e9s des Florentins\u00a0eux-m\u00eames&#8230;<\/p>\n<p class=\"p1\">Loin des foules et des clich\u00e9s habituels, Florence garde\u00a0encore des tr\u00e9sors bien cach\u00e9s, qu\u2019elle ne r\u00e9v\u00e8le qu\u2019aux\u00a0habitants et aux voyageurs qui savent sortir des sentiers\u00a0battus.<\/p>\n<p class=\"p1\">Un guide essentiel pour ceux qui pensaient bien conna\u00eetre\u00a0Florence, ou pour ceux qui souhaitent d\u00e9couvrir l\u2019autre\u00a0visage de la ville.<\/p>\n<p>&nbsp;<\/p>\n<p class=\"p1\"><em><a href=\"http:\/\/www.niccolorinaldi.it\"><span class=\"s1\">N<\/span>iccol\u00f2 Rinaldi<\/a> est n\u00e9 \u00e0\u00a0Florence en 1962. Il a \u00e9t\u00e9 responsable de l\u2019information\u00a0en Afghanistan pour l\u2019ONU et secr\u00e9taire g\u00e9n\u00e9ral adjoint\u00a0au Parlement europ\u00e9en. Il est actuellement d\u00e9put\u00e9 au\u00a0Parlement europ\u00e9en, \u00e9lu au sein du Coll\u00e8ge de l\u2019Italie\u00a0centrale, qui comporte le d\u00e9partement de Florence.\u00a0Il est \u00e9galement chef d\u2019une d\u00e9l\u00e9gation du parti de\u00a0l\u2019IDV (Italia dei Valori) et vice-pr\u00e9sident de l\u2019Alliance\u00a0des d\u00e9mocrates et lib\u00e9raux pour l\u2019Europe (ADLE) au\u00a0Parlement europ\u00e9en. Il est enfin auteur de livres de voyage\u00a0et de correspondances sur l\u2019Asie centrale, l\u2019Afrique et les\u00a0voyageurs florentins.<\/em><\/p>\n<p class=\"p1\"><em><strong><span class=\"s1\">P<\/span>aola Maresca<\/strong>, docteure en architecture et chercheuse,\u00a0est n\u00e9e \u00e0 Florence o\u00f9 elle vit et travaille. D\u00e8s le d\u00e9but\u00a0de son parcours universitaire, son int\u00e9r\u00eat s\u2019est port\u00e9 sur\u00a0la tradition sapientielle. Elle a plus particuli\u00e8rement\u00a0\u00e9tudi\u00e9 le symbolisme herm\u00e9tique en architecture et dans\u00a0l\u2019art des jardins. Autrice de nombreux livres et essais sur\u00a0ces th\u00e8mes, elle a \u00e9t\u00e9 \u00e9lue en 2014 Membre d\u2019honneur\u00a0de l\u2019Acad\u00e9mie des Arts du Design. Elle est actuellement\u00a0la pr\u00e9sidente de l\u2019Associazione Firenze Alchemica.<\/em><\/p>\n<p>&nbsp;<\/p>\n<p><b>AUTEURS <\/b>: Niccol\u00f2 Rinaldi &amp; Paola Maresca<br \/>\n<b>PAGES <\/b>: 320<br \/>\n<b>FORMAT <\/b>: 10.5 x 19 cm<br \/>\n<b>ISBN <\/b>:\u00a0978-2-36195-560-1<br \/>\n<b>PRIX <\/b>: 17,95 \u20ac<br \/>\n<b>CONTACT <\/b>: <a href=\"mailto:infos@editionsjonglez.com\">infos@editionsjonglez.com<\/a><\/p>\n<div class=\"buttons_cont\">\n<div class=\"button_cont\" align=\"center\"><a class=\"gv_product_btn\" href=\"https:\/\/jonglezpublishing.com\/wp-content\/uploads\/2022\/05\/Couv_Florence_FR.jpeg\" target=\"_blank\" rel=\"noopener noreferrer\">T\u00e9l\u00e9charger la couverture<\/a><\/div>\n<div class=\"button_cont\" align=\"center\"><a class=\"gv_product_btn\" href=\"https:\/\/jonglezpublishing.com\/wp-content\/uploads\/2019\/03\/EXTRAIT_FR.pdf\" target=\"_blank\" rel=\"noopener noreferrer\">Consulter le PDF<\/a><\/div>\n<div class=\"button_cont\" align=\"center\"><a class=\"gv_product_btn\" href=\"https:\/\/livre.fnac.com\/a16498881\/Niccolo-Rinaldi-Florence-insolite-et-secrete#omnsearchpos=1\" target=\"_blank\" rel=\"noopener noreferrer\">Acheter en ligne<\/a><\/div>\n<\/div>\n","protected":false},"excerpt":{"rendered":"<p>Recueillez-vous dans l\u2019\u00e9glise d\u2019une prison, apprenez\u00a0comment Florence est devenue la capitale de l\u2019herm\u00e9tisme\u00a0\u00e0 la Renaissance, \u00e9chappez \u00e0 la foule des<\/p>\n","protected":false},"featured_media":1322,"template":"","meta":[],"product_brand":[],"product_cat":[165,292,522,420,287,288],"product_tag":[302,312,311,167,168,172,173],"class_list":{"0":"post-3334","1":"product","2":"type-product","3":"status-publish","4":"has-post-thumbnail","6":"product_cat-english-fr","7":"product_cat-french-fr","8":"product_cat-german-fr","9":"product_cat-guides-insolites","10":"product_cat-italian-fr","11":"product_cat-spanish-fr","12":"product_tag-campanie-insolite","13":"product_tag-editions-jonglez-fr-7","14":"product_tag-florence-insolite","15":"product_tag-jonglez-fr","16":"product_tag-jonglez-publishing-fr","17":"product_tag-secret-travel-guides-fr","18":"product_tag-travel-guides-fr","20":"first","21":"instock","22":"shipping-taxable","23":"product-type-simple"},"aioseo_notices":[],"_links":{"self":[{"href":"https:\/\/jonglezpublishing.com\/fr\/wp-json\/wp\/v2\/product\/3334","targetHints":{"allow":["GET"]}}],"collection":[{"href":"https:\/\/jonglezpublishing.com\/fr\/wp-json\/wp\/v2\/product"}],"about":[{"href":"https:\/\/jonglezpublishing.com\/fr\/wp-json\/wp\/v2\/types\/product"}],"wp:featuredmedia":[{"embeddable":true,"href":"https:\/\/jonglezpublishing.com\/fr\/wp-json\/wp\/v2\/media\/1322"}],"wp:attachment":[{"href":"https:\/\/jonglezpublishing.com\/fr\/wp-json\/wp\/v2\/media?parent=3334"}],"wp:term":[{"taxonomy":"product_brand","embeddable":true,"href":"https:\/\/jonglezpublishing.com\/fr\/wp-json\/wp\/v2\/product_brand?post=3334"},{"taxonomy":"product_cat","embeddable":true,"href":"https:\/\/jonglezpublishing.com\/fr\/wp-json\/wp\/v2\/product_cat?post=3334"},{"taxonomy":"product_tag","embeddable":true,"href":"https:\/\/jonglezpublishing.com\/fr\/wp-json\/wp\/v2\/product_tag?post=3334"}],"curies":[{"name":"wp","href":"https:\/\/api.w.org\/{rel}","templated":true}]}}