{"id":3347,"date":"2019-03-04T14:28:24","date_gmt":"2019-03-04T12:28:24","guid":{"rendered":"https:\/\/jonglez.timeforcoffee.gr\/product\/geneve-insolite-et-secrete\/"},"modified":"2022-05-31T09:22:24","modified_gmt":"2022-05-31T06:22:24","slug":"geneve-insolite-et-secrete","status":"publish","type":"product","link":"https:\/\/jonglezpublishing.com\/fr\/produit\/geneve-insolite-et-secrete\/","title":{"rendered":"GEN\u00c8VE INSOLITE ET SECR\u00c8TE"},"content":{"rendered":"<p class=\"p1\">Partez \u00e0 la d\u00e9couverte des souterrains cach\u00e9s et d\u2019un abri\u00a0anti-a\u00e9rien sous la Vieille-Ville, empruntez un passage secret ouvert une fois par an, admirez le myst\u00e9rieux chapiteau d\u2019Orph\u00e9e \u00e0 la cath\u00e9drale, priez sur la fausse tombe de Calvin, cherchez la plaque qui compare le pape \u00e0 l\u2019Ant\u00e9christ, visitez les jardins secrets de Carouge, d\u00e9couvrez pourquoi le Monument national est symbolis\u00e9 par deux Savoyardes, apprenez o\u00f9 Frankenstein a \u00e9t\u00e9 cr\u00e9\u00e9, dormez dans la chambre du professeur Tournesol&#8230;<\/p>\n<p class=\"p1\">Loin des foules et des clich\u00e9s habituels, Gen\u00e8ve garde encore\u00a0des tr\u00e9sors bien cach\u00e9s qu\u2019elle ne r\u00e9v\u00e8le qu\u2019aux habitants et\u00a0aux voyageurs qui savent sortir des sentiers battus.<\/p>\n<p class=\"p1\">Un guide indispensable pour ceux qui pensaient bien\u00a0conna\u00eetre Gen\u00e8ve ou pour ceux qui souhaitent d\u00e9couvrir l\u2019autre visage de la ville.<\/p>\n<p>&nbsp;<\/p>\n<p><em><strong>Christian Vellas<\/strong>, \u00a0journaliste et chef d&rsquo;\u00e9dition du journal Tribune de Gen\u00e8ve durant 35 ans. A publi\u00e9 une vingtaine de livres: romans, nouvelles, histoire de Gen\u00e8ve, l\u00e9gendes de Suisse et du lac L\u00e9man, Guide. L&rsquo;un des meilleurs connaisseurs de la ville de Gen\u00e8ve et de son canton.<\/em><\/p>\n<p>&nbsp;<\/p>\n<p><b>AUTEUR <\/b>: Christian Vellas<br \/>\n<strong>PHOTO DE COUVERTURE<\/strong> : \u00a9 Andy Wang<br \/>\n<strong>\u00c9DITION<\/strong> : 04<br \/>\n<b>PAGES <\/b>: 256<br \/>\n<b>FORMAT <\/b>: 10.5 x 19 cm<br \/>\n<b>ISBN <\/b>:\u00a0978-2-36195-558-8<br \/>\n<b>PRIX <\/b>: 17,95 \u20ac<br \/>\n<b>CONTACT <\/b>: <a href=\"mailto:infos@editionsjonglez.com\">infos@editionsjonglez.com<\/a><\/p>\n<div class=\"buttons_cont\">\n<div class=\"button_cont\" align=\"center\"><a class=\"gv_product_btn\" href=\"https:\/\/jonglezpublishing.com\/wp-content\/uploads\/2019\/03\/Geneve-FR-2022.jpeg\" target=\"_blank\" rel=\"noopener noreferrer\">T\u00e9l\u00e9charger la couverture<\/a><\/div>\n<div class=\"button_cont\" align=\"center\"><a class=\"gv_product_btn\" href=\"https:\/\/jonglezpublishing.com\/wp-content\/uploads\/2019\/03\/Preview_Gene\u2560C\u0327ve_FR.pdf\" target=\"_blank\" rel=\"noopener noreferrer\">Consulter le PDF<\/a><\/div>\n<div class=\"button_cont\" align=\"center\"><a class=\"gv_product_btn\" href=\"https:\/\/livre.fnac.com\/a16747871\/Christian-Vellas-Geneve-insolite-et-secrete#omnsearchpos=1\" target=\"_blank\" rel=\"noopener noreferrer\">Acheter en ligne<\/a><\/div>\n<\/div>\n","protected":false},"excerpt":{"rendered":"<p>Partez \u00e0 la d\u00e9couverte des souterrains cach\u00e9s et d\u2019un abri\u00a0anti-a\u00e9rien sous la Vieille-Ville, empruntez un passage secret ouvert une fois<\/p>\n","protected":false},"featured_media":10163,"template":"","meta":[],"product_brand":[],"product_cat":[165,292,420],"product_tag":[313,314,167,168,170,172,173],"class_list":{"0":"post-3347","1":"product","2":"type-product","3":"status-publish","4":"has-post-thumbnail","6":"product_cat-english-fr","7":"product_cat-french-fr","8":"product_cat-guides-insolites","9":"product_tag-editions-jonglez-fr-8","10":"product_tag-geneve-insolite","11":"product_tag-jonglez-fr","12":"product_tag-jonglez-publishing-fr","13":"product_tag-secret-guides-fr","14":"product_tag-secret-travel-guides-fr","15":"product_tag-travel-guides-fr","17":"first","18":"instock","19":"shipping-taxable","20":"product-type-simple"},"aioseo_notices":[],"_links":{"self":[{"href":"https:\/\/jonglezpublishing.com\/fr\/wp-json\/wp\/v2\/product\/3347","targetHints":{"allow":["GET"]}}],"collection":[{"href":"https:\/\/jonglezpublishing.com\/fr\/wp-json\/wp\/v2\/product"}],"about":[{"href":"https:\/\/jonglezpublishing.com\/fr\/wp-json\/wp\/v2\/types\/product"}],"wp:featuredmedia":[{"embeddable":true,"href":"https:\/\/jonglezpublishing.com\/fr\/wp-json\/wp\/v2\/media\/10163"}],"wp:attachment":[{"href":"https:\/\/jonglezpublishing.com\/fr\/wp-json\/wp\/v2\/media?parent=3347"}],"wp:term":[{"taxonomy":"product_brand","embeddable":true,"href":"https:\/\/jonglezpublishing.com\/fr\/wp-json\/wp\/v2\/product_brand?post=3347"},{"taxonomy":"product_cat","embeddable":true,"href":"https:\/\/jonglezpublishing.com\/fr\/wp-json\/wp\/v2\/product_cat?post=3347"},{"taxonomy":"product_tag","embeddable":true,"href":"https:\/\/jonglezpublishing.com\/fr\/wp-json\/wp\/v2\/product_tag?post=3347"}],"curies":[{"name":"wp","href":"https:\/\/api.w.org\/{rel}","templated":true}]}}