{"id":3366,"date":"2019-03-04T16:20:40","date_gmt":"2019-03-04T16:20:40","guid":{"rendered":"https:\/\/jonglez.timeforcoffee.gr\/product\/grenade-insolite-et-secrete\/"},"modified":"2020-07-07T17:58:01","modified_gmt":"2020-07-07T14:58:01","slug":"grenade-insolite-et-secrete","status":"publish","type":"product","link":"https:\/\/jonglezpublishing.com\/fr\/produit\/grenade-insolite-et-secrete\/","title":{"rendered":"GRENADE INSOLITE ET SECR\u00c8TE"},"content":{"rendered":"<p>Une r\u00e9plique du Panth\u00e9on de Rome pour les mariages\u00a0japonais, une t\u00eate hydroc\u00e9phale, le symbolisme secret de\u00a0la fontaine des Lions et de la kabbale \u00e0 l\u2019Alhambra, une\u00a0plaisanterie macabre, un spectaculaire mus\u00e9e d\u2019histoire\u00a0naturelle du <span lang=\"FR\">XIX<sup>e<\/sup><\/span> si\u00e8cle, une biblioth\u00e8que secr\u00e8te, une\u00a0curieuse horloge pour c\u00e9l\u00e9brer la naissance du proph\u00e8te\u00a0Mahomet, un championnat d\u2019\u00e9checs dans l\u2019eau, une chapelle\u00a0\u00e9rotique, le cinqui\u00e8me \u00e9vangile dans le Sacromonte, une\u00a0rivi\u00e8re souterraine qui traverse le centre-ville\u2026<\/p>\n<p>Loin des foules et des clich\u00e9s habituels, Grenade garde\u00a0encore des tr\u00e9sors bien cach\u00e9s qu\u2019elle ne r\u00e9v\u00e8le qu\u2019aux\u00a0habitants et aux voyageurs qui savent sortir des sentiers\u00a0battus.<\/p>\n<p>Un guide indispensable pour ceux qui pensaient bien\u00a0conna\u00eetre Grenade ou pour ceux qui souhaitent d\u00e9couvrir\u00a0l\u2019autre visage de la ville.<\/p>\n<p>&nbsp;<\/p>\n<p><b>AUTEUR <\/b>: Cesar Requesens<br \/>\n<b>PAGES <\/b>: 224<br \/>\n<b>FORMAT <\/b>: 10.5 x 19 cm<br \/>\n<b>ISBN <\/b>: <span data-sheets-value=\"{&quot;1&quot;:2,&quot;2&quot;:&quot;978-2-36195-020-0&quot;}\" data-sheets-userformat=\"{&quot;2&quot;:12864,&quot;9&quot;:1,&quot;12&quot;:0,&quot;15&quot;:&quot;Cambria&quot;,&quot;16&quot;:11}\">978-2-36195-020-0<\/span><br \/>\n<b>PRIX <\/b>: 17,90 \u20ac<br \/>\n<b>CONTACT <\/b>: <a href=\"mailto:infos@editionsjonglez.com\">infos@editionsjonglez.com<\/a><\/p>\n<div class=\"buttons_cont\">\n<div class=\"button_cont\" align=\"center\"><a class=\"gv_product_btn\" href=\"https:\/\/jonglezpublishing.com\/wp-content\/uploads\/2019\/03\/couv_grenade_fr.jpg\" target=\"_blank\" rel=\"noopener noreferrer\">T\u00e9l\u00e9charger la couverture<\/a><\/div>\n<div class=\"button_cont\" align=\"center\"><a class=\"gv_product_btn\" href=\"https:\/\/jonglezpublishing.com\/wp-content\/uploads\/2019\/03\/grenade_fr.pdf\" target=\"_blank\" rel=\"noopener noreferrer\">Consulter le PDF<\/a><\/div>\n<div class=\"button_cont\" align=\"center\"><a class=\"gv_product_btn\" href=\"https:\/\/livre.fnac.com\/a10168983\/Collectif-Grenade-insolite-et-secrete#omnsearchpos=1\" target=\"_blank\" rel=\"noopener noreferrer\">Acheter en ligne<\/a><\/div>\n<\/div>\n","protected":false},"excerpt":{"rendered":"<p>Une r\u00e9plique du Panth\u00e9on de Rome pour les mariages\u00a0japonais, une t\u00eate hydroc\u00e9phale, le symbolisme secret de\u00a0la fontaine des Lions et<\/p>\n","protected":false},"featured_media":1390,"template":"","meta":[],"product_brand":[],"product_cat":[165,292,420,288],"product_tag":[316,315,167,168,170,172,173],"class_list":{"0":"post-3366","1":"product","2":"type-product","3":"status-publish","4":"has-post-thumbnail","6":"product_cat-english-fr","7":"product_cat-french-fr","8":"product_cat-guides-insolites","9":"product_cat-spanish-fr","10":"product_tag-editions-jonglez-fr-9","11":"product_tag-grenade-insolite","12":"product_tag-jonglez-fr","13":"product_tag-jonglez-publishing-fr","14":"product_tag-secret-guides-fr","15":"product_tag-secret-travel-guides-fr","16":"product_tag-travel-guides-fr","18":"first","19":"instock","20":"shipping-taxable","21":"product-type-simple"},"aioseo_notices":[],"_links":{"self":[{"href":"https:\/\/jonglezpublishing.com\/fr\/wp-json\/wp\/v2\/product\/3366","targetHints":{"allow":["GET"]}}],"collection":[{"href":"https:\/\/jonglezpublishing.com\/fr\/wp-json\/wp\/v2\/product"}],"about":[{"href":"https:\/\/jonglezpublishing.com\/fr\/wp-json\/wp\/v2\/types\/product"}],"wp:featuredmedia":[{"embeddable":true,"href":"https:\/\/jonglezpublishing.com\/fr\/wp-json\/wp\/v2\/media\/1390"}],"wp:attachment":[{"href":"https:\/\/jonglezpublishing.com\/fr\/wp-json\/wp\/v2\/media?parent=3366"}],"wp:term":[{"taxonomy":"product_brand","embeddable":true,"href":"https:\/\/jonglezpublishing.com\/fr\/wp-json\/wp\/v2\/product_brand?post=3366"},{"taxonomy":"product_cat","embeddable":true,"href":"https:\/\/jonglezpublishing.com\/fr\/wp-json\/wp\/v2\/product_cat?post=3366"},{"taxonomy":"product_tag","embeddable":true,"href":"https:\/\/jonglezpublishing.com\/fr\/wp-json\/wp\/v2\/product_tag?post=3366"}],"curies":[{"name":"wp","href":"https:\/\/api.w.org\/{rel}","templated":true}]}}