{"id":3450,"date":"2019-03-04T15:17:17","date_gmt":"2019-03-04T13:17:17","guid":{"rendered":"https:\/\/jonglez.timeforcoffee.gr\/product\/istanbul-insolite-et-secrete\/"},"modified":"2020-07-07T17:54:49","modified_gmt":"2020-07-07T14:54:49","slug":"istanbul-insolite-et-secrete","status":"publish","type":"product","link":"https:\/\/jonglezpublishing.com\/fr\/produit\/istanbul-insolite-et-secrete\/","title":{"rendered":"ISTANBUL INSOLITE ET SECR\u00c8TE"},"content":{"rendered":"<p>Le tombeau d\u2019un cheval qui devient lieu de\u00a0p\u00e8lerinage, un tapis qui pr\u00e9dit la mort de\u00a0Mustafa Kemal Atat\u00fcrk, des morceaux de la\u00a0pierre noire de La Mecque, le manteau du proph\u00e8te\u00a0Mahomet qui a \u00e9t\u00e9 malencontreusement repass\u00e9,\u00a0une poign\u00e9e de cendres chaudes qui sauva l\u2019Empire\u00a0ottoman, un des douze tombeaux d\u2019un saint dans\u00a0un phare, la sculpture d\u2019un chou en souvenir de\u00a0joutes sportives du palais de Topkapi, les traces de\u00a0Basil Zaharoff, marchand d\u2019armes qui figura dans\u00a0Tintin et l\u2019Oreille cass\u00e9e, un superbe caf\u00e9 dans une\u00a0synagogue, des b\u00e2timents Art nouveau m\u00e9connus,\u00a0une mosqu\u00e9e contre les tremblements de terre, la t\u00eate\u00a0de Dracula, des graffitis vikings \u00e0 Sainte-Sophie\u2026<\/p>\n<p>Loin des foules et des clich\u00e9s habituels, Istanbul\u00a0garde des tr\u00e9sors bien cach\u00e9s qu\u2019elle ne r\u00e9v\u00e8le qu\u2019aux\u00a0habitants et aux voyageurs qui savent sortir des\u00a0sentiers battus.<\/p>\n<p>Un guide indispensable pour ceux qui pensaient\u00a0bien conna\u00eetre Istanbul ou pour ceux qui souhaitent\u00a0d\u00e9couvrir l\u2019autre visage de la ville.<\/p>\n<p>&nbsp;<\/p>\n<p><b>AUTEUR <\/b>: Emre \u00d6ktem<br \/>\n<b>PAGES <\/b>: 288<br \/>\n<b>FORMAT <\/b>: 10.5 x 19 cm<br \/>\n<b>ISBN <\/b>: <span data-sheets-value=\"{&quot;1&quot;:2,&quot;2&quot;:&quot;978-2-36195-402-4&quot;}\" data-sheets-userformat=\"{&quot;2&quot;:13251,&quot;3&quot;:{&quot;1&quot;:0},&quot;4&quot;:[null,2,16776960],&quot;9&quot;:1,&quot;10&quot;:2,&quot;11&quot;:0,&quot;12&quot;:0,&quot;15&quot;:&quot;Cambria&quot;,&quot;16&quot;:11}\">978-2-36195-402-4<\/span><br \/>\n<b>PRIX <\/b>: 17,95 \u20ac<br \/>\n<b>CONTACT <\/b>: <a href=\"mailto:infos@editionsjonglez.com\">infos@editionsjonglez.com<\/a><\/p>\n<div class=\"buttons_cont\">\n<div class=\"button_cont\" align=\"center\"><a class=\"gv_product_btn\" href=\"https:\/\/jonglezpublishing.com\/wp-content\/uploads\/2019\/03\/couv-nouvelle_istanbul_2.jpg\" target=\"_blank\" rel=\"noopener noreferrer\">T\u00e9l\u00e9charger la couverture<\/a><\/div>\n<div class=\"button_cont\" align=\"center\"><a class=\"gv_product_btn\" href=\"https:\/\/jonglezpublishing.com\/wp-content\/uploads\/2019\/03\/istanbul_fr.pdf\" target=\"_blank\" rel=\"noopener noreferrer\">Consulter le PDF<\/a><\/div>\n<div class=\"button_cont\" align=\"center\"><a class=\"gv_product_btn\" href=\"https:\/\/livre.fnac.com\/a13901218\/Emre-Oktem-Istanbul-Insolite-et-Secrete#omnsearchpos=1\" target=\"_blank\" rel=\"noopener noreferrer\">Acheter en ligne<\/a><\/div>\n<\/div>\n","protected":false},"excerpt":{"rendered":"<p>Le tombeau d\u2019un cheval qui devient lieu de\u00a0p\u00e8lerinage, un tapis qui pr\u00e9dit la mort de\u00a0Mustafa Kemal Atat\u00fcrk, des morceaux de<\/p>\n","protected":false},"featured_media":7953,"template":"","meta":[],"product_brand":[],"product_cat":[165,292,420,287,288],"product_tag":[319,317,318,167,168,170,172,173],"class_list":{"0":"post-3450","1":"product","2":"type-product","3":"status-publish","4":"has-post-thumbnail","6":"product_cat-english-fr","7":"product_cat-french-fr","8":"product_cat-guides-insolites","9":"product_cat-italian-fr","10":"product_cat-spanish-fr","11":"product_tag-editions-jonglez-fr-10","12":"product_tag-istanbul-fr","13":"product_tag-istanbul-insolite","14":"product_tag-jonglez-fr","15":"product_tag-jonglez-publishing-fr","16":"product_tag-secret-guides-fr","17":"product_tag-secret-travel-guides-fr","18":"product_tag-travel-guides-fr","20":"first","21":"instock","22":"shipping-taxable","23":"product-type-simple"},"aioseo_notices":[],"_links":{"self":[{"href":"https:\/\/jonglezpublishing.com\/fr\/wp-json\/wp\/v2\/product\/3450","targetHints":{"allow":["GET"]}}],"collection":[{"href":"https:\/\/jonglezpublishing.com\/fr\/wp-json\/wp\/v2\/product"}],"about":[{"href":"https:\/\/jonglezpublishing.com\/fr\/wp-json\/wp\/v2\/types\/product"}],"wp:featuredmedia":[{"embeddable":true,"href":"https:\/\/jonglezpublishing.com\/fr\/wp-json\/wp\/v2\/media\/7953"}],"wp:attachment":[{"href":"https:\/\/jonglezpublishing.com\/fr\/wp-json\/wp\/v2\/media?parent=3450"}],"wp:term":[{"taxonomy":"product_brand","embeddable":true,"href":"https:\/\/jonglezpublishing.com\/fr\/wp-json\/wp\/v2\/product_brand?post=3450"},{"taxonomy":"product_cat","embeddable":true,"href":"https:\/\/jonglezpublishing.com\/fr\/wp-json\/wp\/v2\/product_cat?post=3450"},{"taxonomy":"product_tag","embeddable":true,"href":"https:\/\/jonglezpublishing.com\/fr\/wp-json\/wp\/v2\/product_tag?post=3450"}],"curies":[{"name":"wp","href":"https:\/\/api.w.org\/{rel}","templated":true}]}}