{"id":3467,"date":"2019-03-01T15:01:39","date_gmt":"2019-03-01T13:01:39","guid":{"rendered":"https:\/\/jonglez.timeforcoffee.gr\/product\/le-cap-insolite-et-secret\/"},"modified":"2023-07-05T20:44:49","modified_gmt":"2023-07-05T17:44:49","slug":"le-cap-insolite-et-secret","status":"publish","type":"product","link":"https:\/\/jonglezpublishing.com\/fr\/produit\/le-cap-insolite-et-secret\/","title":{"rendered":"LE CAP INSOLITE ET SECRET"},"content":{"rendered":"<p>Un capitaine qui a continu\u00e9 d\u2019habiter l\u2019\u00e9pave du Kakapo pendant trois ans, un restaurant au sein d\u2019une prison de tr\u00e8s haute s\u00e9curit\u00e9, la preuve arboricole de la toute premi\u00e8re manifestation de l\u2019apartheid, une femme d\u00e9guis\u00e9e en homme pendant 56 ans pour exercer la profession de m\u00e9decin, une plage au sommet de la montagne de la Table, une fascinante collection secr\u00e8te de voitures classiques d\u2019\u00e9poque, un arbre magique renomm\u00e9 pour ses propri\u00e9t\u00e9s th\u00e9rapeutiques, une piscine chauff\u00e9e ouverte au public dans un camp militaire, une excursion nocturne secr\u00e8te dans la nature, une roue de hamster g\u00e9ante pour les \u00eatres humains\u2026<\/p>\n<p>Loin des foules et des clich\u00e9s habituels, Le Cap garde encore des tr\u00e9sors bien cach\u00e9s <span lang=\"FR\">qu\u2019il<\/span> ne r\u00e9v\u00e8le qu\u2019aux habitants et aux voyageurs qui savent sortir des sentiers battus.<\/p>\n<p>Un guide indispensable pour ceux qui pensaient bien conna\u00eetre Le Cap ou pour ceux qui souhaitent d\u00e9couvrir l\u2019autre visage de la ville.<\/p>\n<p>&nbsp;<\/p>\n<p><em>\u00c9crivain et photographe, ancien r\u00e9dacteur en chef du magazine Getaway International, <b>Justin Fox<\/b> habite au Cap. Depuis l\u2019obtention de son doctorat en Anglais \u00e0 l\u2019Universit\u00e9 d\u2019Oxford, o\u00f9 il fut titulaire de la Bourse Rhodes, il est devenu chercheur \u00e0 l\u2019Universit\u00e9 du Cap, o\u00f9 il enseigne d\u00e9sormais \u00e0 temps partiel. Ses articles et ses clich\u00e9s, embrassant un large \u00e9ventail de sujets, ont paru dans plusieurs publications de niveau international. Parall\u00e8lement, ses nouvelles et ses po\u00e8mes ont \u00e9t\u00e9 publi\u00e9s dans divers recueils. Il a remport\u00e9 deux fois le prix Mondi Shanduka, r\u00e9compensant les meilleurs journalistes d\u2019Afrique du Sud. Parmi ses ouvrages les plus r\u00e9cents figurent The\u00a0<\/em><em>Marginal Safari (Umuzi, 2010), Whoever Fears the Sea (Umuzi, 2014) et The Impossible Five (Tafelberg, 2015). Justin a \u00e9galement \u00e9t\u00e9 s\u00e9lectionn\u00e9 plusieurs fois pour des prix litt\u00e9raires : en 2011, pour le prix Alan Paton, en 2012, pour le prix Olive Schriner et en 2014\u00a0pour le prix Etisalat.<\/em><\/p>\n<p><em><b>Alison Westwood<\/b> a grandi \u00e0 Johannesburg, avant de s\u2019installer au Cap en 1999. \u00c9merveill\u00e9e par cette ville, qu\u2019elle a aussit\u00f4t qualifi\u00e9e de \u00ab\u2009plus belle cit\u00e9 du monde\u2009\u00bb, elle n\u2019a jamais plus d\u00e9m\u00e9nag\u00e9, bien que ses nombreux voyages sur les cinq continents lui aient permis de d\u00e9couvrir d\u2019autres paysages et modes de vie. Alison a \u00e9tudi\u00e9 \u00e0 l\u2019Universit\u00e9 de Rhodes, o\u00f9 elle a obtenu un dipl\u00f4me en journalisme. Pendant plus d\u2019une d\u00e9cennie, elle a travaill\u00e9 en tant qu\u2019\u00e9crivaine\u00a0et photographe, se sp\u00e9cialisant dans les r\u00e9cits de voyage, tant pour la presse que pour les publications en ligne.\u00a0<\/em><em>Sa passion pour l\u2019insolite et son souci du d\u00e9tail l\u2019ont naturellement conduite \u00e0 rechercher les secrets que rec\u00e8le Le Cap, et cette exp\u00e9rience exaltante n\u2019a fait que renforcer l\u2019amour qu\u2019elle porte \u00e0 sa ville d\u2019adoption.<\/em><\/p>\n<p>&nbsp;<\/p>\n<p><b>AUTEURS <\/b>: Justin Fox et Alison Westwood<br \/>\n<b>PAGES <\/b>: 256<br \/>\n<b>FORMAT <\/b>: 10.5 x 19 cm<br \/>\n<b>ISBN <\/b>:<span class=\"Apple-converted-space\">\u00a0 <\/span>978-2-36195-289-1<br \/>\n<b>PRIX <\/b>: 17,95 \u20ac<br \/>\n<b>CONTACT <\/b>: <a href=\"mailto:guillaume@editionsjonglez.com\">infos@editionsjonglez.com<\/a><\/p>\n<div class=\"buttons_cont\">\n<div class=\"button_cont\" align=\"center\"><a class=\"gv_product_btn\" href=\"https:\/\/jonglezpublishing.com\/wp-content\/uploads\/2019\/03\/Couv-1-scaled.jpg\" target=\"_blank\" rel=\"noopener\">T\u00e9l\u00e9charger la couverture<\/a><\/div>\n<div class=\"button_cont\" align=\"center\"><a class=\"gv_product_btn\" href=\"https:\/\/jonglezpublishing.com\/wp-content\/uploads\/2019\/03\/Extrait-Le-Cap.pdf\" target=\"_blank\" rel=\"noopener noreferrer\">Consulter le PDF<\/a><\/div>\n<div class=\"button_cont\" align=\"center\"><a class=\"gv_product_btn\" href=\"https:\/\/livre.fnac.com\/a11573986\/Collectif-Le-Cap-insolite-et-secret#st=le+cap+insolite&amp;ct=Rayons&amp;t=p\" target=\"_blank\" rel=\"noopener noreferrer\">Acheter en ligne<\/a><\/div>\n<\/div>\n","protected":false},"excerpt":{"rendered":"<p>Un capitaine qui a continu\u00e9 d\u2019habiter l\u2019\u00e9pave du Kakapo pendant trois ans, un restaurant au sein d\u2019une prison de tr\u00e8s<\/p>\n","protected":false},"featured_media":11378,"template":"","meta":[],"product_brand":[],"product_cat":[165,420],"product_tag":[320,167,168,321,322,170,172,173],"class_list":{"0":"post-3467","1":"product","2":"type-product","3":"status-publish","4":"has-post-thumbnail","6":"product_cat-english-fr","7":"product_cat-guides-insolites","8":"product_tag-editions-jonglez-fr-11","9":"product_tag-jonglez-fr","10":"product_tag-jonglez-publishing-fr","11":"product_tag-le-cap","12":"product_tag-le-cap-insolite","13":"product_tag-secret-guides-fr","14":"product_tag-secret-travel-guides-fr","15":"product_tag-travel-guides-fr","17":"first","18":"instock","19":"shipping-taxable","20":"product-type-simple"},"aioseo_notices":[],"_links":{"self":[{"href":"https:\/\/jonglezpublishing.com\/fr\/wp-json\/wp\/v2\/product\/3467","targetHints":{"allow":["GET"]}}],"collection":[{"href":"https:\/\/jonglezpublishing.com\/fr\/wp-json\/wp\/v2\/product"}],"about":[{"href":"https:\/\/jonglezpublishing.com\/fr\/wp-json\/wp\/v2\/types\/product"}],"wp:featuredmedia":[{"embeddable":true,"href":"https:\/\/jonglezpublishing.com\/fr\/wp-json\/wp\/v2\/media\/11378"}],"wp:attachment":[{"href":"https:\/\/jonglezpublishing.com\/fr\/wp-json\/wp\/v2\/media?parent=3467"}],"wp:term":[{"taxonomy":"product_brand","embeddable":true,"href":"https:\/\/jonglezpublishing.com\/fr\/wp-json\/wp\/v2\/product_brand?post=3467"},{"taxonomy":"product_cat","embeddable":true,"href":"https:\/\/jonglezpublishing.com\/fr\/wp-json\/wp\/v2\/product_cat?post=3467"},{"taxonomy":"product_tag","embeddable":true,"href":"https:\/\/jonglezpublishing.com\/fr\/wp-json\/wp\/v2\/product_tag?post=3467"}],"curies":[{"name":"wp","href":"https:\/\/api.w.org\/{rel}","templated":true}]}}