{"id":3486,"date":"2019-03-01T15:14:21","date_gmt":"2019-03-01T13:14:21","guid":{"rendered":"https:\/\/jonglez.timeforcoffee.gr\/product\/lisbonne-insolite-et-secrete\/"},"modified":"2023-05-03T16:04:49","modified_gmt":"2023-05-03T13:04:49","slug":"lisbonne-insolite-et-secrete","status":"publish","type":"product","link":"https:\/\/jonglezpublishing.com\/fr\/produit\/lisbonne-insolite-et-secrete\/","title":{"rendered":"LISBONNE INSOLITE ET SECR\u00c8TE"},"content":{"rendered":"<p>Les plus beaux azulejos cach\u00e9s de la ville, la t\u00eate d\u2019un serial\u00a0killer lisbo\u00e8te conserv\u00e9e dans du formol, les principes\u00a0kabbalistiques du portail sud du monast\u00e8re des Hi\u00e9ronymites\u00a0ou la th\u00e9orie du cinqui\u00e8me empire portugais dont on retrouve\u00a0tant de traces dans la g\u00e9ographie de la ville, de charmantes\u00a0impasses oubli\u00e9es, l\u2019exceptionnelle architecture panoptique\u00a0d\u2019un ancien h\u00f4pital, les impressionnants masques de cire du\u00a0mus\u00e9e de Dermatologie, un passage secret \u00e0 l\u2019h\u00f4tel Avenida\u00a0Palace, la myst\u00e9rieuse abbaye souterraine du Pal\u00e1cio Foz, la\u00a0raison pour laquelle l\u2019\u00e9cusson du Portugal est inclin\u00e9 \u00e0 17 \u00b0\u00a0sur la fa\u00e7ade de la gare du Rossio\u2026<\/p>\n<p>Loin des foules et des clich\u00e9s habituels, Lisbonne garde encore\u00a0des tr\u00e9sors bien cach\u00e9s qu\u2019elle ne r\u00e9v\u00e8le qu\u2019aux habitants et\u00a0aux voyageurs qui savent sortir des sentiers battus.<\/p>\n<p>Un guide indispensable pour ceux qui pensaient bien\u00a0conna\u00eetre Lisbonne ou pour ceux qui souhaitent d\u00e9couvrir\u00a0l\u2019autre visage de la ville.<\/p>\n<p>&nbsp;<\/p>\n<p><b>AUTEUR <\/b>: Vitor Manuel Adri\u00e3o<br \/>\n<b>PAGES <\/b>: 288<br \/>\n<b>FORMAT <\/b>: 10.5 x 19 cm<br \/>\n<b>ISBN <\/b>: 978-2-36195-668-4<br \/>\n<b>PRIX <\/b>: 18,95 \u20ac<br \/>\n<b>CONTACT <\/b>: <a href=\"mailto:info@editionsjonglez.com\">info@editionsjonglez.com<\/a><\/p>\n<div class=\"buttons_cont\">\n<div class=\"button_cont\" align=\"center\"><a class=\"gv_product_btn\" href=\"https:\/\/jonglezpublishing.com\/wp-content\/uploads\/2019\/03\/couv_Lisbonne_FR.jpg\" target=\"_blank\" rel=\"noopener\">T\u00e9l\u00e9charger la couverture<\/a><\/div>\n<div class=\"button_cont\" align=\"center\"><a class=\"gv_product_btn\" href=\"https:\/\/jonglezpublishing.com\/wp-content\/uploads\/2023\/05\/Preview-Lisbonne-FR.pdf\" target=\"_blank\" rel=\"noopener\">Consulter le PDF<\/a><\/div>\n<div class=\"button_cont\" align=\"center\"><a class=\"gv_product_btn\" href=\"https:\/\/www.fnac.com\/a17650418\/Vitor-Manuel-Adriao-Lisbonne-insolite-et-secrete#omnsearchpos=4\" target=\"_blank\" rel=\"noopener\">Acheter en ligne<\/a><\/div>\n<\/div>\n","protected":false},"excerpt":{"rendered":"<p>Les plus beaux azulejos cach\u00e9s de la ville, la t\u00eate d\u2019un serial\u00a0killer lisbo\u00e8te conserv\u00e9e dans du formol, les principes\u00a0kabbalistiques du<\/p>\n","protected":false},"featured_media":11060,"template":"","meta":[],"product_brand":[],"product_cat":[165,292,522,420,287,288],"product_tag":[325,167,168,323,324,170,172,173],"class_list":{"0":"post-3486","1":"product","2":"type-product","3":"status-publish","4":"has-post-thumbnail","6":"product_cat-english-fr","7":"product_cat-french-fr","8":"product_cat-german-fr","9":"product_cat-guides-insolites","10":"product_cat-italian-fr","11":"product_cat-spanish-fr","12":"product_tag-editions-jonglez-fr-12","13":"product_tag-jonglez-fr","14":"product_tag-jonglez-publishing-fr","15":"product_tag-lisbonne","16":"product_tag-lisbonne-insolite","17":"product_tag-secret-guides-fr","18":"product_tag-secret-travel-guides-fr","19":"product_tag-travel-guides-fr","21":"first","22":"instock","23":"shipping-taxable","24":"product-type-simple"},"aioseo_notices":[],"_links":{"self":[{"href":"https:\/\/jonglezpublishing.com\/fr\/wp-json\/wp\/v2\/product\/3486","targetHints":{"allow":["GET"]}}],"collection":[{"href":"https:\/\/jonglezpublishing.com\/fr\/wp-json\/wp\/v2\/product"}],"about":[{"href":"https:\/\/jonglezpublishing.com\/fr\/wp-json\/wp\/v2\/types\/product"}],"wp:featuredmedia":[{"embeddable":true,"href":"https:\/\/jonglezpublishing.com\/fr\/wp-json\/wp\/v2\/media\/11060"}],"wp:attachment":[{"href":"https:\/\/jonglezpublishing.com\/fr\/wp-json\/wp\/v2\/media?parent=3486"}],"wp:term":[{"taxonomy":"product_brand","embeddable":true,"href":"https:\/\/jonglezpublishing.com\/fr\/wp-json\/wp\/v2\/product_brand?post=3486"},{"taxonomy":"product_cat","embeddable":true,"href":"https:\/\/jonglezpublishing.com\/fr\/wp-json\/wp\/v2\/product_cat?post=3486"},{"taxonomy":"product_tag","embeddable":true,"href":"https:\/\/jonglezpublishing.com\/fr\/wp-json\/wp\/v2\/product_tag?post=3486"}],"curies":[{"name":"wp","href":"https:\/\/api.w.org\/{rel}","templated":true}]}}