{"id":3520,"date":"2019-03-01T15:22:17","date_gmt":"2019-03-01T13:22:17","guid":{"rendered":"https:\/\/jonglez.timeforcoffee.gr\/product\/londres-bars-et-restos-secrets\/"},"modified":"2024-05-22T14:39:46","modified_gmt":"2024-05-22T11:39:46","slug":"londres-bars-et-restos-secrets","status":"publish","type":"product","link":"https:\/\/jonglezpublishing.com\/fr\/produit\/londres-bars-et-restos-secrets\/","title":{"rendered":"LONDRES &#8211; BARS ET RESTOS SECRETS"},"content":{"rendered":"<p>D\u00e9couvrez un club secret qui n&rsquo;a pas chang\u00e9 depuis 1946, allez boire <span lang=\"FR\">un verre<\/span> dans un bar louche install\u00e9 dans les loges d&rsquo;un ancien th\u00e9\u00e2tre, participez aux r\u00e9jouissances du tr\u00e8s extravagant club des moustachus de Grande-Bretagne, voyagez en URSS dans un restaurant polonais de l&rsquo;\u00e9poque sovi\u00e9tique, d\u00e9couvrez la porte cach\u00e9e derri\u00e8re un comptoir qui ouvre sur un deuxi\u00e8me bar secret, buvez une bi\u00e8re dans les cellules d&rsquo;une ancienne prison et dans un bar install\u00e9 dans les toilettes d&rsquo;une annexe des Jeux Olympiques de 1908, payez votre d\u00eener en roupies indiennes, ou mieux, d\u00eenez gratuitement, faites-vous servir par des drag-queens, d\u00e9couvrez le plus grand music-hall au monde, allez boire et danser tout nu\u2026<\/p>\n<p>Pour qui veut passer un d\u00e9jeuner ou une soir\u00e9e hors des sentiers battus, <span lang=\"FR\">nous avons s\u00e9lectionn\u00e9 plus de 140 adresses exceptionnelles<\/span> et m\u00e9connues des Londoniens eux-m\u00eames.<\/p>\n<p>Un must-have absolu pour d\u00e9couvrir Londres dans ses aspects les plus excentriques.<\/p>\n<p>&nbsp;<\/p>\n<p><em><b>Hannah Robinson <\/b>est une sc\u00e9nariste, r\u00e9alisatrice et auteur d&rsquo;origine \u00e9cossaise qui partage son temps entre Londres et \u00c9dimbourg. Elle a r\u00e9alis\u00e9 une s\u00e9rie de courts-m\u00e9trages et films d&rsquo;animations prim\u00e9s, a remport\u00e9 deux prix d&rsquo;\u00e9criture de longs-m\u00e9trages \u00e0 Hollywood et est consultante en sc\u00e9narisation pour Sir Lenny Henry. Elle a travaill\u00e9 comme journaliste alimentaire pour les magazines The Scotsman et The List, et est l&rsquo;auteur de Secret Edinburgh, an Unusual Guide aux \u00c9ditions Jonglez &#8211; le guide le plus vendu de la ville. Hannah est la force motrice cr\u00e9ative\u00a0du projet web de tourisme culturel, \u00a0\u00bb The Story of Edinburgh in 101 Objects \u00a0\u00bb (l&rsquo;histoire d&rsquo;\u00c9dimbourg en 101 objets). Elle a r\u00e9cemment fond\u00e9 Palindromicals, une soci\u00e9t\u00e9 de production cr\u00e9ative, et travaille actuellement sur une s\u00e9rie de podcasts sur le rire. Entre tout cela, elle est sur la piste des bars et restaurants les plus secrets de Londres&#8230;<\/em><\/p>\n<p>&nbsp;<\/p>\n<p><em><b>Rachel Howard<\/b> est une journaliste et auteur qui a v\u00e9cu dans presque tous les quartiers de Londres. Contributrice r\u00e9guli\u00e8re de Conde Nast Traveller, The Guardian et The Telegraph, Rachel \u00e9crit principalement sur les voyages, l\u2019alimentation et les arts. En plus de Secret London, An Unusual Guide (\u00e9galement publi\u00e9 aux \u00c9ditions Jonglez), elle est co-auteur de Mykonos Muse, un guide destin\u00e9 aux connaisseurs de la plus sauvage des \u00eeles grecques, publi\u00e9 par Assouline.<\/em><\/p>\n<p>&nbsp;<\/p>\n<p><b>AUTEURS\u00a0<\/b>: Hannah Robinson &amp; Rachel Howard<br \/>\n<b>PAGES\u00a0<\/b>: 224<br \/>\n<b>FORMAT\u00a0<\/b>: 10.5 x 19 cm<br \/>\n<b>ISBN\u00a0<\/b>: 978-2-36195-313-3<br \/>\n<b>PRIX\u00a0<\/b>: 17,95 \u20ac<br \/>\n<b>CONTACT\u00a0<\/b>: <a href=\"mailto:infos@editionsjonglez.com\">infos@editionsjonglez.com<\/a><\/p>\n<div class=\"buttons_cont\">\n<div class=\"button_cont\" align=\"center\"><a class=\"gv_product_btn\" href=\"https:\/\/jonglezpublishing.com\/wp-content\/uploads\/2019\/03\/Cover-FR-front-scaled.jpg\" target=\"_blank\" rel=\"noopener\">T\u00e9l\u00e9charger la couverture<\/a><\/div>\n<div class=\"button_cont\" align=\"center\"><a class=\"gv_product_btn\" href=\"https:\/\/jonglezpublishing.com\/wp-content\/uploads\/2019\/03\/Extrait-FR-2.pdf\" target=\"_blank\" rel=\"noopener noreferrer\">Consulter le PDF<\/a><\/div>\n<div class=\"button_cont\" align=\"center\"><a class=\"gv_product_btn\" href=\"https:\/\/livre.fnac.com\/a12560580\/Hannah-Robinson-Londres-Bars-et-restos-secrets#omnsearchpos=1\" target=\"_blank\" rel=\"noopener noreferrer\">Acheter en ligne<\/a><\/div>\n<\/div>\n","protected":false},"excerpt":{"rendered":"<p>D\u00e9couvrez un club secret qui n&rsquo;a pas chang\u00e9 depuis 1946, allez boire un verre dans un bar louche install\u00e9 dans<\/p>\n","protected":false},"featured_media":12514,"template":"","meta":[],"product_brand":[],"product_cat":[165,292,420],"product_tag":[326,329,167,168,328,327,170,172,173],"class_list":{"0":"post-3520","1":"product","2":"type-product","3":"status-publish","4":"has-post-thumbnail","6":"product_cat-english-fr","7":"product_cat-french-fr","8":"product_cat-guides-insolites","9":"product_tag-editions-jonglez-fr-13","10":"product_tag-editions-jonglez-fr-14","11":"product_tag-jonglez-fr","12":"product_tag-jonglez-publishing-fr","13":"product_tag-londres-bars-et-restos","14":"product_tag-londres-insolite","15":"product_tag-secret-guides-fr","16":"product_tag-secret-travel-guides-fr","17":"product_tag-travel-guides-fr","19":"first","20":"instock","21":"shipping-taxable","22":"product-type-simple"},"aioseo_notices":[],"_links":{"self":[{"href":"https:\/\/jonglezpublishing.com\/fr\/wp-json\/wp\/v2\/product\/3520","targetHints":{"allow":["GET"]}}],"collection":[{"href":"https:\/\/jonglezpublishing.com\/fr\/wp-json\/wp\/v2\/product"}],"about":[{"href":"https:\/\/jonglezpublishing.com\/fr\/wp-json\/wp\/v2\/types\/product"}],"wp:featuredmedia":[{"embeddable":true,"href":"https:\/\/jonglezpublishing.com\/fr\/wp-json\/wp\/v2\/media\/12514"}],"wp:attachment":[{"href":"https:\/\/jonglezpublishing.com\/fr\/wp-json\/wp\/v2\/media?parent=3520"}],"wp:term":[{"taxonomy":"product_brand","embeddable":true,"href":"https:\/\/jonglezpublishing.com\/fr\/wp-json\/wp\/v2\/product_brand?post=3520"},{"taxonomy":"product_cat","embeddable":true,"href":"https:\/\/jonglezpublishing.com\/fr\/wp-json\/wp\/v2\/product_cat?post=3520"},{"taxonomy":"product_tag","embeddable":true,"href":"https:\/\/jonglezpublishing.com\/fr\/wp-json\/wp\/v2\/product_tag?post=3520"}],"curies":[{"name":"wp","href":"https:\/\/api.w.org\/{rel}","templated":true}]}}