{"id":3531,"date":"2019-03-04T13:24:01","date_gmt":"2019-03-04T11:24:01","guid":{"rendered":"https:\/\/jonglez.timeforcoffee.gr\/product\/madrid-insolite-et-secrete\/"},"modified":"2025-03-26T14:38:13","modified_gmt":"2025-03-26T12:38:13","slug":"madrid-insolite-et-secrete","status":"publish","type":"product","link":"https:\/\/jonglezpublishing.com\/fr\/produit\/madrid-insolite-et-secrete\/","title":{"rendered":"MADRID INSOLITE ET SECR\u00c8TE"},"content":{"rendered":"<p>Une tour qui flotte sur l\u2019eau, un morceau de la Lune \u00e0 Madrid, le premier pont pi\u00e9tonnier 3D au monde, une \u00e9glise de style brutaliste, une station d\u2019essence qui semble sortir d\u2019un film de science-fiction, le tunnel inconnu de Bonaparte, l\u2019un des r\u00e9servoirs d\u2019eau les plus originaux d\u2019Europe, la chapelle la plus haute du monde, le roi qui a fait de Madrid la capitale de l\u2019Arm\u00e9nie, l\u2019odeur de pomme qui se d\u00e9gage du corps intact de Mariana de Jes\u00fas, des symboles ma\u00e7onniques dans l\u2019Ath\u00e9n\u00e9e et le Couloir vert&#8230;<\/p>\n<p>Loin des foules et des clich\u00e9s habituels, Madrid garde encore des tr\u00e9sors bien cach\u00e9s qu\u2019elle ne r\u00e9v\u00e8le qu\u2019aux habitants et aux voyageurs qui savent s\u2019aventurer hors des sentiers battus.<\/p>\n<p>Un guide indispensable pour ceux qui pensaient bien conna\u00eetre Madrid ou pour ceux qui souhaitent d\u00e9couvrir l\u2019autre\u00a0 visage de la ville.<\/p>\n<p>&nbsp;<\/p>\n<p style=\"text-align: center;\">*Le guide a remport\u00e9 la <strong>m\u00e9daille de bronze<\/strong> \u00e0 l\u2019Independent Publisher Award aux USA*<\/p>\n<p>&nbsp;<\/p>\n<p><b>AUTEURS\u00a0<\/b>: Ver\u00f3nica Ram\u00edrez Muro &amp;\u00a0Mario Utrilla Trinidad<br \/>\n<b>PAGES <\/b>: 336<br \/>\n<b>FORMAT <\/b>: 10.5 x 19 cm<br \/>\n<b>ISBN <\/b>: 978-2-36195-755-1<br \/>\n<b>PRIX <\/b>: 18,95 \u20ac<br \/>\n<b>CONTACT <\/b>: <a href=\"mailto:info@editionsjonglez.com\">info@editionsjonglez.com<\/a><\/p>\n<div class=\"buttons_cont\">\n<div class=\"button_cont\" align=\"center\"><a class=\"gv_product_btn\" href=\"https:\/\/jonglezpublishing.com\/wp-content\/uploads\/2019\/03\/NEW_couv_Madrid_FR_RVB-scaled.jpg\" target=\"_blank\" rel=\"noopener\">T\u00e9l\u00e9charger la couverture<\/a><\/div>\n<div class=\"button_cont\" align=\"center\"><a class=\"gv_product_btn\" href=\"https:\/\/jonglezpublishing.com\/wp-content\/uploads\/2025\/03\/Extrait-Madrid_FR.pdf\" target=\"_blank\" rel=\"noopener\">Consulter le PDF<\/a><\/div>\n<div class=\"button_cont\" align=\"center\"><a class=\"gv_product_btn\" href=\"https:\/\/www.amazon.com\/Madrid-insolite-secr%C3%A8te-V%C3%A9ronica-Ramirez\/dp\/2361952440\" target=\"_blank\" rel=\"noopener\">Acheter en ligne<\/a><\/div>\n<\/div>\n","protected":false},"excerpt":{"rendered":"<p>Une tour qui flotte sur l\u2019eau, un morceau de la Lune \u00e0 Madrid, le premier pont pi\u00e9tonnier 3D au monde,<\/p>\n","protected":false},"featured_media":13587,"template":"","meta":[],"product_brand":[],"product_cat":[165,292,420,288],"product_tag":[294,330,167,168,331,170,172,173],"class_list":{"0":"post-3531","1":"product","2":"type-product","3":"status-publish","4":"has-post-thumbnail","6":"product_cat-english-fr","7":"product_cat-french-fr","8":"product_cat-guides-insolites","9":"product_cat-spanish-fr","10":"product_tag-editions-jonglez-fr-2","11":"product_tag-editions-jonglez-fr-15","12":"product_tag-jonglez-fr","13":"product_tag-jonglez-publishing-fr","14":"product_tag-madrid-insolite","15":"product_tag-secret-guides-fr","16":"product_tag-secret-travel-guides-fr","17":"product_tag-travel-guides-fr","19":"first","20":"instock","21":"shipping-taxable","22":"product-type-simple"},"aioseo_notices":[],"_links":{"self":[{"href":"https:\/\/jonglezpublishing.com\/fr\/wp-json\/wp\/v2\/product\/3531","targetHints":{"allow":["GET"]}}],"collection":[{"href":"https:\/\/jonglezpublishing.com\/fr\/wp-json\/wp\/v2\/product"}],"about":[{"href":"https:\/\/jonglezpublishing.com\/fr\/wp-json\/wp\/v2\/types\/product"}],"wp:featuredmedia":[{"embeddable":true,"href":"https:\/\/jonglezpublishing.com\/fr\/wp-json\/wp\/v2\/media\/13587"}],"wp:attachment":[{"href":"https:\/\/jonglezpublishing.com\/fr\/wp-json\/wp\/v2\/media?parent=3531"}],"wp:term":[{"taxonomy":"product_brand","embeddable":true,"href":"https:\/\/jonglezpublishing.com\/fr\/wp-json\/wp\/v2\/product_brand?post=3531"},{"taxonomy":"product_cat","embeddable":true,"href":"https:\/\/jonglezpublishing.com\/fr\/wp-json\/wp\/v2\/product_cat?post=3531"},{"taxonomy":"product_tag","embeddable":true,"href":"https:\/\/jonglezpublishing.com\/fr\/wp-json\/wp\/v2\/product_tag?post=3531"}],"curies":[{"name":"wp","href":"https:\/\/api.w.org\/{rel}","templated":true}]}}