{"id":3543,"date":"2019-03-04T13:30:58","date_gmt":"2019-03-04T11:30:58","guid":{"rendered":"https:\/\/jonglez.timeforcoffee.gr\/product\/mexico-city-insolite-et-secrete\/"},"modified":"2020-07-08T18:34:00","modified_gmt":"2020-07-08T15:34:00","slug":"mexico-city-insolite-et-secrete","status":"publish","type":"product","link":"https:\/\/jonglezpublishing.com\/fr\/produit\/mexico-city-insolite-et-secrete\/","title":{"rendered":"MEXICO CITY INSOLITE ET SECR\u00c8TE"},"content":{"rendered":"<p>Le caf\u00e9 oubli\u00e9 o\u00f9 se r\u00e9unissaient Fidel Castro et Che Guevara, un hommage aux fant\u00f4mes de la ville, un mammouth dans le m\u00e9tro, une grotte convertie en sanctuaire, des mosa\u00efques de 1930 dans un parking souterrain, un retable baroque cach\u00e9 et fabriqu\u00e9 en\u00a0papier m\u00e2ch\u00e9, un village cr\u00e9\u00e9 selon les principes de<em> L\u2019Utopie <\/em>de Thomas More, des bijoux de l\u2019art vice-royal dans des chambres secr\u00e8tes qui ouvrent deux heures par semaine, un \u00e9difice en pierre volcanique avec une peinture murale sur la guerre nucl\u00e9aire, les plus grands jardins suspendus d\u2019Am\u00e9rique latine, la photo qui servit de mod\u00e8le pour la statuette de l\u2019Oscar am\u00e9ricain, la premi\u00e8re fa\u00e7ade du monde con\u00e7ue pour \u00ab absorber \u00bb le nuage de pollution de la ville, une citrouille permettant de prier pendant\u00a0qu\u2019on se prom\u00e8ne avec, un joyau artistique dans le sous-sol d\u2019une station de tramway, une fabrique d\u2019armes de la Seconde Guerre mondiale convertie en oeuvre d\u2019art, le souvenir de Pancho Villa lorsqu\u2019il retarda une bataille jusqu\u2019\u00e0 ce que les journalistes arrivent, une peinture murale spectaculaire cach\u00e9e au sein du Syndicat mexicain des \u00e9lectriciens, un mus\u00e9e dans un asile qui h\u00e9berge un kyste ovarien momifi\u00e9, des pi\u00e8ces arch\u00e9ologiques que\u00a0l\u2019on peut toucher en toute impunit\u00e9\u2026<\/p>\n<p>Loin de la foule et des clich\u00e9s habituels, Mexico City h\u00e9berge des tr\u00e9sors bien cach\u00e9s connus uniquement des habitants et des voyageurs qui savent sortir des sentiers battus.<\/p>\n<p>Un guide indispensable pour ceux qui pensaient bien conna\u00eetre Mexico City ou pour ceux qui souhaitent d\u00e9couvrir une autre facette de la ville.<\/p>\n<p>&nbsp;<\/p>\n<p><b>AUTEUR <\/b>: Mario Y\u00e1ir T.S.<span class=\"Apple-converted-space\"><br \/>\n<\/span><b>PAGES <\/b>: 400<br \/>\n<b>FORMAT <\/b>: 10.5 x 19 cm<br \/>\n<b>ISBN <\/b>: <span data-sheets-value=\"{&quot;1&quot;:2,&quot;2&quot;:&quot;978-2-36195-449-9&quot;}\" data-sheets-userformat=\"{&quot;2&quot;:12865,&quot;3&quot;:{&quot;1&quot;:0},&quot;9&quot;:1,&quot;12&quot;:0,&quot;15&quot;:&quot;Cambria&quot;,&quot;16&quot;:11}\">978-2-36195-449-9<\/span><br \/>\n<b>PRIX <\/b>: 19,95 \u20ac<br \/>\n<b>CONTACT <\/b>: <a href=\"mailto: infos@editionsjonglez.com\">infos@editionsjonglez.com<\/a><\/p>\n<div class=\"buttons_cont\">\n<div class=\"button_cont\" align=\"center\"><a class=\"gv_product_btn\" href=\"https:\/\/jonglezpublishing.com\/wp-content\/uploads\/2019\/03\/couv_mexico_FR-1.jpg\" target=\"_blank\" rel=\"noopener noreferrer\">T\u00e9l\u00e9charger la couverture<\/a><\/div>\n<div class=\"button_cont\" align=\"center\"><a class=\"gv_product_btn\" href=\"https:\/\/jonglezpublishing.com\/wp-content\/uploads\/2019\/03\/mexico_FR.pdf\" target=\"_blank\" rel=\"noopener noreferrer\">Consulter le PDF<\/a><\/div>\n<div class=\"button_cont\" align=\"center\"><a class=\"gv_product_btn\" href=\"https:\/\/livre.fnac.com\/a14373211\/Mario-Yair-T-S-Mexico-City-insolite-et-secrete#omnsearchpos=1\" target=\"_blank\" rel=\"noopener noreferrer\">Acheter en ligne<\/a><\/div>\n<\/div>\n","protected":false},"excerpt":{"rendered":"<p>Le caf\u00e9 oubli\u00e9 o\u00f9 se r\u00e9unissaient Fidel Castro et Che Guevara, un hommage aux fant\u00f4mes de la ville, un mammouth<\/p>\n","protected":false},"featured_media":8495,"template":"","meta":[],"product_brand":[],"product_cat":[165,292,420,288],"product_tag":[333,167,168,332,334,170,172,173],"class_list":{"0":"post-3543","1":"product","2":"type-product","3":"status-publish","4":"has-post-thumbnail","6":"product_cat-english-fr","7":"product_cat-french-fr","8":"product_cat-guides-insolites","9":"product_cat-spanish-fr","10":"product_tag-editions-jonglez-fr-16","11":"product_tag-jonglez-fr","12":"product_tag-jonglez-publishing-fr","13":"product_tag-mexico-city-fr","14":"product_tag-mexico-city-insolite","15":"product_tag-secret-guides-fr","16":"product_tag-secret-travel-guides-fr","17":"product_tag-travel-guides-fr","19":"first","20":"instock","21":"shipping-taxable","22":"product-type-simple"},"aioseo_notices":[],"_links":{"self":[{"href":"https:\/\/jonglezpublishing.com\/fr\/wp-json\/wp\/v2\/product\/3543","targetHints":{"allow":["GET"]}}],"collection":[{"href":"https:\/\/jonglezpublishing.com\/fr\/wp-json\/wp\/v2\/product"}],"about":[{"href":"https:\/\/jonglezpublishing.com\/fr\/wp-json\/wp\/v2\/types\/product"}],"wp:featuredmedia":[{"embeddable":true,"href":"https:\/\/jonglezpublishing.com\/fr\/wp-json\/wp\/v2\/media\/8495"}],"wp:attachment":[{"href":"https:\/\/jonglezpublishing.com\/fr\/wp-json\/wp\/v2\/media?parent=3543"}],"wp:term":[{"taxonomy":"product_brand","embeddable":true,"href":"https:\/\/jonglezpublishing.com\/fr\/wp-json\/wp\/v2\/product_brand?post=3543"},{"taxonomy":"product_cat","embeddable":true,"href":"https:\/\/jonglezpublishing.com\/fr\/wp-json\/wp\/v2\/product_cat?post=3543"},{"taxonomy":"product_tag","embeddable":true,"href":"https:\/\/jonglezpublishing.com\/fr\/wp-json\/wp\/v2\/product_tag?post=3543"}],"curies":[{"name":"wp","href":"https:\/\/api.w.org\/{rel}","templated":true}]}}