{"id":3558,"date":"2019-03-04T16:34:21","date_gmt":"2019-03-04T14:34:21","guid":{"rendered":"https:\/\/jonglez.timeforcoffee.gr\/product\/3558\/"},"modified":"2025-05-27T12:34:46","modified_gmt":"2025-05-27T09:34:46","slug":"milan-insolite-et-secrete","status":"publish","type":"product","link":"https:\/\/jonglezpublishing.com\/fr\/produit\/milan-insolite-et-secrete\/","title":{"rendered":"MILAN INSOLITE ET SECR\u00c8TE"},"content":{"rendered":"<p>D\u00e9couvrez une \u00e9cluse con\u00e7ue par L\u00e9onard de Vinci et les secrets de la c\u00e9l\u00e8bre C\u00e8ne, rep\u00e9rez le bunker cach\u00e9 de Mussolini, d\u00e9couvrez une \u00e9glise en forme de navire, visitez des maisons d\u2019artistes habituellement ferm\u00e9es au public et des collections priv\u00e9es exceptionnelles, admirez la sculpture d\u2019une jeune fille qui se rase le pubis, cherchez les boxeurs sculpt\u00e9s sur le toit de la cath\u00e9drale&#8230;<\/p>\n<p>Loin des foules et des clich\u00e9s habituels, Milan est de fa\u00e7on m\u00e9connue l\u2019une des villes italiennes qui poss\u00e8de le patrimoine culturel le plus important de la p\u00e9ninsule.<\/p>\n<p>Elle ne r\u00e9v\u00e8le en revanche ses tr\u00e9sors cach\u00e9s qu\u2019aux habitants et aux voyageurs qui savent sortir des sentiers battus. Un guide indispensable pour ceux qui pensaient bien conna\u00eetre Milan ou pour ceux qui souhaitent d\u00e9couvrir l\u2019autre visage de la ville.<\/p>\n<p><b>AUTEUR <\/b>: Massimo Polidoro<br \/>\n<b>PAGES <\/b>: 400<br \/>\n<b>FORMAT <\/b>: 10.5 x 19 cm<br \/>\n<b>ISBN <\/b>: 978-2-36195-885-5<br \/>\n<b>PRIX <\/b>: 19,95 \u20ac<br \/>\n<b>CONTACT <\/b>: <a href=\"mailto:infos@editionsjonglez.com\">info@editionsjonglez.com<\/a><\/p>\n<div class=\"buttons_cont\">\n<div class=\"button_cont\" align=\"center\">\n<div class=\"button_cont\" align=\"center\"><a class=\"gv_product_btn\" href=\"https:\/\/jonglezpublishing.com\/wp-content\/uploads\/2019\/03\/FrontCover_Milano_FR_2025-scaled.jpg\" target=\"_blank\" rel=\"noopener\">T\u00e9l\u00e9charger la couverture<\/a><\/div>\n<div class=\"button_cont\" align=\"center\"><a class=\"gv_product_btn\" href=\"https:\/\/jonglezpublishing.com\/wp-content\/uploads\/2025\/05\/Extract_FR.pdf\" target=\"_blank\" rel=\"noopener\">Consulter le PDF<\/a><\/div>\n<div class=\"button_cont\" align=\"center\"><a class=\"gv_product_btn\" href=\"https:\/\/www.amazon.fr\/-\/en\/Massimo-Polidoro\/dp\/2361951819\/ref=sr_1_1?crid=3EPY8WI3SZ9OL&amp;dib=eyJ2IjoiMSJ9.3ZDWzXFWCGqk2DLh5CgVsHmwCw9BEiO6OVlTVxYw3kE8cVEDTeGDe0Q84ed63tQXAU0k7NedmYGw9cNQGwxz-6Rk0qqgbMsbW0rg88jn7JU.clukyByy-R1wJ8VP3XH5LxGhvxON9eDCc6JASUuipus&amp;dib_tag=se&amp;keywords=MILAN+INSOLITE+ET+SECR%C3%88TE&amp;qid=1748338293&amp;sprefix=milan+insolite+et+secr%C3%A8te%2Caps%2C874&amp;sr=8-1\" target=\"_blank\" rel=\"noopener\">Acheter en ligne<\/a><\/div>\n<\/div>\n<\/div>\n","protected":false},"excerpt":{"rendered":"<p>D\u00e9couvrez une \u00e9cluse con\u00e7ue par L\u00e9onard de Vinci et les secrets de la c\u00e9l\u00e8bre C\u00e8ne, rep\u00e9rez le bunker cach\u00e9 de<\/p>\n","protected":false},"featured_media":13893,"template":"","meta":[],"product_brand":[],"product_cat":[165,292,420,287,288],"product_tag":[335,305,167,168,336,170,172,173],"class_list":{"0":"post-3558","1":"product","2":"type-product","3":"status-publish","4":"has-post-thumbnail","6":"product_cat-english-fr","7":"product_cat-french-fr","8":"product_cat-guides-insolites","9":"product_cat-italian-fr","10":"product_cat-spanish-fr","11":"product_tag-editions-jonglez-fr-17","12":"product_tag-jonglez-fr-2","13":"product_tag-jonglez-fr","14":"product_tag-jonglez-publishing-fr","15":"product_tag-milan-insolite","16":"product_tag-secret-guides-fr","17":"product_tag-secret-travel-guides-fr","18":"product_tag-travel-guides-fr","20":"first","21":"instock","22":"shipping-taxable","23":"product-type-simple"},"aioseo_notices":[],"_links":{"self":[{"href":"https:\/\/jonglezpublishing.com\/fr\/wp-json\/wp\/v2\/product\/3558","targetHints":{"allow":["GET"]}}],"collection":[{"href":"https:\/\/jonglezpublishing.com\/fr\/wp-json\/wp\/v2\/product"}],"about":[{"href":"https:\/\/jonglezpublishing.com\/fr\/wp-json\/wp\/v2\/types\/product"}],"wp:featuredmedia":[{"embeddable":true,"href":"https:\/\/jonglezpublishing.com\/fr\/wp-json\/wp\/v2\/media\/13893"}],"wp:attachment":[{"href":"https:\/\/jonglezpublishing.com\/fr\/wp-json\/wp\/v2\/media?parent=3558"}],"wp:term":[{"taxonomy":"product_brand","embeddable":true,"href":"https:\/\/jonglezpublishing.com\/fr\/wp-json\/wp\/v2\/product_brand?post=3558"},{"taxonomy":"product_cat","embeddable":true,"href":"https:\/\/jonglezpublishing.com\/fr\/wp-json\/wp\/v2\/product_cat?post=3558"},{"taxonomy":"product_tag","embeddable":true,"href":"https:\/\/jonglezpublishing.com\/fr\/wp-json\/wp\/v2\/product_tag?post=3558"}],"curies":[{"name":"wp","href":"https:\/\/api.w.org\/{rel}","templated":true}]}}