{"id":3574,"date":"2019-03-04T15:08:48","date_gmt":"2019-03-04T13:08:48","guid":{"rendered":"https:\/\/jonglez.timeforcoffee.gr\/product\/montreal-insolite-et-secrete\/"},"modified":"2024-06-10T08:49:48","modified_gmt":"2024-06-10T05:49:48","slug":"montreal-insolite-et-secrete","status":"publish","type":"product","link":"https:\/\/jonglezpublishing.com\/fr\/produit\/montreal-insolite-et-secrete\/","title":{"rendered":"MONTR\u00c9AL INSOLITE ET SECR\u00c8TE"},"content":{"rendered":"<p><span lang=\"FR\">Une oasis secr\u00e8te au c\u0153ur de Saint-Henri, un ancien passage pour les Jeux olympiques de 1976 transform\u00e9 en une piste mythique de skate board, un pique-nique d\u2019exception, un potager sur le toit du Palais des Congr\u00e8s, les vestiges de la deuxi\u00e8me \u00e9glise de la Place d\u2019Armes, la chambre o\u00f9 John Lennon fit une conf\u00e9rence de presse dans son lit, un portrait de Mussolini \u00e0 Little Italy, le seul temple caoda\u00efste du Canada, un monument \u00e0 l\u2019homme le plus fort du monde, une bouteille de lait g\u00e9ante, une station-service construite par le c\u00e9l\u00e8bre architecte Mies Van der Rohe\u2026<\/span><\/p>\n<p>Loin des foules et des clich\u00e9s habituels, Montr\u00e9al ne\u00a0r\u00e9v\u00e8le ses tr\u00e9sors cach\u00e9s qu\u2019aux r\u00e9sidents et aux voyageurs qui\u00a0savent sortir des sentiers battus.<\/p>\n<p>Un guide indispensable pour ceux qui pensaient bien\u00a0conna\u00eetre Montr\u00e9al ou pour ceux qui souhaitent d\u00e9couvrir\u00a0l\u2019autre visage de la ville.<\/p>\n<p>&nbsp;<\/p>\n<p><b>AUTEUR <\/b>: Philippe Renault<br \/>\n<b>PAGES <\/b>: 288<br \/>\n<b>FORMAT <\/b>: 10.5 x 19 cm<br \/>\n<b>ISBN <\/b>: 978-2-36195-790-2<br \/>\n<b>PRIX <\/b>: 1 8 , 9 5 \u20ac &#8211; 2 1 . 9 5 U S $<br \/>\n<b>CONTACT <\/b>: <a href=\"mailto:info@editionsjonglez.com\">info@editionsjonglez.com<\/a><\/p>\n<div class=\"buttons_cont\">\n<div class=\"button_cont\" align=\"center\"><a class=\"gv_product_btn\" href=\"https:\/\/jonglezpublishing.com\/wp-content\/uploads\/2024\/06\/NEW_couv_Montreal_RVB-scaled.jpg\" target=\"_blank\" rel=\"noopener\">T\u00e9l\u00e9charger la couverture<\/a><\/div>\n<div class=\"button_cont\" align=\"center\"><a class=\"gv_product_btn\" href=\"https:\/\/jonglezpublishing.com\/wp-content\/uploads\/2024\/06\/Extrait-Montreal_FR.pdf\" target=\"_blank\" rel=\"noopener\">Consulter le PDF<\/a><\/div>\n<div class=\"button_cont\" align=\"center\"><a class=\"gv_product_btn\" href=\"https:\/\/www.fnac.com\/a19912810\/Philippe-Renault-Montreal-insolite-et-secrete\" target=\"_blank\" rel=\"noopener\">Acheter en ligne<\/a><\/div>\n<\/div>\n","protected":false},"excerpt":{"rendered":"<p>Une oasis secr\u00e8te au c\u0153ur de Saint-Henri, un ancien passage pour les Jeux olympiques de 1976 transform\u00e9 en une piste<\/p>\n","protected":false},"featured_media":12753,"template":"","meta":[],"product_brand":[],"product_cat":[165,292,420],"product_tag":[338,167,168,337,170,172,173],"class_list":{"0":"post-3574","1":"product","2":"type-product","3":"status-publish","4":"has-post-thumbnail","6":"product_cat-english-fr","7":"product_cat-french-fr","8":"product_cat-guides-insolites","9":"product_tag-editions-jonglez-fr-18","10":"product_tag-jonglez-fr","11":"product_tag-jonglez-publishing-fr","12":"product_tag-montreal-insolite","13":"product_tag-secret-guides-fr","14":"product_tag-secret-travel-guides-fr","15":"product_tag-travel-guides-fr","17":"first","18":"instock","19":"shipping-taxable","20":"product-type-simple"},"aioseo_notices":[],"_links":{"self":[{"href":"https:\/\/jonglezpublishing.com\/fr\/wp-json\/wp\/v2\/product\/3574","targetHints":{"allow":["GET"]}}],"collection":[{"href":"https:\/\/jonglezpublishing.com\/fr\/wp-json\/wp\/v2\/product"}],"about":[{"href":"https:\/\/jonglezpublishing.com\/fr\/wp-json\/wp\/v2\/types\/product"}],"wp:featuredmedia":[{"embeddable":true,"href":"https:\/\/jonglezpublishing.com\/fr\/wp-json\/wp\/v2\/media\/12753"}],"wp:attachment":[{"href":"https:\/\/jonglezpublishing.com\/fr\/wp-json\/wp\/v2\/media?parent=3574"}],"wp:term":[{"taxonomy":"product_brand","embeddable":true,"href":"https:\/\/jonglezpublishing.com\/fr\/wp-json\/wp\/v2\/product_brand?post=3574"},{"taxonomy":"product_cat","embeddable":true,"href":"https:\/\/jonglezpublishing.com\/fr\/wp-json\/wp\/v2\/product_cat?post=3574"},{"taxonomy":"product_tag","embeddable":true,"href":"https:\/\/jonglezpublishing.com\/fr\/wp-json\/wp\/v2\/product_tag?post=3574"}],"curies":[{"name":"wp","href":"https:\/\/api.w.org\/{rel}","templated":true}]}}