{"id":3590,"date":"2019-03-04T13:37:53","date_gmt":"2019-03-04T11:37:53","guid":{"rendered":"https:\/\/jonglez.timeforcoffee.gr\/product\/naples-%e2%80%a8insolite-et-secrete\/"},"modified":"2023-07-05T17:34:18","modified_gmt":"2023-07-05T14:34:18","slug":"naples-%e2%80%a8insolite-et-secrete","status":"publish","type":"product","link":"https:\/\/jonglezpublishing.com\/fr\/produit\/naples-%e2%80%a8insolite-et-secrete\/","title":{"rendered":"NAPLES INSOLITE ET SECR\u00c8TE"},"content":{"rendered":"<div>\n<p>Un merveilleux th\u00e9\u00e2tre priv\u00e9, le plus petit \u00ab mus\u00e9e de\u00a0typographie \u00bb du monde, les d\u00e9p\u00f4ts secrets du Mus\u00e9e arch\u00e9ologique national, le four \u00e0 Capodimonte o\u00f9 a \u00e9t\u00e9\u00a0cuisin\u00e9e la premi\u00e8re pizza Margherita, un cr\u00e2ne \u00ab avec les oreilles \u00bb, le palais somptueux d\u2019o\u00f9 Garibaldi salua la foule,\u00a0une communaut\u00e9 de fr\u00e8res qui, depuis 1976, a v\u00e9cu dans des\u00a0vieux wagons de chemin de fer, un incroyable escalier cach\u00e9\u00a0dans un ancien b\u00e2timent, des biblioth\u00e8ques extraordinaires\u00a0inconnues m\u00eame des Napolitains, les vestiges d\u2019une vieille\u00a0maison de prostitution, un hypog\u00e9e hell\u00e9nistique unique au\u00a0monde, une Vespa de guerre avec son canon, des collections\u00a0priv\u00e9es rares et pr\u00e9cieuses, une tour grecque dans un th\u00e9\u00e2tre,\u00a0une horloge tout \u00e0 fait unique qui mesure l\u2019\u00e9quation du\u00a0temps, l\u2019escalier d\u2019un palais enti\u00e8rement creus\u00e9 dans le tuf,\u00a0une travers\u00e9e en radeau 20 m\u00e8tres au-dessous de la ville&#8230;<\/p>\n<p>Loin des foules et des clich\u00e9s habituels, Naples garde encore\u00a0des tr\u00e9sors bien cach\u00e9s qu\u2019elle ne r\u00e9v\u00e8le qu\u2019aux habitants et\u00a0aux voyageurs qui savent sortir des sentiers battus.<\/p>\n<p>Un guide indispensable pour ceux qui pensaient bien\u00a0conna\u00eetre Naples ou pour ceux qui souhaitent d\u00e9couvrir\u00a0l\u2019autre visage de la ville.<\/p>\n<p>&nbsp;<\/p>\n<p><em>\u00ab La qualit\u00e9 principale de Naples insolite et secr\u00e8te est que ce guide d\u00e9voile des aspects de la ville qui sont sous nos yeux mais\u00a0 que nous ne remarquons pas. \u00bb\u00a0<\/em>\u2014\u00a0Eleonora Puntillo, Corriere del Mezzogiorno, Corriere della Sera<\/p>\n<p><em>\u00ab Tout ce que vous avez toujours voulu savoir sur Naples se trouve dans ce guide. \u00bb \u2014\u00a0<\/em>Ugo Cundari, Il Mattino<\/p>\n<p>\u00ab <em>Esprits, sorci\u00e8res, ossuaires, statues et momies \u2013 autant d\u2019itin\u00e9raires urbains qui sortent de l\u2019ordinaire.<\/em> \u00bb \u2014\u00a0Gianni Valentino, La Repubblica, Napoli<\/p>\n<\/div>\n<p>&nbsp;<\/p>\n<p><b>AUTEURS <\/b>: Valerio Ceva Grimaldi &amp;\u00a0Maria Franchini<br \/>\n<b>PAGES : <\/b>432<br \/>\n<b>FORMAT <\/b>: 10.5 x 19 cm<br \/>\n<b>ISBN <\/b>: 978-2-36195-634-9<br \/>\n<b>PRIX <\/b>: 19,95 \u20ac<br \/>\n<b>CONTACT <\/b>: <a href=\"mailto:info@editionsjonglez.com\">infos@editionsjonglez.com<\/a><\/p>\n<p>&nbsp;<\/p>\n<div class=\"buttons_cont\">\n<div class=\"button_cont\" align=\"center\"><a class=\"gv_product_btn\" href=\"https:\/\/jonglezpublishing.com\/wp-content\/uploads\/2019\/03\/FrontCover-NAPOLI_FR_2023-scaled.jpg\" target=\"_blank\" rel=\"noopener\">T\u00e9l\u00e9charger la couverture<\/a><\/div>\n<div class=\"button_cont\" align=\"center\"><a class=\"gv_product_btn\" href=\"https:\/\/jonglezpublishing.com\/wp-content\/uploads\/2023\/07\/Preview-Napoli_FR_2023.pdf\" target=\"_blank\" rel=\"noopener\">Consulter le PDF<\/a><\/div>\n<div class=\"button_cont\" align=\"center\"><a class=\"gv_product_btn\" href=\"https:\/\/www.fnac.com\/a17652673\/Valerio-Ceva-Grimaldi-Naples-insolite-et-secrete#omnsearchpos=1\" target=\"_blank\" rel=\"noopener\">Acheter en ligne<\/a><\/div>\n<\/div>\n","protected":false},"excerpt":{"rendered":"<p>Un merveilleux th\u00e9\u00e2tre priv\u00e9, le plus petit \u00ab mus\u00e9e de\u00a0typographie \u00bb du monde, les d\u00e9p\u00f4ts secrets du Mus\u00e9e arch\u00e9ologique national,<\/p>\n","protected":false},"featured_media":11260,"template":"","meta":[],"product_brand":[],"product_cat":[165,292,420,287],"product_tag":[302,339,167,305,168,340,170,172,173],"class_list":{"0":"post-3590","1":"product","2":"type-product","3":"status-publish","4":"has-post-thumbnail","6":"product_cat-english-fr","7":"product_cat-french-fr","8":"product_cat-guides-insolites","9":"product_cat-italian-fr","10":"product_tag-campanie-insolite","11":"product_tag-editions-jonglez-fr-19","12":"product_tag-jonglez-fr","13":"product_tag-jonglez-fr-2","14":"product_tag-jonglez-publishing-fr","15":"product_tag-naples-insolite","16":"product_tag-secret-guides-fr","17":"product_tag-secret-travel-guides-fr","18":"product_tag-travel-guides-fr","20":"first","21":"instock","22":"shipping-taxable","23":"product-type-simple"},"aioseo_notices":[],"_links":{"self":[{"href":"https:\/\/jonglezpublishing.com\/fr\/wp-json\/wp\/v2\/product\/3590","targetHints":{"allow":["GET"]}}],"collection":[{"href":"https:\/\/jonglezpublishing.com\/fr\/wp-json\/wp\/v2\/product"}],"about":[{"href":"https:\/\/jonglezpublishing.com\/fr\/wp-json\/wp\/v2\/types\/product"}],"wp:featuredmedia":[{"embeddable":true,"href":"https:\/\/jonglezpublishing.com\/fr\/wp-json\/wp\/v2\/media\/11260"}],"wp:attachment":[{"href":"https:\/\/jonglezpublishing.com\/fr\/wp-json\/wp\/v2\/media?parent=3590"}],"wp:term":[{"taxonomy":"product_brand","embeddable":true,"href":"https:\/\/jonglezpublishing.com\/fr\/wp-json\/wp\/v2\/product_brand?post=3590"},{"taxonomy":"product_cat","embeddable":true,"href":"https:\/\/jonglezpublishing.com\/fr\/wp-json\/wp\/v2\/product_cat?post=3590"},{"taxonomy":"product_tag","embeddable":true,"href":"https:\/\/jonglezpublishing.com\/fr\/wp-json\/wp\/v2\/product_tag?post=3590"}],"curies":[{"name":"wp","href":"https:\/\/api.w.org\/{rel}","templated":true}]}}