{"id":3601,"date":"2019-03-04T13:58:45","date_gmt":"2019-03-04T11:58:45","guid":{"rendered":"https:\/\/jonglez.timeforcoffee.gr\/product\/new-york-insolite-et-secrete\/"},"modified":"2023-01-20T15:19:06","modified_gmt":"2023-01-20T13:19:06","slug":"new-york-insolite-et-secrete","status":"publish","type":"product","link":"https:\/\/jonglezpublishing.com\/fr\/produit\/new-york-insolite-et-secrete\/","title":{"rendered":"NEW YORK INSOLITE ET SECR\u00c8TE"},"content":{"rendered":"<div>Admirez un pilier apocalyptique \u00e0 l\u2019entr\u00e9e d\u2019une \u00e9glise, d\u00e9tendez-vous dans des jardins clandestins, d\u00e9couvrez la version new-yorkaise de la Sagrada Familia, visitez un tunnel de m\u00e9tro secret, trouvez les impacts de balle \u00e0 l\u2019ext\u00e9rieur de la banque J.P. Morgan, observez les \u00e9toiles avec un t\u00e9lescope universitaire, retrouvez une statue de L\u00e9nine, faites voler votre jupe au m\u00eame endroit que Marilyn Monroe, explorez une pi\u00e8ce remplie de terre, d\u00e9couvrez un gigantesque palais v\u00e9nitien au-dessus d\u2019une ancienne \u00e9curie, visitez une \u00eele dont l\u2019ind\u00e9pendance fut proclam\u00e9e depuis un canot en 2004, localisez le \u00ab cochon \u00bb de la cath\u00e9drale St-Patrick, d\u00e9couvrez o\u00f9 est conserv\u00e9e la derni\u00e8re dent de Washington, faites b\u00e9nir votre v\u00e9lo, allez faire inspecter toute bizarrerie naturelle lors d\u2019une s\u00e9ance annuelle d\u2019identification professionnelle&#8230;<\/div>\n<div>\nLoin de la foule et des clich\u00e9s, New York r\u00e9serve toujours des surprises \u00e0 ceux qui savent sortir des sentiers battus.<\/div>\n<div>Un guide indispensable pour tous ceux qui pensaient conna\u00eetre New York ou qui souhaitent en d\u00e9couvrir un autre visage.<\/div>\n<p>&nbsp;<\/p>\n<p style=\"text-align: center;\">*<em><b>New York insolite et secr\u00e8te\u00a0<\/b>a re\u00e7u une mention honorable d\u00e9cern\u00e9e par le North American Travel Journalists Association (NATJA) Travel Media Awards Competition<br \/>\n&amp;<br \/>\nVainqueur de la cat\u00e9gorie Voyages des NYC Big Book Awards*<\/em><\/p>\n<p>&nbsp;<\/p>\n<p><b>AUTEUR\u00a0<\/b>: T. M. Rives<br \/>\n<b>PAGES : <\/b>432<br \/>\n<b>FORMAT <\/b>: 10.5 x 19 cm<br \/>\n<b>ISBN <\/b>: 978-2-36195-563-2<br \/>\n<b>PRIX <\/b>: <em>19,95 \u20ac<\/em><br \/>\n<b>CONTACT <\/b>: <a href=\"mailto:infos@editionsjonglez.com\">infos@editionsjonglez.com<\/a><\/p>\n<div class=\"buttons_cont\">\n<div class=\"button_cont\" align=\"center\"><a class=\"gv_product_btn\" href=\"https:\/\/jonglezpublishing.com\/wp-content\/uploads\/2019\/03\/Couv-NY-FR.jpg\" target=\"_blank\" rel=\"noopener\">T\u00e9l\u00e9charger la couverture<\/a><\/div>\n<div class=\"button_cont\" align=\"center\"><a class=\"gv_product_btn\" href=\"https:\/\/jonglezpublishing.com\/wp-content\/uploads\/2023\/01\/Extrait-New-York-insolite-et-secre\u2560Cte_FR.pdf\" target=\"_blank\" rel=\"noopener\">Consulter le PDF<\/a><\/div>\n<div class=\"button_cont\" align=\"center\"><a class=\"gv_product_btn\" href=\"https:\/\/livre.fnac.com\/a17449967\/T-M-Rives-New-York-insolite-et-secrete#omnsearchpos=1\" target=\"_blank\" rel=\"noopener\">Acheter en ligne<\/a><\/div>\n<\/div>\n","protected":false},"excerpt":{"rendered":"<p>Admirez un pilier apocalyptique \u00e0 l\u2019entr\u00e9e d\u2019une \u00e9glise, d\u00e9tendez-vous dans des jardins clandestins, d\u00e9couvrez la version new-yorkaise de la Sagrada<\/p>\n","protected":false},"featured_media":10711,"template":"","meta":[],"product_brand":[],"product_cat":[165,292,420,287,288],"product_tag":[167,168,169,341,170,171,172,173],"class_list":{"0":"post-3601","1":"product","2":"type-product","3":"status-publish","4":"has-post-thumbnail","6":"product_cat-english-fr","7":"product_cat-french-fr","8":"product_cat-guides-insolites","9":"product_cat-italian-fr","10":"product_cat-spanish-fr","11":"product_tag-jonglez-fr","12":"product_tag-jonglez-publishing-fr","13":"product_tag-new-york-fr","14":"product_tag-new-york-insolite","15":"product_tag-secret-guides-fr","16":"product_tag-secret-new-york-fr","17":"product_tag-secret-travel-guides-fr","18":"product_tag-travel-guides-fr","20":"first","21":"instock","22":"shipping-taxable","23":"product-type-simple"},"aioseo_notices":[],"_links":{"self":[{"href":"https:\/\/jonglezpublishing.com\/fr\/wp-json\/wp\/v2\/product\/3601","targetHints":{"allow":["GET"]}}],"collection":[{"href":"https:\/\/jonglezpublishing.com\/fr\/wp-json\/wp\/v2\/product"}],"about":[{"href":"https:\/\/jonglezpublishing.com\/fr\/wp-json\/wp\/v2\/types\/product"}],"wp:featuredmedia":[{"embeddable":true,"href":"https:\/\/jonglezpublishing.com\/fr\/wp-json\/wp\/v2\/media\/10711"}],"wp:attachment":[{"href":"https:\/\/jonglezpublishing.com\/fr\/wp-json\/wp\/v2\/media?parent=3601"}],"wp:term":[{"taxonomy":"product_brand","embeddable":true,"href":"https:\/\/jonglezpublishing.com\/fr\/wp-json\/wp\/v2\/product_brand?post=3601"},{"taxonomy":"product_cat","embeddable":true,"href":"https:\/\/jonglezpublishing.com\/fr\/wp-json\/wp\/v2\/product_cat?post=3601"},{"taxonomy":"product_tag","embeddable":true,"href":"https:\/\/jonglezpublishing.com\/fr\/wp-json\/wp\/v2\/product_tag?post=3601"}],"curies":[{"name":"wp","href":"https:\/\/api.w.org\/{rel}","templated":true}]}}