{"id":3644,"date":"2019-03-04T13:46:41","date_gmt":"2019-03-04T11:46:41","guid":{"rendered":"https:\/\/jonglez.timeforcoffee.gr\/product\/nouvelle-orleans-insolite-et-secrete\/"},"modified":"2023-01-20T16:10:24","modified_gmt":"2023-01-20T14:10:24","slug":"nouvelle-orleans-insolite-et-secrete","status":"publish","type":"product","link":"https:\/\/jonglezpublishing.com\/fr\/produit\/nouvelle-orleans-insolite-et-secrete\/","title":{"rendered":"LA NOUVELLE-ORL\u00c9ANS INSOLITE ET SECR\u00c8TE"},"content":{"rendered":"<div>La plus ancienne salle de jazz au monde encore en activit\u00e9, des maisons imitant l\u2019aspect des bateaux fluviaux, une m\u00e9t\u00e9orite sur un parcours de golf, une ruelle qui communique avec l\u2019au-del\u00e0 vaudou, une maison faite de 1200 cendriers de verre, la plaque comm\u00e9morative oubli\u00e9e de Lee Harvey Oswald, un mus\u00e9e consacr\u00e9 aux poup\u00e9es au deuxi\u00e8me \u00e9tage d\u2019une maison, la plus grande \u0153uvre sur toile au monde&#8230;<\/div>\n<div>\nLoin des foules et des clich\u00e9s habituels, La Nouvelle-Orl\u00e9ans garde encore des tr\u00e9sors bien cach\u00e9s qu\u2019elle ne r\u00e9v\u00e8le qu\u2019aux habitants et aux voyageurs qui savent sortir des sentiers battus.<\/div>\n<div>\nUn guide indispensable pour ceux qui pensaient bien conna\u00eetre La Nouvelle-Orl\u00e9ans, ou pour ceux qui souhaitent d\u00e9couvrir l\u2019autre visage de la ville.<\/div>\n<p>&nbsp;<\/p>\n<p style=\"text-align: center;\">*<em><b>Nouvelle Orl\u00e9ans insolite et secr\u00e8te\u00a0<\/b><\/em>a re\u00e7u la m\u00e9daille de bronze dans la cat\u00e9gorie Guide voyage d\u00e9cern\u00e9e par l\u2019Independent Publisher Book Award aux USA.*<\/p>\n<p>&nbsp;<\/p>\n<p><b>AUTEUR <\/b>: Chris Champagne<br \/>\n<b>PAGES <\/b>: 240<br \/>\n<b>FORMAT <\/b>: 10.5 x 19 cm<br \/>\n<b>ISBN <\/b>: 978-2-36195-631-8<br \/>\n<b>PRIX <\/b>: 18,95 \u20ac &#8211; US$ 19,95<br \/>\n<b>CONTACT <\/b>: <a href=\"mailto:infos@editionsjonglez.com\">infos@editionsjonglez.com<\/a><\/p>\n<div class=\"buttons_cont\">\n<div class=\"button_cont\" align=\"center\"><a class=\"gv_product_btn\" href=\"https:\/\/jonglezpublishing.com\/wp-content\/uploads\/2019\/03\/Couv_Nouvelle-Orle\u2560uans_FR.jpg\" target=\"_blank\" rel=\"noopener\">T\u00e9l\u00e9charger la couverture<\/a><\/div>\n<div class=\"button_cont\" align=\"center\"><a class=\"gv_product_btn\" href=\"https:\/\/jonglezpublishing.com\/wp-content\/uploads\/2023\/01\/Extrait-Nouvelle-Orle\u2560uans_FR.pdf\" target=\"_blank\" rel=\"noopener\">Consulter le PDF<\/a><\/div>\n<div class=\"button_cont\" align=\"center\"><a class=\"gv_product_btn\" href=\"https:\/\/livre.fnac.com\/a17449941\/Collectif-Nouvelle-Orleans-insolite-et-secrete#omnsearchpos=2\" target=\"_blank\" rel=\"noopener\">Acheter en ligne<\/a><\/div>\n<\/div>\n","protected":false},"excerpt":{"rendered":"<p>La plus ancienne salle de jazz au monde encore en activit\u00e9, des maisons imitant l\u2019aspect des bateaux fluviaux, une m\u00e9t\u00e9orite<\/p>\n","protected":false},"featured_media":10722,"template":"","meta":[],"product_brand":[],"product_cat":[165,292,420],"product_tag":[342,167,168,343,170,172,173],"class_list":{"0":"post-3644","1":"product","2":"type-product","3":"status-publish","4":"has-post-thumbnail","6":"product_cat-english-fr","7":"product_cat-french-fr","8":"product_cat-guides-insolites","9":"product_tag-editions-jonglez-fr-20","10":"product_tag-jonglez-fr","11":"product_tag-jonglez-publishing-fr","12":"product_tag-nouvelle-orleans","13":"product_tag-secret-guides-fr","14":"product_tag-secret-travel-guides-fr","15":"product_tag-travel-guides-fr","17":"first","18":"instock","19":"shipping-taxable","20":"product-type-simple"},"aioseo_notices":[],"_links":{"self":[{"href":"https:\/\/jonglezpublishing.com\/fr\/wp-json\/wp\/v2\/product\/3644","targetHints":{"allow":["GET"]}}],"collection":[{"href":"https:\/\/jonglezpublishing.com\/fr\/wp-json\/wp\/v2\/product"}],"about":[{"href":"https:\/\/jonglezpublishing.com\/fr\/wp-json\/wp\/v2\/types\/product"}],"wp:featuredmedia":[{"embeddable":true,"href":"https:\/\/jonglezpublishing.com\/fr\/wp-json\/wp\/v2\/media\/10722"}],"wp:attachment":[{"href":"https:\/\/jonglezpublishing.com\/fr\/wp-json\/wp\/v2\/media?parent=3644"}],"wp:term":[{"taxonomy":"product_brand","embeddable":true,"href":"https:\/\/jonglezpublishing.com\/fr\/wp-json\/wp\/v2\/product_brand?post=3644"},{"taxonomy":"product_cat","embeddable":true,"href":"https:\/\/jonglezpublishing.com\/fr\/wp-json\/wp\/v2\/product_cat?post=3644"},{"taxonomy":"product_tag","embeddable":true,"href":"https:\/\/jonglezpublishing.com\/fr\/wp-json\/wp\/v2\/product_tag?post=3644"}],"curies":[{"name":"wp","href":"https:\/\/api.w.org\/{rel}","templated":true}]}}